{"id":1534,"date":"2017-06-16T08:10:41","date_gmt":"2017-06-16T06:10:41","guid":{"rendered":"https:\/\/nezareisner.com\/?page_id=1534\/"},"modified":"2017-10-02T10:54:44","modified_gmt":"2017-10-02T08:54:44","slug":"politika-piskotkov","status":"publish","type":"page","link":"https:\/\/nezareisner.com\/sl\/politika-piskotkov\/","title":{"rendered":"Politika pi\u0161kotkov"},"content":{"rendered":"<p>Na\u0161a spletna stran uporablja pi\u0161kotke. To so majhne datoteke, ki jih ob obisku nalo\u017eimo na va\u0161 ra\u010dunalnik oziroma mobilno napravo. Tako lahko prepoznamo, ko se vrnete na spletno stran ter omogo\u010dimo njeno bolj\u0161e delovanje in uporabo. Pi\u0161kotki ne vsebujejo osebnih podatkov oziroma informacij, ki bi vas lahko identificirale. Pri va\u0161em prvem obisku na\u0161e spletne strani vas s pasico na zgornjem delu strani vpra\u0161amo za dovoljenje uporabe pi\u0161kotkov. \u010ce dovoljujete uporabo pi\u0161kotkov, kliknite na gumb \u00bbZapri obvestilo\u00ab na desni strani. Nastavitev si bomo zapomnili za naslednji obisk. Pi\u0161kotke lahko popolnoma izbri\u0161ete oziroma onemogo\u010dite z nastavitvami v va\u0161em brskalniku. Navodila se nahajajo v sekciji pomo\u010d va\u0161ega brskalnika. V primeru, da boste pi\u0161kotke popolnoma izklju\u010dili, vam morda kak\u0161na izmed funkcionalnosti na spletni strani ne bo delovala.<\/p>\n","protected":false},"excerpt":{"rendered":"<p>Na\u0161a spletna stran uporablja pi\u0161kotke. To so majhne datoteke, ki jih ob obisku nalo\u017eimo na va\u0161 ra\u010dunalnik oziroma mobilno napravo. Tako lahko prepoznamo, ko se vrnete na spletno stran ter omogo\u010dimo njeno bolj\u0161e delovanje in uporabo. Pi\u0161kotki ne vsebujejo osebnih podatkov oziroma informacij, ki bi vas lahko identificirale. Pri va\u0161em prvem obisku na\u0161e spletne strani [&hellip;]<\/p>\n","protected":false},"author":1,"featured_media":0,"parent":0,"menu_order":0,"comment_status":"closed","ping_status":"closed","template":"","meta":{"_monsterinsights_skip_tracking":false,"_monsterinsights_sitenote_active":false,"_monsterinsights_sitenote_note":"","_monsterinsights_sitenote_category":0},"yoast_head":"<!-- This site is optimized with the Yoast SEO plugin v16.5 - https:\/\/yoast.com\/wordpress\/plugins\/seo\/ -->\n<title>Politika pi\u0161kotkov - Poro\u010dna fotografija | Ne\u017ea Reisner<\/title>\n<meta name=\"robots\" content=\"index, follow, max-snippet:-1, max-image-preview:large, max-video-preview:-1\" \/>\n<link rel=\"canonical\" href=\"https:\/\/nezareisner.com\/sl\/politika-piskotkov\/\" \/>\n<meta property=\"og:locale\" content=\"sl_SI\" \/>\n<meta property=\"og:type\" content=\"article\" \/>\n<meta property=\"og:title\" content=\"Politika pi\u0161kotkov - Poro\u010dna fotografija | Ne\u017ea Reisner\" \/>\n<meta property=\"og:description\" content=\"Na\u0161a spletna stran uporablja pi\u0161kotke. To so majhne datoteke, ki jih ob obisku nalo\u017eimo na va\u0161 ra\u010dunalnik oziroma mobilno napravo. Tako lahko prepoznamo, ko se vrnete na spletno stran ter omogo\u010dimo njeno bolj\u0161e delovanje in uporabo. Pi\u0161kotki ne vsebujejo osebnih podatkov oziroma informacij, ki bi vas lahko identificirale. Pri va\u0161em prvem obisku na\u0161e spletne strani [&hellip;]\" \/>\n<meta property=\"og:url\" content=\"https:\/\/nezareisner.com\/sl\/politika-piskotkov\/\" \/>\n<meta property=\"og:site_name\" content=\"Poro\u010dna fotografija | Ne\u017ea Reisner\" \/>\n<meta property=\"article:publisher\" content=\"https:\/\/www.facebook.com\/nrfotografija\/\" \/>\n<meta property=\"article:modified_time\" content=\"2017-10-02T08:54:44+00:00\" \/>\n<meta name=\"twitter:card\" content=\"summary\" \/>\n<meta name=\"twitter:label1\" content=\"Est. reading time\" \/>\n\t<meta name=\"twitter:data1\" content=\"1 minuta\" \/>\n<script type=\"application\/ld+json\" class=\"yoast-schema-graph\">{\"@context\":\"https:\/\/schema.org\",\"@graph\":[{\"@type\":\"Organization\",\"@id\":\"https:\/\/nezareisner.com\/sl\/#organization\",\"name\":\"Ne\\u017ea Reisner Photography\",\"url\":\"https:\/\/nezareisner.com\/sl\/\",\"sameAs\":[\"https:\/\/www.facebook.com\/nrfotografija\/\",\"https:\/\/www.instagram.com\/nezareisnerphoto\/\"],\"logo\":{\"@type\":\"ImageObject\",\"@id\":\"https:\/\/nezareisner.com\/sl\/#logo\",\"inLanguage\":\"sl-SI\",\"url\":\"https:\/\/nezareisner.com\/wp-content\/uploads\/2017\/06\/logo-neza-reisner-1.png\",\"contentUrl\":\"https:\/\/nezareisner.com\/wp-content\/uploads\/2017\/06\/logo-neza-reisner-1.png\",\"width\":306,\"height\":306,\"caption\":\"Ne\\u017ea Reisner Photography\"},\"image\":{\"@id\":\"https:\/\/nezareisner.com\/sl\/#logo\"}},{\"@type\":\"WebSite\",\"@id\":\"https:\/\/nezareisner.com\/sl\/#website\",\"url\":\"https:\/\/nezareisner.com\/sl\/\",\"name\":\"Poro\\u010dna fotografija | Ne\\u017ea Reisner\",\"description\":\"Fotografiranje porok, novorojen\\u010dkov, dru\\u017ein, parov, zaro\\u010dna fotografija ...\",\"publisher\":{\"@id\":\"https:\/\/nezareisner.com\/sl\/#organization\"},\"potentialAction\":[{\"@type\":\"SearchAction\",\"target\":\"https:\/\/nezareisner.com\/sl\/?s={search_term_string}\",\"query-input\":\"required name=search_term_string\"}],\"inLanguage\":\"sl-SI\"},{\"@type\":\"WebPage\",\"@id\":\"https:\/\/nezareisner.com\/sl\/politika-piskotkov\/#webpage\",\"url\":\"https:\/\/nezareisner.com\/sl\/politika-piskotkov\/\",\"name\":\"Politika pi\\u0161kotkov - Poro\\u010dna fotografija | Ne\\u017ea Reisner\",\"isPartOf\":{\"@id\":\"https:\/\/nezareisner.com\/sl\/#website\"},\"datePublished\":\"2017-06-16T06:10:41+00:00\",\"dateModified\":\"2017-10-02T08:54:44+00:00\",\"breadcrumb\":{\"@id\":\"https:\/\/nezareisner.com\/sl\/politika-piskotkov\/#breadcrumb\"},\"inLanguage\":\"sl-SI\",\"potentialAction\":[{\"@type\":\"ReadAction\",\"target\":[\"https:\/\/nezareisner.com\/sl\/politika-piskotkov\/\"]}]},{\"@type\":\"BreadcrumbList\",\"@id\":\"https:\/\/nezareisner.com\/sl\/politika-piskotkov\/#breadcrumb\",\"itemListElement\":[{\"@type\":\"ListItem\",\"position\":1,\"name\":\"Home\",\"item\":\"https:\/\/nezareisner.com\/sl\/\"},{\"@type\":\"ListItem\",\"position\":2,\"name\":\"Politika pi\\u0161kotkov\"}]}]}<\/script>\n<!-- \/ Yoast SEO plugin. -->","_links":{"self":[{"href":"https:\/\/nezareisner.com\/sl\/wp-json\/wp\/v2\/pages\/1534"}],"collection":[{"href":"https:\/\/nezareisner.com\/sl\/wp-json\/wp\/v2\/pages"}],"about":[{"href":"https:\/\/nezareisner.com\/sl\/wp-json\/wp\/v2\/types\/page"}],"author":[{"embeddable":true,"href":"https:\/\/nezareisner.com\/sl\/wp-json\/wp\/v2\/users\/1"}],"replies":[{"embeddable":true,"href":"https:\/\/nezareisner.com\/sl\/wp-json\/wp\/v2\/comments?post=1534"}],"version-history":[{"count":1,"href":"https:\/\/nezareisner.com\/sl\/wp-json\/wp\/v2\/pages\/1534\/revisions"}],"predecessor-version":[{"id":1535,"href":"https:\/\/nezareisner.com\/sl\/wp-json\/wp\/v2\/pages\/1534\/revisions\/1535"}],"wp:attachment":[{"href":"https:\/\/nezareisner.com\/sl\/wp-json\/wp\/v2\/media?parent=1534"}],"curies":[{"name":"wp","href":"https:\/\/api.w.org\/{rel}","templated":true}]}}