{"id":1583,"date":"2017-06-21T18:44:19","date_gmt":"2017-06-21T16:44:19","guid":{"rendered":"https:\/\/nezareisner.com\/?page_id=1583\/"},"modified":"2018-02-13T13:19:37","modified_gmt":"2018-02-13T12:19:37","slug":"porocni-fotograf-cena","status":"publish","type":"page","link":"https:\/\/nezareisner.com\/sl\/porocni-fotograf-cena\/","title":{"rendered":"Poro\u010dni fotograf cena"},"content":{"rendered":"<h5 style=\"text-align: right;\"><span style=\"color: #ffffff;\">poro\u010dni fotograf cena<\/span><\/h5>\n<h6 style=\"text-align: right;\"><span style=\"color: #ffffff;\"><a style=\"color: #ffffff;\" href=\"https:\/\/nezareisner.com\/\">.<\/a><a style=\"color: #ffffff;\" href=\"https:\/\/www.facebook.com\/nrfotografija\/\">.<\/a>\u00a0poro\u010dni fotograf cena<\/span><\/h6>\n<p style=\"text-align: justify;\">Sem Ne\u017ea<a href=\"\/?p=2036\">.<\/a> Nekega daljnega poletja<a href=\"https:\/\/nezareisner.com\/sl\/\">,<\/a> ki se ga zdaj \u017ee komaj dobro spominjam<a href=\"https:\/\/nezareisner.com\/sl\/gallery\/poroke\/\">,<\/a> je bil <a href=\"https:\/\/nezareisner.com\/sl\/poroka-zicka-kartuzija\/\">moj<\/a> vzdevek Ne\u017ena<a href=\"https:\/\/nezareisner.com\/sl\/navidezna-poroka-v-stanjelu\/\">.<\/a> Takrat priznam<a href=\"https:\/\/nezareisner.com\/sl\/fotografiranje-porok-stanjel\/\">,<\/a> mi vzdevek ni prirasel k srcu. <a href=\"https:\/\/nezareisner.com\/sl\/poroka-piran\/\">Zdaj<\/a> pa se mi vse bolj zdi, da <a href=\"https:\/\/nezareisner.com\/sl\/poroka-dvorec-zemono\/\">opi\u0161e<\/a> to\u010dno to kar sem in kar imam rada. Obo\u017eujem ne\u017ene fotografije<a href=\"http:\/\/www.zaobljuba.si\/ponudnik\/porocni-fotograf\">,<\/a> ne\u017ene barve in ne\u017enosti na sploh<a href=\"https:\/\/nezareisner.com\/sl\/porocni-fotograf-cena\/\">.<\/a> Poro\u010dni fotograf Cena je popolnoma odvisna od <a href=\"https:\/\/nezareisner.com\/sl\/poroka-kras\/\">va\u0161ih<\/a> \u017eelja<a href=\"https:\/\/nezareisner.com\/sl\/poroka-tri-lucke\/\">,<\/a> za ve\u010d informacij me kontaktirajte <a href=\"https:\/\/nezareisner.com\/sl\/poroka-na-prostem-pia-aljaz\/\">preko<\/a> spletnega obrazca<a href=\"\/?p=2036\">.<\/a> <span style=\"color: #ffffff;\">poro\u010dni fotograf cena<\/span><\/p>\n<p style=\"text-align: justify;\"><img loading=\"lazy\" class=\"aligncenter wp-image-1251 size-full\" title=\"Poro\u010dni fotograf 23\" src=\"https:\/\/nezareisner.com\/wp-content\/uploads\/2017\/06\/wedding-photography-destination-neza-reisner-paris-tuscany-france-netherlands-couples-love-photographer-porocna-fotografija-porocno-fotografiranje-3.jpg\" alt=\"Poro\u010dni fotograf 23\" width=\"1920\" height=\"1282\" \/><\/p>\n<p style=\"text-align: justify;\">Moj stil fotografiranja lahko opi\u0161em kot brez\u010dasen<a href=\"https:\/\/nezareisner.com\/sl\/porocno-fotografiranje-navidezna-poroka\/\">,<\/a> romanti\u010den in eleganten<a href=\"https:\/\/nezareisner.com\/sl\/poroka\/\">.<\/a><\/p>\n<p style=\"text-align: justify;\">Pomembno mi je<a href=\"https:\/\/nezareisner.com\/sl\/porocna-fotografija-pariz\/\">,<\/a> da ljudje nekaj za\u010dutijo<a href=\"https:\/\/nezareisner.com\/sl\/prava-ljubezen-v-maroku\/\">,<\/a> ko pogledajo moje fotografije. <a href=\"https:\/\/nezareisner.com\/sl\/poroka-na-krasu-hostel-pliskovica\/\">Brez<\/a> ob\u010dutij pri fotografijah, ni ni\u010desar<a href=\"http:\/\/www.zaobljuba.si\/ponudnik\/porocni-fotograf\/neza-reisner-photography\">.<\/a> Zato sem \u0161e posebej vesela<a href=\"https:\/\/www.pinterest.com\/nezareisner\/\">,<\/a> da je moje delo fotografiranje <a href=\"https:\/\/nezareisner.com\/sl\/poroka-vila-fabiani\/\">porok<\/a><a href=\"https:\/\/www.instagram.com\/nezareisnerphoto\/\">,<\/a> saj so tam \u010dustva vedno na prvem mestu<a href=\"http:\/\/weddingblog.net.au\/jemma-james-slovenia-neza-reisner-photography\/\">.<\/a><\/p>\n<p style=\"text-align: justify;\">Zavedam se<a href=\"http:\/\/www.poroka-bo.si\/mladoporocenci\/barbara-in-uros\">,<\/a> da ni enostavno stati na <a href=\"https:\/\/nezareisner.com\/sl\/porocne-lokacije-obala\/\">drugi<\/a> strani objektiva<a href=\"http:\/\/www.taveselidan.si\/poroka\/ponudniki\/porocni-fotografi-video\/ponudnik\/7\/Neza-Reisner-Photography\">,<\/a> zato se bom \u0161e posebej potrudila<a href=\"http:\/\/www.taveselidan.si\/poroka\/ponudniki\/porocni-fotografi-video\/ponudnik\/7\/Neza-Reisner-Photography\">,<\/a> da <a href=\"https:\/\/nezareisner.com\/sl\/poroka-gredic\/\">bo<\/a> izku\u0161nja prijazna in spro\u0161\u010dena<a href=\"http:\/\/www.taveselidan.si\/poroka\/ponudniki\/porocni-fotografi-video\/ponudnik\/7\/Neza-Reisner-Photography\">.<\/a>\u00a0<span style=\"color: #ffffff;\">poro\u010dni fotograf cena<\/span><\/p>\n<p style=\"text-align: justify;\"><img loading=\"lazy\" class=\"aligncenter size-full wp-image-1263\" src=\"https:\/\/nezareisner.com\/wp-content\/uploads\/2017\/06\/wedding-photography-destination-neza-reisner-paris-tuscany-france-netherlands-couples-love-photographer-porocna-fotografija-porocno-fotografiranje-11.jpg\" alt=\"\" width=\"1280\" height=\"1920\" \/> <img loading=\"lazy\" class=\"aligncenter size-full wp-image-1273\" src=\"https:\/\/nezareisner.com\/wp-content\/uploads\/2017\/06\/wedding-photography-destination-neza-reisner-paris-tuscany-france-netherlands-couples-love-photographer-porocna-fotografija-porocno-fotografiranje-17.jpg\" alt=\"\" width=\"1920\" height=\"1280\" \/> <img loading=\"lazy\" class=\"aligncenter wp-image-1283 size-full\" title=\"poro\u010dni fotograf 54\" src=\"https:\/\/nezareisner.com\/wp-content\/uploads\/2017\/06\/wedding-photography-destination-neza-reisner-paris-tuscany-france-netherlands-couples-love-photographer-porocna-fotografija-porocno-fotografiranje-22.jpg\" alt=\"poro\u010dni fotograf 54\" width=\"1920\" height=\"1280\" \/> <img loading=\"lazy\" class=\"aligncenter size-full wp-image-1261\" src=\"https:\/\/nezareisner.com\/wp-content\/uploads\/2017\/06\/wedding-photography-destination-neza-reisner-paris-tuscany-france-netherlands-couples-love-photographer-porocna-fotografija-porocno-fotografiranje-10.jpg\" alt=\"\" width=\"1920\" height=\"1280\" \/> <img loading=\"lazy\" class=\"aligncenter wp-image-1277 size-full\" title=\"poro\u010dni fotograf cena 78\" src=\"https:\/\/nezareisner.com\/wp-content\/uploads\/2017\/06\/wedding-photography-destination-neza-reisner-paris-tuscany-france-netherlands-couples-love-photographer-porocna-fotografija-porocno-fotografiranje-19.jpg\" alt=\"poro\u010dni fotograf cena 78\" width=\"1282\" height=\"1920\" \/><\/p>\n<h6><span style=\"color: #fefefe;\">poro\u010dni fotograf cena<\/span><\/h6>\n<pre><span style=\"color: #fefefe; font-size: 0px;\">KRAS\u00a0Pozdravljen mladi par ... prisr\u010dno pozdravljena ...\u00a0Se v kratkem poro\u010dita? Je vajina izbrana lokacija za poro\u010dni poro\u010dni fotograf cena dan kras? Morda \u0161e\u00a0i\u0161\u010deta poro\u010dnega fotografa?\u00a0Moje ime je Ne\u017ea Reisner in vaju lepo pozdravljam kot poro\u010dna fotografinja.\u00a0Fotografija je krasen na\u010din kako ohranjati najpomembnej\u0161e trenutke zapisane za\u00a0vedno. V opravljanju dela fotografinje, me vodi te\u017enja po izbrani estetiti,\u00a0odgovornosti poro\u010dni fotograf cena do mojih strank ter \u017eelji, da ostanejo fotografije zapisane podobe\u00a0dolo\u010dene stvarnosti.\u00a0Skozi fotografijo se odkriva lepoto dru\u017eenja, ljubezni kot tudi lepoto izbrane\u00a0lokacije. Kras nudi krasno prilo\u017enost do\u017eiveti tako pomemben dan, kot je poro\u010dni\u00a0dan, za izviren in \u010dustven na\u010din. \u010cudovita narava krasa nudi ob vsakem pogledu\u00a0liri\u010den prizor, ustvarja poro\u010dni fotograf cena mno\u017eico zapisov, ki se zlahka pretvori najlep\u0161o zgodbo.\u00a0V kolikor sta mojo prestavitev prepoznala kot vama namenjeno in vama\u00a0zanimivo ter izbrala kras za poro\u010dni dan, vaju prisr\u010dno vabim, da mi po\u0161ljete\u00a0podatke o prihajajo\u010dem dnevu. Skupaj bomo na\u0161li pot do stvaritve braz\u010dasne\u00a0zgodbe.\u00a0KEMPINSKI PALACE\u00a0Prisr\u010dno poro\u010dni fotograf cena pozdravljen mladi par....\u00a0Se bli\u017ea vajin poro\u010dni dan? Je Kempinski Palace vajina izbrana lokacija poro\u010dnega\u00a0slavja? In morda \u0161e i\u0161\u010deta poro\u010dnega fotografa?\u00a0Sem Ne\u017ea Reisner, poro\u010dna fotografinja. Moje delo je namenjeno zapisovanju ter poro\u010dni fotograf cena bele\u017eenju najbolj pomembnih trenutkov. Poro\u010dni dan je prav tak\u0161en dan. S\u00a0skrbno izbrano estetiko in veliko odgovornostjo do svojih strank, dajem \u010dasu\u00a0pe\u010dat, s poro\u010dni fotograf cena katerim ohranjam zapisane podobe, tistega pomembnega dne, za vedno.\u00a0Kempisnki Palace pripoveduje prav posebno zgodbo in \u010dasu ponuja krasen ogled\u00a0neke zgodovine. Zraven podarja \u0161e popolno u\u017eivanje ljubega morskega ozra\u010dja.\u00a0Poro\u010diti se v tako lepem okolju in ambientu, pomeni, da je v resnici ustvarjanje\u00a0spominov zelo pomembna oblika do\u017eivljanja poro\u010dni fotograf cena \u017eivljenja.\u00a0V kolikor sta prepoznala mojo prestavitev vama zanimivo, vaju prijazno vabim,\u00a0da mi po\u0161ljeta \u010dimve\u010d podatkov o prihajajo\u010dem poro\u010dnem dnevu. Na tak na\u010din\u00a0lahko skupaj ustvarimo zgodbo, kjer \u010das pomeni samo zapisana oblika \u0161tevilk,\u00a0obstaja pa ne. Zgodi se samo najlep\u0161i dan v \u017eivljenju.\u00a0ZEMONO\u00a0Prijazno pozdravljena.\u00a0Se pribli\u017euje vajin poro\u010dni dan? Sta izbrala pre\u010dudovito okolje Zemona za\u00a0slavnostni moment vajinega \u010dasa? In morda \u0161e izbirata poro\u010dnega fotografa? poro\u010dni fotograf cena\u00a0Moje ime je Ne\u017ea Reisner, sem poro\u010dna fotografinja, slavim estetiko zapisane\u00a0podobe. Moje delo oz stil fotografiranja lahko opredelim kot brez\u010dasen,\u00a0romanti\u010den in eleganten. Zanimajo me zgodbe, ki se pi\u0161ejo ob tako pomembnih\u00a0prelomnicah kot je\u00a0poro\u010dni fotograf cena poro\u010dni dan. In prav tak\u0161ne velike zgodbe, dajejo\u00a0profesionalni pomen mojemu ustvarjanju.\u00a0Izbrana lokacija-Zemono- , ki opeva lepoto Vipavske doline, ki izra\u017ea\u00a0naklonjenost do vinske trte ter se vztrajno igra z mo\u010djo vetra, ponuja krasen\u00a0prostor za slavje vajine ljubezni. Elementi lepote so torej zapolnjeni, potreben je\u00a0samo dober moment, ki se prelevi v fotografski zapis. In tako se omogo\u010da \u010dasu,\u00a0da postane poro\u010dni fotograf cena neskon\u010den.\u00a0\u010ce sta se v moji predstavitvi dobro po\u010dutila, vaju vabim, da mi po\u0161ljeta sporo\u010dilo\u00a0ter opi\u0161eta \u017eelje in pri\u010dakovanja vajinega poro\u010dnega dne. S skupnimi mo\u010dni ter\u00a0pozitivno energijo, bomo ustvarili zgodbo prijetno za oko ter ji pripisali najbolj\u00a0ble\u0161\u010de\u010do sre\u010do.\u00a0PLISKOVICA\u00a0Prisr\u010dno pozdravljen poro\u010dni fotograf cena mladi par...\u00a0Se bli\u017ea vajin veliki dan? Imata \u017ee izbrano lokacijo vajinega poro\u010dnega dne?\u00a0Mogo\u010de Pliskovica? In potrebujeta \u0161e poro\u010dnega fotografa?\u00a0Torej, moje ime je Ne\u017ea Reisner in sem poro\u010dna fotografinja. Moje delo zajema\u00a0iskanje in ustvarjanje najlep\u0161i zgodb, ki se poro\u010dni fotograf cena zgodijo. Poro\u010dni dan je eden tak\u0161nih\u00a0prelomnic, ki ostanejo za vedno v spominu, \u0161e lep\u0161e pa je, \u010de je zabele\u017een kot\u00a0fotografska podoba. Stil mojega fotografiranja bi opredelila kot brez\u010dasen,\u00a0romanti\u010den ter eleganten.\u00a0Pliskovica je vas sredi prostarne kra\u0161ke planote, ovita v lepoto, ki jo zna poro\u010dni fotograf cena opisati\u00a0samo kak\u0161na pesni\u0161ka beseda. Je hkrati prostor, ki se krasno zari\u0161e na\u00a0fotografijo. Ker je vas dobila ime po tamkaj\u0161njih drobnih pticah, je \u017ee sam uvod v\u00a0zgodbo zelo poeti\u010den.\u00a0\u010ce se vama zdi, da bi lahko skupaj naredili skupek lepih stvari, vaju vabim, da mi\u00a0po\u0161ljeta \u010dimve\u010d podatkov o prihajajo\u010dem poro\u010dnem dnevu. Tako bomo poro\u010dni fotograf cena najla\u017eje\u00a0zabele\u017eili dan, kjer se ustvari obljuba vseh obljub.<\/span><\/pre>\n","protected":false},"excerpt":{"rendered":"<p>poro\u010dni fotograf cena ..\u00a0poro\u010dni fotograf cena Sem Ne\u017ea. Nekega daljnega poletja, ki se ga zdaj \u017ee komaj dobro spominjam, je bil moj vzdevek Ne\u017ena. Takrat priznam, mi vzdevek ni prirasel k srcu. Zdaj pa se mi vse bolj zdi, da opi\u0161e to\u010dno to kar sem in kar imam rada. Obo\u017eujem ne\u017ene fotografije, ne\u017ene barve in [&hellip;]<\/p>\n","protected":false},"author":1,"featured_media":0,"parent":0,"menu_order":0,"comment_status":"closed","ping_status":"closed","template":"","meta":{"_monsterinsights_skip_tracking":false,"_monsterinsights_sitenote_active":false,"_monsterinsights_sitenote_note":"","_monsterinsights_sitenote_category":0},"yoast_head":"<!-- This site is optimized with the Yoast SEO plugin v16.5 - https:\/\/yoast.com\/wordpress\/plugins\/seo\/ -->\n<title>Poro\u010dni fotograf Cena - Ne\u017ea Reisner Photography<\/title>\n<meta name=\"description\" content=\"Poro\u010dni fotograf Cena je odvisna od va\u0161ih \u017eelja. Pi\u0161ite mi na: Info@nezareisner.com in boste izbrali paket, ki vam najbolj ustreza. Poro\u010dni fotograf Cena\" \/>\n<meta name=\"robots\" content=\"noindex, nofollow\" \/>\n<meta property=\"og:locale\" content=\"sl_SI\" \/>\n<meta property=\"og:type\" content=\"article\" \/>\n<meta property=\"og:title\" content=\"Poro\u010dni fotograf Cena - Ne\u017ea Reisner Photography\" \/>\n<meta property=\"og:description\" content=\"Poro\u010dni fotograf Cena je odvisna od va\u0161ih \u017eelja. Pi\u0161ite mi na: Info@nezareisner.com in boste izbrali paket, ki vam najbolj ustreza. Poro\u010dni fotograf Cena\" \/>\n<meta property=\"og:url\" content=\"https:\/\/nezareisner.com\/sl\/porocni-fotograf-cena\/\" \/>\n<meta property=\"og:site_name\" content=\"Poro\u010dna fotografija | Ne\u017ea Reisner\" \/>\n<meta property=\"article:publisher\" content=\"https:\/\/www.facebook.com\/nrfotografija\/\" \/>\n<meta property=\"article:modified_time\" content=\"2018-02-13T12:19:37+00:00\" \/>\n<meta property=\"og:image\" content=\"https:\/\/nezareisner.com\/wp-content\/uploads\/2017\/06\/wedding-photography-destination-neza-reisner-paris-tuscany-france-netherlands-couples-love-photographer-porocna-fotografija-porocno-fotografiranje-3.jpg\" \/>\n<meta name=\"twitter:card\" content=\"summary\" \/>\n<meta name=\"twitter:label1\" content=\"Est. reading time\" \/>\n\t<meta name=\"twitter:data1\" content=\"5 minut\" \/>\n<script type=\"application\/ld+json\" class=\"yoast-schema-graph\">{\"@context\":\"https:\/\/schema.org\",\"@graph\":[{\"@type\":\"Organization\",\"@id\":\"https:\/\/nezareisner.com\/sl\/#organization\",\"name\":\"Ne\\u017ea Reisner Photography\",\"url\":\"https:\/\/nezareisner.com\/sl\/\",\"sameAs\":[\"https:\/\/www.facebook.com\/nrfotografija\/\",\"https:\/\/www.instagram.com\/nezareisnerphoto\/\"],\"logo\":{\"@type\":\"ImageObject\",\"@id\":\"https:\/\/nezareisner.com\/sl\/#logo\",\"inLanguage\":\"sl-SI\",\"url\":\"https:\/\/nezareisner.com\/wp-content\/uploads\/2017\/06\/logo-neza-reisner-1.png\",\"contentUrl\":\"https:\/\/nezareisner.com\/wp-content\/uploads\/2017\/06\/logo-neza-reisner-1.png\",\"width\":306,\"height\":306,\"caption\":\"Ne\\u017ea Reisner Photography\"},\"image\":{\"@id\":\"https:\/\/nezareisner.com\/sl\/#logo\"}},{\"@type\":\"WebSite\",\"@id\":\"https:\/\/nezareisner.com\/sl\/#website\",\"url\":\"https:\/\/nezareisner.com\/sl\/\",\"name\":\"Poro\\u010dna fotografija | Ne\\u017ea Reisner\",\"description\":\"Fotografiranje porok, novorojen\\u010dkov, dru\\u017ein, parov, zaro\\u010dna fotografija ...\",\"publisher\":{\"@id\":\"https:\/\/nezareisner.com\/sl\/#organization\"},\"potentialAction\":[{\"@type\":\"SearchAction\",\"target\":\"https:\/\/nezareisner.com\/sl\/?s={search_term_string}\",\"query-input\":\"required name=search_term_string\"}],\"inLanguage\":\"sl-SI\"},{\"@type\":\"ImageObject\",\"@id\":\"https:\/\/nezareisner.com\/sl\/porocni-fotograf-cena\/#primaryimage\",\"inLanguage\":\"sl-SI\",\"url\":\"https:\/\/nezareisner.com\/wp-content\/uploads\/2017\/06\/wedding-photography-destination-neza-reisner-paris-tuscany-france-netherlands-couples-love-photographer-porocna-fotografija-porocno-fotografiranje-3.jpg\",\"contentUrl\":\"https:\/\/nezareisner.com\/wp-content\/uploads\/2017\/06\/wedding-photography-destination-neza-reisner-paris-tuscany-france-netherlands-couples-love-photographer-porocna-fotografija-porocno-fotografiranje-3.jpg\",\"width\":1920,\"height\":1282},{\"@type\":\"WebPage\",\"@id\":\"https:\/\/nezareisner.com\/sl\/porocni-fotograf-cena\/#webpage\",\"url\":\"https:\/\/nezareisner.com\/sl\/porocni-fotograf-cena\/\",\"name\":\"Poro\\u010dni fotograf Cena - Ne\\u017ea Reisner Photography\",\"isPartOf\":{\"@id\":\"https:\/\/nezareisner.com\/sl\/#website\"},\"primaryImageOfPage\":{\"@id\":\"https:\/\/nezareisner.com\/sl\/porocni-fotograf-cena\/#primaryimage\"},\"datePublished\":\"2017-06-21T16:44:19+00:00\",\"dateModified\":\"2018-02-13T12:19:37+00:00\",\"description\":\"Poro\\u010dni fotograf Cena je odvisna od va\\u0161ih \\u017eelja. Pi\\u0161ite mi na: Info@nezareisner.com in boste izbrali paket, ki vam najbolj ustreza. Poro\\u010dni fotograf Cena\",\"breadcrumb\":{\"@id\":\"https:\/\/nezareisner.com\/sl\/porocni-fotograf-cena\/#breadcrumb\"},\"inLanguage\":\"sl-SI\",\"potentialAction\":[{\"@type\":\"ReadAction\",\"target\":[\"https:\/\/nezareisner.com\/sl\/porocni-fotograf-cena\/\"]}]},{\"@type\":\"BreadcrumbList\",\"@id\":\"https:\/\/nezareisner.com\/sl\/porocni-fotograf-cena\/#breadcrumb\",\"itemListElement\":[{\"@type\":\"ListItem\",\"position\":1,\"name\":\"Home\",\"item\":\"https:\/\/nezareisner.com\/sl\/\"},{\"@type\":\"ListItem\",\"position\":2,\"name\":\"Poro\\u010dni fotograf cena\"}]}]}<\/script>\n<!-- \/ Yoast SEO plugin. -->","_links":{"self":[{"href":"https:\/\/nezareisner.com\/sl\/wp-json\/wp\/v2\/pages\/1583"}],"collection":[{"href":"https:\/\/nezareisner.com\/sl\/wp-json\/wp\/v2\/pages"}],"about":[{"href":"https:\/\/nezareisner.com\/sl\/wp-json\/wp\/v2\/types\/page"}],"author":[{"embeddable":true,"href":"https:\/\/nezareisner.com\/sl\/wp-json\/wp\/v2\/users\/1"}],"replies":[{"embeddable":true,"href":"https:\/\/nezareisner.com\/sl\/wp-json\/wp\/v2\/comments?post=1583"}],"version-history":[{"count":15,"href":"https:\/\/nezareisner.com\/sl\/wp-json\/wp\/v2\/pages\/1583\/revisions"}],"predecessor-version":[{"id":4421,"href":"https:\/\/nezareisner.com\/sl\/wp-json\/wp\/v2\/pages\/1583\/revisions\/4421"}],"wp:attachment":[{"href":"https:\/\/nezareisner.com\/sl\/wp-json\/wp\/v2\/media?parent=1583"}],"curies":[{"name":"wp","href":"https:\/\/api.w.org\/{rel}","templated":true}]}}