{"id":2407,"date":"2017-10-02T17:06:51","date_gmt":"2017-10-02T15:06:51","guid":{"rendered":"https:\/\/nezareisner.com\/?page_id=2407"},"modified":"2018-01-05T13:13:37","modified_gmt":"2018-01-05T12:13:37","slug":"poroka-kempinski-palace-hotel","status":"publish","type":"page","link":"https:\/\/nezareisner.com\/sl\/poroka-kempinski-palace-hotel\/","title":{"rendered":"Poroka Kempinski Palace Hotel"},"content":{"rendered":"<p>&nbsp;<\/p>\n<p>Prisr\u010dno pozdravljen mladi par&#8230;.\u00a0<span style=\"color: #ffffff;\">hotel<\/span><\/p>\n<p>Se bli\u017ea vajin poro\u010dni dan? Je <a href=\"https:\/\/www.kempinski.com\/en\/istria\/palace-portoroz\/\">Kempinski<\/a> Palace Hotel vajina izbrana lokacija poro\u010dnega slavja? In morda \u0161e <a href=\"https:\/\/nezareisner.com\/sl\/\">i\u0161\u010deta poro\u010dnega fotografa<\/a>?<\/p>\n<p><img loading=\"lazy\" class=\"Poroka Kempinski Palace Hotel - Ne\u017ea Reisner | Poro\u010dni fotograf aligncenter wp-image-2416 size-full\" src=\"https:\/\/nezareisner.com\/wp-content\/uploads\/2017\/10\/03-POGOSTITEV-26.jpg\" alt=\"Poroka Kempinski Palace Hotel - Ne\u017ea Reisner | Poro\u010dni fotograf\" width=\"1600\" height=\"1069\" \/><\/p>\n<p>Sem Ne\u017ea Reisner, poro\u010dna fotografinja. Moje <a href=\"\/?p=2036\">delo<\/a> je namenjeno zapisovanju ter bele\u017eenju najbolj pomembnih trenutkov. Poro\u010dni dan je prav tak\u0161en dan. S skrbno izbrano estetiko in veliko odgovornostjo do svojih strank, dajem \u010dasu pe\u010dat, s katerim ohranjam zapisane podobe, tistega pomembnega dne, za vedno.<\/p>\n<p>Kempisnki Palace Hotel pripoveduje prav posebno zgodbo in \u010dasu ponuja krasen ogled neke zgodovine. Zraven podarja \u0161e popolno u\u017eivanje ljubega morskega ozra\u010dja. Poro\u010diti se v tako lepem okolju in <a href=\"https:\/\/nezareisner.com\/sl\/poroka-vila-fabiani\/\">ambientu<\/a>, pomeni, da je v resnici ustvarjanje spominov zelo pomembna oblika do\u017eivljanja \u017eivljenja.<\/p>\n<p><img loading=\"lazy\" class=\"aligncenter size-full wp-image-920\" src=\"https:\/\/nezareisner.com\/wp-content\/uploads\/2016\/12\/NEZA-REISNER-DESTINATION-WEDDING-PHOTOGRAPHER-ENGAGEMENT-DRUZINSKA-IN-POROCNA-FOTOGRAFIJA-6.jpg\" alt=\"\" width=\"1920\" height=\"1282\" \/><img loading=\"lazy\" class=\"aligncenter size-full wp-image-1267\" src=\"https:\/\/nezareisner.com\/wp-content\/uploads\/2017\/06\/wedding-photography-destination-neza-reisner-paris-tuscany-france-netherlands-couples-love-photographer-porocna-fotografija-porocno-fotografiranje-14.jpg\" alt=\"\" width=\"1920\" height=\"1280\" \/> <img loading=\"lazy\" class=\"aligncenter size-full wp-image-1251\" src=\"https:\/\/nezareisner.com\/wp-content\/uploads\/2017\/06\/wedding-photography-destination-neza-reisner-paris-tuscany-france-netherlands-couples-love-photographer-porocna-fotografija-porocno-fotografiranje-3.jpg\" alt=\"\" width=\"1920\" height=\"1282\" \/> <img loading=\"lazy\" class=\"aligncenter size-full wp-image-2297\" src=\"https:\/\/nezareisner.com\/wp-content\/uploads\/2017\/09\/03-FOTOGRAFIRANJE-MANCA-IN-LUKA-95.jpg\" alt=\"\" width=\"1600\" height=\"1069\" \/> <img loading=\"lazy\" class=\"aligncenter size-full wp-image-2295\" src=\"https:\/\/nezareisner.com\/wp-content\/uploads\/2017\/09\/02-FOTOGRAFIRANJE-86.jpg\" alt=\"\" width=\"1600\" height=\"1069\" \/> <img loading=\"lazy\" class=\"aligncenter size-full wp-image-2293\" src=\"https:\/\/nezareisner.com\/wp-content\/uploads\/2017\/09\/01_PRIPRAVE_ZENIN-37.jpg\" alt=\"\" width=\"1600\" height=\"1069\" \/> <img loading=\"lazy\" class=\"aligncenter size-full wp-image-2422\" src=\"https:\/\/nezareisner.com\/wp-content\/uploads\/2017\/10\/09-ZABAVA-9.jpg\" alt=\"\" width=\"1600\" height=\"1069\" \/> <img loading=\"lazy\" class=\"aligncenter size-full wp-image-2428\" src=\"https:\/\/nezareisner.com\/wp-content\/uploads\/2017\/10\/09-ZABAVA-25.jpg\" alt=\"\" width=\"1600\" height=\"1069\" \/> <img loading=\"lazy\" class=\"aligncenter size-full wp-image-2430\" src=\"https:\/\/nezareisner.com\/wp-content\/uploads\/2017\/10\/09-ZABAVA-124.jpg\" alt=\"\" width=\"1600\" height=\"1069\" \/><\/p>\n<p>V kolikor sta prepoznala mojo predstavitev vama zanimivo, vaju prijazno vabim, da mi po\u0161ljeta \u010dimve\u010d podatkov o <a href=\"https:\/\/nezareisner.com\/sl\/poroka-gredic\/\">prihajajo\u010dem poro\u010dnem<\/a> dnevu. Na tak na\u010din lahko skupaj ustvarimo <a href=\"\/?p=4333\">zgodbo<\/a>, kjer \u010das pomeni samo zapisana oblika \u0161tevilk, obstaja pa ne. Zgodi se samo najlep\u0161i dan v \u017eivljenju.<\/p>\n<p>&nbsp;<\/p>\n\n<!-- This file should primarily consist of HTML with a little bit of PHP. -->\n<form class=\"flo-form\">\n    <div class=\"form-style1 topLabel \">\n        <input type=\"hidden\" name=\"flo_fid\" value=\"1147\">\n\n                                    <div class=\"field-row width-100 .kontaktni\">\n                <div class=\"field-box text \">\t\t\t\t<input type=\"text\" name=\"fid_9841\" placeholder=\"Ime\" id=\"fid_9841\" data-rule-required=\"true\" data-msg-required=\"This field is required\" value=\"\"\n\t\t\t\t>\n\t\t\t\t<\/div>                <\/div><!--                                --><div class=\"field-row width-100 .kontaktni\">\n                <div class=\"field-box email \">\t\t\t\t<input type=\"email\" name=\"fid_84978\" placeholder=\"E-mail\" id=\"fid_84978\"  data-rule-required=\"true\" data-rule-email=\"true\" data-msg-required=\"Please enter your email address\" data-msg-email=\"Please enter a valid email address\" value=\"\" >\n\t\t\t\t<\/div>                <\/div><!--                                --><div class=\"field-row width-100 .kontaktni\">\n                <div class=\"field-box textarea \">\t\t\t\t<textarea   name=\"fid_26038\" placeholder=\"Sporo\u010dilo\" id=\"fid_26038\"  data-rule-required=\"true\" data-msg-required=\"This field is required\" ><\/textarea>\n\n\t\t\t\t<\/div>                <\/div>                        \n\t\t\t<div class=\"field-row submit-row btn-center\">\n\t\t\t<input type=\"submit\" class=\"flo-submit-button\" style=\"\" value=\"PO\u0160LJI\">\n\t\t\t<div class=\"flo overlay-loader\">\n\t\t\t\t<div class=\"loader\">\n\t\t\t\t\t<div><\/div>\n\t\t\t\t\t<div><\/div>\n\t\t\t\t\t<div><\/div>\n\t\t\t\t\t<div><\/div>\n\t\t\t\t\t<div><\/div>\n\t\t\t\t\t<div><\/div>\n\t\t\t\t\t<div><\/div>\n\t\t\t\t<\/div>\n\t\t\t<\/div>\n\t\t<\/div>\n\n\t<\/div>\n\n\t<div class=\"flo-response\"><\/div>\n<\/form>\n\n\n\n","protected":false},"excerpt":{"rendered":"<p>&nbsp; Prisr\u010dno pozdravljen mladi par&#8230;.\u00a0hotel Se bli\u017ea vajin poro\u010dni dan? Je Kempinski Palace Hotel vajina izbrana lokacija poro\u010dnega slavja? In morda \u0161e i\u0161\u010deta poro\u010dnega fotografa? Sem Ne\u017ea Reisner, poro\u010dna fotografinja. Moje delo je namenjeno zapisovanju ter bele\u017eenju najbolj pomembnih trenutkov. Poro\u010dni dan je prav tak\u0161en dan. S skrbno izbrano estetiko in veliko odgovornostjo do svojih [&hellip;]<\/p>\n","protected":false},"author":1,"featured_media":0,"parent":0,"menu_order":0,"comment_status":"closed","ping_status":"closed","template":"","meta":{"_monsterinsights_skip_tracking":false,"_monsterinsights_sitenote_active":false,"_monsterinsights_sitenote_note":"","_monsterinsights_sitenote_category":0},"yoast_head":"<!-- This site is optimized with the Yoast SEO plugin v16.5 - https:\/\/yoast.com\/wordpress\/plugins\/seo\/ -->\n<title>Poroka Kempinski Palace Hotel - Poro\u010dna fotografija | Ne\u017ea Reisner<\/title>\n<meta name=\"description\" content=\"Poroka Kempinski Palace Hotel - Kempisnki Palace pripoveduje prav posebno zgodbo in \u010dasu ponuja krasen ogled neke zgodovine. Poroka Kempinski Palace Hotel\" \/>\n<meta name=\"robots\" content=\"index, follow, max-snippet:-1, max-image-preview:large, max-video-preview:-1\" \/>\n<link rel=\"canonical\" href=\"https:\/\/nezareisner.com\/sl\/poroka-kempinski-palace-hotel\/\" \/>\n<meta property=\"og:locale\" content=\"sl_SI\" \/>\n<meta property=\"og:type\" content=\"article\" \/>\n<meta property=\"og:title\" content=\"Poroka Kempinski Palace Hotel - Poro\u010dna fotografija | Ne\u017ea Reisner\" \/>\n<meta property=\"og:description\" content=\"Poroka Kempinski Palace Hotel - Kempisnki Palace pripoveduje prav posebno zgodbo in \u010dasu ponuja krasen ogled neke zgodovine. Poroka Kempinski Palace Hotel\" \/>\n<meta property=\"og:url\" content=\"https:\/\/nezareisner.com\/sl\/poroka-kempinski-palace-hotel\/\" \/>\n<meta property=\"og:site_name\" content=\"Poro\u010dna fotografija | Ne\u017ea Reisner\" \/>\n<meta property=\"article:publisher\" content=\"https:\/\/www.facebook.com\/nrfotografija\/\" \/>\n<meta property=\"article:modified_time\" content=\"2018-01-05T12:13:37+00:00\" \/>\n<meta property=\"og:image\" content=\"https:\/\/nezareisner.com\/wp-content\/uploads\/2017\/10\/03-POGOSTITEV-26.jpg\" \/>\n<meta name=\"twitter:card\" content=\"summary\" \/>\n<meta name=\"twitter:label1\" content=\"Est. reading time\" \/>\n\t<meta name=\"twitter:data1\" content=\"1 minuta\" \/>\n<script type=\"application\/ld+json\" class=\"yoast-schema-graph\">{\"@context\":\"https:\/\/schema.org\",\"@graph\":[{\"@type\":\"Organization\",\"@id\":\"https:\/\/nezareisner.com\/sl\/#organization\",\"name\":\"Ne\\u017ea Reisner Photography\",\"url\":\"https:\/\/nezareisner.com\/sl\/\",\"sameAs\":[\"https:\/\/www.facebook.com\/nrfotografija\/\",\"https:\/\/www.instagram.com\/nezareisnerphoto\/\"],\"logo\":{\"@type\":\"ImageObject\",\"@id\":\"https:\/\/nezareisner.com\/sl\/#logo\",\"inLanguage\":\"sl-SI\",\"url\":\"https:\/\/nezareisner.com\/wp-content\/uploads\/2017\/06\/logo-neza-reisner-1.png\",\"contentUrl\":\"https:\/\/nezareisner.com\/wp-content\/uploads\/2017\/06\/logo-neza-reisner-1.png\",\"width\":306,\"height\":306,\"caption\":\"Ne\\u017ea Reisner Photography\"},\"image\":{\"@id\":\"https:\/\/nezareisner.com\/sl\/#logo\"}},{\"@type\":\"WebSite\",\"@id\":\"https:\/\/nezareisner.com\/sl\/#website\",\"url\":\"https:\/\/nezareisner.com\/sl\/\",\"name\":\"Poro\\u010dna fotografija | Ne\\u017ea Reisner\",\"description\":\"Fotografiranje porok, novorojen\\u010dkov, dru\\u017ein, parov, zaro\\u010dna fotografija ...\",\"publisher\":{\"@id\":\"https:\/\/nezareisner.com\/sl\/#organization\"},\"potentialAction\":[{\"@type\":\"SearchAction\",\"target\":\"https:\/\/nezareisner.com\/sl\/?s={search_term_string}\",\"query-input\":\"required name=search_term_string\"}],\"inLanguage\":\"sl-SI\"},{\"@type\":\"ImageObject\",\"@id\":\"https:\/\/nezareisner.com\/sl\/poroka-kempinski-palace-hotel\/#primaryimage\",\"inLanguage\":\"sl-SI\",\"url\":\"https:\/\/nezareisner.com\/wp-content\/uploads\/2017\/10\/03-POGOSTITEV-26.jpg\",\"contentUrl\":\"https:\/\/nezareisner.com\/wp-content\/uploads\/2017\/10\/03-POGOSTITEV-26.jpg\",\"width\":1600,\"height\":1069},{\"@type\":\"WebPage\",\"@id\":\"https:\/\/nezareisner.com\/sl\/poroka-kempinski-palace-hotel\/#webpage\",\"url\":\"https:\/\/nezareisner.com\/sl\/poroka-kempinski-palace-hotel\/\",\"name\":\"Poroka Kempinski Palace Hotel - Poro\\u010dna fotografija | Ne\\u017ea Reisner\",\"isPartOf\":{\"@id\":\"https:\/\/nezareisner.com\/sl\/#website\"},\"primaryImageOfPage\":{\"@id\":\"https:\/\/nezareisner.com\/sl\/poroka-kempinski-palace-hotel\/#primaryimage\"},\"datePublished\":\"2017-10-02T15:06:51+00:00\",\"dateModified\":\"2018-01-05T12:13:37+00:00\",\"description\":\"Poroka Kempinski Palace Hotel - Kempisnki Palace pripoveduje prav posebno zgodbo in \\u010dasu ponuja krasen ogled neke zgodovine. Poroka Kempinski Palace Hotel\",\"breadcrumb\":{\"@id\":\"https:\/\/nezareisner.com\/sl\/poroka-kempinski-palace-hotel\/#breadcrumb\"},\"inLanguage\":\"sl-SI\",\"potentialAction\":[{\"@type\":\"ReadAction\",\"target\":[\"https:\/\/nezareisner.com\/sl\/poroka-kempinski-palace-hotel\/\"]}]},{\"@type\":\"BreadcrumbList\",\"@id\":\"https:\/\/nezareisner.com\/sl\/poroka-kempinski-palace-hotel\/#breadcrumb\",\"itemListElement\":[{\"@type\":\"ListItem\",\"position\":1,\"name\":\"Home\",\"item\":\"https:\/\/nezareisner.com\/sl\/\"},{\"@type\":\"ListItem\",\"position\":2,\"name\":\"Poroka Kempinski Palace Hotel\"}]}]}<\/script>\n<!-- \/ Yoast SEO plugin. -->","_links":{"self":[{"href":"https:\/\/nezareisner.com\/sl\/wp-json\/wp\/v2\/pages\/2407"}],"collection":[{"href":"https:\/\/nezareisner.com\/sl\/wp-json\/wp\/v2\/pages"}],"about":[{"href":"https:\/\/nezareisner.com\/sl\/wp-json\/wp\/v2\/types\/page"}],"author":[{"embeddable":true,"href":"https:\/\/nezareisner.com\/sl\/wp-json\/wp\/v2\/users\/1"}],"replies":[{"embeddable":true,"href":"https:\/\/nezareisner.com\/sl\/wp-json\/wp\/v2\/comments?post=2407"}],"version-history":[{"count":24,"href":"https:\/\/nezareisner.com\/sl\/wp-json\/wp\/v2\/pages\/2407\/revisions"}],"predecessor-version":[{"id":2446,"href":"https:\/\/nezareisner.com\/sl\/wp-json\/wp\/v2\/pages\/2407\/revisions\/2446"}],"wp:attachment":[{"href":"https:\/\/nezareisner.com\/sl\/wp-json\/wp\/v2\/media?parent=2407"}],"curies":[{"name":"wp","href":"https:\/\/api.w.org\/{rel}","templated":true}]}}