{"id":2579,"date":"2017-10-19T16:02:49","date_gmt":"2017-10-19T14:02:49","guid":{"rendered":"https:\/\/nezareisner.com\/?page_id=2579"},"modified":"2018-02-13T13:20:59","modified_gmt":"2018-02-13T12:20:59","slug":"porocni-fotograf","status":"publish","type":"page","link":"https:\/\/nezareisner.com\/sl\/porocni-fotograf\/","title":{"rendered":"Poro\u010dni fotograf"},"content":{"rendered":"<h1 style=\"text-align: center;\">Poro\u010dni fotograf<\/h1>\n<h6><span style=\"color: #ffffff;\">.<\/span><\/h6>\n<p style=\"text-align: center;\"><em>Dokumentarni poro\u010dni fotograf<\/em><\/p>\n<p>Prisr\u010dno vaju pozdravljam.<\/p>\n<p style=\"text-align: justify;\">Se bli\u017ea vajin veliki dan? Imata \u017ee izbrano lokacijo vajinega poro\u010dnega dne? In potrebujeta \u0161e poro\u010dnega fotografa?<\/p>\n<p style=\"text-align: justify;\">Sem Ne\u017ea Reisner, sem poro\u010dna fotografinja. Ustvarjanje tak\u0161nih lepih zgodb je <a href=\"https:\/\/nezareisner.com\/sl\/poroka-zicka-kartuzija\/\">moj<\/a> na\u010din \u017eivljenja. Moje <a href=\"https:\/\/nezareisner.com\/sl\/\">delo<\/a> oz. stil fotografiranja porok lahko opredelim kot brez\u010dasen, romanti\u010den in eleganten. Zanimajo me zgodbe, ki se pi\u0161ejo ob tako pomembnih prelomnicah kot je poro\u010dni dan. In prav tak\u0161ne velike zgodbe, dajejo profesionalni pomen mojemu ustvarjanju.<span style=\"color: #fefefe;\">\u00a0<\/span><\/p>\n<h3 style=\"text-align: justify;\"><a href=\"https:\/\/nezareisner.com\/sl\/porocno-fotografiranje-navidezna-poroka\/\"><img loading=\"lazy\" class=\"Fotografiranje porok - Ne\u017ea Reisner | Poro\u010dni fotograf aligncenter wp-image-2638 size-full\" src=\"https:\/\/nezareisner.com\/wp-content\/uploads\/2017\/10\/Fotografiranje-porok-6.jpg\" alt=\"Fotografiranje porok - Ne\u017ea Reisner | Poro\u010dni fotograf\" width=\"1024\" height=\"684\" \/><\/a><\/h3>\n<p style=\"text-align: justify;\">Pomembno mi je, da ljudje nekaj za\u010dutijo, ko pogledajo moje fotografije. Brez ob\u010dutij pri fotografijah, ni ni\u010desar. Zato sem \u0161e posebej vesela, da je moje delo fotografiranje porok, saj so tam <a href=\"https:\/\/nezareisner.com\/sl\/poroka-na-krasu-hostel-pliskovica\/\">\u010dustva<\/a> vedno na prvem mestu.\u00a0Zavedam se, da ni enostavno stati na drugi strani objektiva, zato se bom \u0161e posebej potrudila, da bo izku\u0161nja prijazna in spro\u0161\u010dena.<\/p>\n<p style=\"text-align: justify;\">Moj diskreten <a href=\"https:\/\/nezareisner.com\/sl\/poroka-na-prostem-pia-aljaz\/\">pristop k fotografiranju porok<\/a> vama omogo\u010da, da u\u017eivata v vsakem trenutku vajinega <a href=\"https:\/\/nezareisner.com\/sl\/poroka\/\">poro\u010dnega dne<\/a> z dru\u017eino in prijatelji. Le nekaj \u010dasa vam bom vzela za vajino <a href=\"https:\/\/nezareisner.com\/sl\/porocno-potovanje-po-sahari\/\">portretno fotografiranje<\/a> in skupinske fotografije.<\/p>\n<p style=\"text-align: justify;\"><a href=\"https:\/\/nezareisner.com\/sl\/porocno-fotografiranje-navidezna-poroka\/\"><img loading=\"lazy\" class=\"Fotografiranje porok - Ne\u017ea Reisner | Poro\u010dna fotografija aligncenter wp-image-2634 size-full\" src=\"https:\/\/nezareisner.com\/wp-content\/uploads\/2017\/10\/Fotografiranje-porok-4.jpg\" alt=\"Fotografiranje porok - Ne\u017ea Reisner | Poro\u010dna fotografija\" width=\"1024\" height=\"490\" \/><\/a><br \/>\nV prihodnjih letih bodo fotografije iz vajine poroke najve\u010dji opomin na vajin poro\u010dni dan. Da bodo res vsi trenutki zabele\u017eeni na fotografijah, sva na poroki vedno dva fotografa. Midva posku\u0161ava zajeti vse male detajle, kateri zaznamujejo vajino poroko in vse bli\u017enje, ki so bili vpleteni v vajin dan.<\/p>\n<p style=\"text-align: justify;\">Kjerkoli je mogo\u010de posku\u0161am zajeti in uporabiti n<a href=\"https:\/\/nezareisner.com\/sl\/porocna-fotografija-pariz\/\">aravno svetlobo<\/a> . Bliskavico uporabljam le takrat, ko ni dovolj svetlobe, ponavadi je to med plesom in zabavo.<\/p>\n<p style=\"text-align: justify;\">Prav vsaka poroka se mi vtisne v spomin, saj sem na poroki vse od priprav do razreza poro\u010dne torte in vmes je ogromno trenutkov, ki so nekaj posebnega in edinstvenega.<\/p>\n<p style=\"text-align: justify;\"><a href=\"https:\/\/nezareisner.com\/sl\/fotografiranje-porok-stanjel\/\"><img loading=\"lazy\" class=\"Fotografiranje porok - Ne\u017ea Reisner | Poro\u010dno fotografiranje aligncenter wp-image-2636 size-full\" src=\"https:\/\/nezareisner.com\/wp-content\/uploads\/2017\/10\/Fotografiranje-porok-5.jpg\" alt=\"Fotografiranje porok - Ne\u017ea Reisner | Poro\u010dno fotografiranje\" width=\"1024\" height=\"490\" \/><\/a><\/p>\n<p>&nbsp;<\/p>\n<h1 style=\"text-align: center;\">Ne\u017ea Reisner Photography|\u00a0Poro\u010dni fotograf<\/h1>\n<p>&nbsp;<\/p>\n<p style=\"text-align: justify;\">Paru vedno najprej po\u0161ljem mail s ponudbo in v primeru, da jima ustreza, se z veseljem dobim na kavi, kjer se ob prijetnem vzdu\u0161ju pogovorimo o njunih \u017eeljah in na\u010drtih za poro\u010dni dan. S seboj prinesem tudi nekaj poro\u010dnih fotoknjig, da si po poroki la\u017eje izbereta svojo. Po sestanku pustim paru nekaj dni \u010dasa, da razmislita. V primeru, da se odlo\u0107ita za mojo ponudbo podpi\u0161emo pogodbo in v naprej pla\u010data del kon\u010dnega zneska, ostalo pla\u010data v roku enega tedna po poroki.<\/p>\n<p style=\"text-align: justify;\">Teden dni pred poroko, smo s parom v kontaktu preko e-mail sporo\u010dil, kjer se dogovorimo za kon\u010dno \u010dasovnico, vse naslove in telefonske \u0161tevilke, ki pridejo prav za vsak slu\u010daj.<\/p>\n<p style=\"text-align: justify;\">Na sam poro\u010dni dan obi\u010dajno pride en fotograf k nevesti malo pred za\u010detkom li\u010denja. V tem \u010dasu naredi fotografije detaljov, ki jih par v naprej pripravi (vabila, prstani, \u010devlji, obleka, \u0161opek, nakit). Poleg se lahko pripravi tudi nekaj posameznih ro\u017e ali zelenja, da jih lahko postavi zraven detajlov in naredi fotografije \u0161e lep\u0161e. Sledi fotografiranje li\u010denja in obla\u010denja, \u010de ostane \u0161e kaj \u010dasa lahko naredi \u0161e kak\u0161no fotografijo z dru\u017eicami, dru\u017eino,&#8230; Poleg vsega dogajanja posku\u0161a ujeti \u010dim ve\u010d spontanih trenutkov.<\/p>\n<h3><a href=\"https:\/\/nezareisner.com\/sl\/blog\/\"><img loading=\"lazy\" class=\"Fotografiranje porok - Neza Reisner fotografija aligncenter wp-image-2641 size-full\" title=\"poro\u010dni fotograf 222\" src=\"https:\/\/nezareisner.com\/wp-content\/uploads\/2017\/10\/2-BRINA-GETTING-READY-BW-7.jpg\" alt=\"Fotografiranje porok - Neza Reisner fotografija poro\u010dni fotograf 22\" width=\"1024\" height=\"684\" \/><\/a><\/h3>\n<p style=\"text-align: justify;\">Drugi fotograf pride do \u017eenina malo pred obla\u010denjem in v tem \u010dasu prav tako naredi fotografije pripravljenih detajlov (\u010devlji, pas, man\u0161etni gumbi, metulj\u010dek, ura, naprsni \u0161opek, kravata). Tudi drugi fotograf naredi nekaj fotografij obla\u010denja in ostalega dogajanja pri \u017eeninu.<\/p>\n<h3><img loading=\"lazy\" class=\"aligncenter size-full wp-image-2643\" src=\"https:\/\/nezareisner.com\/wp-content\/uploads\/2017\/10\/01_PRIPRAVE_ZENIN-29.jpg\" alt=\"\" width=\"1024\" height=\"684\" \/><\/h3>\n<p style=\"text-align: justify;\">Preostal del dneva oba fotografirava skupaj. Medtem, ko je eden od naju <em>osredoto\u010den na \u017eenina<\/em> in <em>nevesto<\/em>, drugi <em>lovi trenutke<\/em>, ki se dogajajo <em>med svati.<\/em> Med obredi posku\u0161ava bit \u010dim manj opazna, vseeno pa ujameva vse klju\u010dne trenutke.<\/p>\n<p style=\"text-align: justify;\">Po obredu obi\u010dajno naredimo skupinsko fotografijo za katero se \u017ee v naprej dogovrimo kdaj bo. Vedno naredimo tudi dru\u017einske fotografije in \u010de si par \u017eeli, tudi fotografije manj\u0161ih skupinic (prijatelji, sestri\u010dne, sodelavci,&#8230;). \u010ce je ve\u010dja poroka, fotografiranje manj\u0161ih skupinic \u00a0poteka hitreje, kadar pri zbiranju ljudi pomaga nekdo, ki pozna \u010dim ve\u010d svatov.<\/p>\n<p><img loading=\"lazy\" class=\"aligncenter size-full wp-image-2645\" src=\"https:\/\/nezareisner.com\/wp-content\/uploads\/2017\/10\/03-FOTOGRAFIRANJE-MANCA-IN-LUKA-95.jpg\" alt=\"\" width=\"1024\" height=\"684\" \/> <img loading=\"lazy\" class=\"aligncenter size-full wp-image-2647\" src=\"https:\/\/nezareisner.com\/wp-content\/uploads\/2017\/10\/05-PRIHOD-TRI-LUCKE-CB-1.jpg\" alt=\"\" width=\"1024\" height=\"684\" \/><\/p>\n<p style=\"text-align: justify;\">Za samo fotografiranje para, vedno priporo\u010dam <em>uro ali najve\u010d dve pred son\u010dnim zahodom<\/em>, saj nam takrat svetloba dopu\u0161\u010da, da naredimo ne\u017ene in <a href=\"https:\/\/nezareisner.com\/sl\/fotografiranje-para-na-nizozemskem\/\">svetle fotografije<\/a>, kakr\u0161en je moj stil. Fotografiranje obi\u010dajno traja <em>30 &#8211; 45 minut<\/em>. Na fotografiranju sva <em>vedno polna idej za razli\u010dne poze<\/em>, ki izpadejo \u010dim bolj naravno in spro\u0161\u010deno.<\/p>\n<h3><img loading=\"lazy\" class=\"aligncenter size-full wp-image-2649\" src=\"https:\/\/nezareisner.com\/wp-content\/uploads\/2017\/10\/02-FOTOGRAFIRANJE-77.jpg\" alt=\"\" width=\"1024\" height=\"684\" \/> <img loading=\"lazy\" class=\"aligncenter size-full wp-image-2651\" src=\"https:\/\/nezareisner.com\/wp-content\/uploads\/2017\/10\/02-FOTOGRAFIRANJE-86.jpg\" alt=\"\" width=\"1024\" height=\"684\" \/> <img loading=\"lazy\" class=\"aligncenter size-full wp-image-2653\" src=\"https:\/\/nezareisner.com\/wp-content\/uploads\/2017\/10\/05_FOTOGRAFIRANJE-27.jpg\" alt=\"\" width=\"1024\" height=\"684\" \/> <img loading=\"lazy\" class=\"aligncenter size-full wp-image-2655\" src=\"https:\/\/nezareisner.com\/wp-content\/uploads\/2017\/10\/06_FOTOGRAFIRANJE-1.jpg\" alt=\"\" width=\"1024\" height=\"684\" \/> <img loading=\"lazy\" class=\"aligncenter size-full wp-image-2659\" src=\"https:\/\/nezareisner.com\/wp-content\/uploads\/2017\/10\/VERONIKA_IN_BORIS_FOTOGRAFIRANJE_CB-14.jpg\" alt=\"\" width=\"1024\" height=\"684\" \/><img loading=\"lazy\" class=\"aligncenter wp-image-2657 size-full\" title=\"poro\u010dni fotograf 22\" src=\"https:\/\/nezareisner.com\/wp-content\/uploads\/2017\/10\/POROKA-KATJA-IN-MATIC-GROZNJAN-29042017-164.jpg\" alt=\"poro\u010dni fotograf 22\" width=\"1024\" height=\"684\" \/><\/h3>\n<p style=\"text-align: justify;\">Skozi cel dan u\u017eivava v fotografiranju <em>detaljov<\/em>, ki jih je par pripravil za njun poro\u010dni dan. \u010ce nama \u010das dopu\u0161\u010da prideva na vsako <a href=\"https:\/\/nezareisner.com\/sl\/porocne-lokacije-obala\/\">lokacijo<\/a> prva. Da si najprej vzameva nekaj minut za fotografiranje <em>ambienta in detajlev (lokacija civilnega obred, cerkvenega obreda in zabave)<\/em>.<\/p>\n<p style=\"text-align: justify;\">Na zabavi sku\u0161ava ujeti <em>veselje med svati<\/em> in seveda, <em>prvi ples<\/em> in <em>razrez torte<\/em>. Najini paketi vklju\u010duje <em>fotografiranje razreza torte ob polno\u010di<\/em>, z dopla\u010dilom pa ostaneva do kadar si par \u017eeli. \u010ce si \u017eenin in nevesta \u017eelita, si med zabavo vzamemo nekaj minut in <em>zunaj naredimo \u0161e nekaj no\u010dnih fotografij<\/em>.<\/p>\n<p style=\"text-align: justify;\">Po poroki, <em>v roku enega tedna po\u0161ljem prvih nekaj fotografij<\/em>, <em>mo\u017enosti za fotoknjige in ra\u010dun<\/em>. Kon\u010dni paket oddam paru v roku <em>6 tednov po poroki<\/em>. Od vsake poroke pripravim tudi <em>spletno galerijo<\/em> za\u0161\u010diteno z geslom, ki je dostopna na moji spletni strani. \u010ce \u017eelita, lahko povezavo in geslo delita s svati.<\/p>\n<h3><img loading=\"lazy\" class=\"aligncenter size-full wp-image-2661\" src=\"https:\/\/nezareisner.com\/wp-content\/uploads\/2017\/10\/Fotoknjiga-1.jpg\" alt=\"\" width=\"1024\" height=\"684\" \/> <img loading=\"lazy\" class=\"aligncenter size-full wp-image-2663\" src=\"https:\/\/nezareisner.com\/wp-content\/uploads\/2017\/10\/poro\u010dne-fotografije-2.jpg\" alt=\"\" width=\"1024\" height=\"684\" \/> <img loading=\"lazy\" class=\"aligncenter size-full wp-image-2665\" src=\"https:\/\/nezareisner.com\/wp-content\/uploads\/2017\/10\/Poro\u010dni-album.jpg\" alt=\"\" width=\"1024\" height=\"684\" \/><\/h3>\n<p style=\"text-align: justify;\">Vsem parom priporo\u010dam, da pri <em>izbiri poro\u010dnega fotografa<\/em> upo\u0161tevajo predvsem <em>stil fotografij<\/em>. Tistim, ki \u00a0jim je v\u0161e\u010d moj stil svetujem, da se dobimo, poklepetamo in vidimo, \u010de se ujamemo. Konec koncev boste ravno s fotografom pre\u017eiveli kar precej \u010dasa na va\u0161 poro\u010dni <a href=\"http:\/\/www.zaobljuba.si\/ponudnik\/porocni-fotograf\/neza-reisner-photography\">dan<\/a>. \u010ce se <em>odlo\u010dita za rezervacijo<\/em>, sem prepri\u010dana, da bomo s skupnimi idejami <em>ustvarili brez\u010dasen zapis poro\u010dnega dne<\/em>. Z veli\u010dastnostjo in posluhom za pripoved.<\/p>\n<p>&nbsp;<\/p>\n<h4 style=\"text-align: center;\">\u010ce vas zanima ve\u010d, mi napi\u0161ite \u010dim ve\u010d podrobnosti in \u017eelja za poro\u010dno fotografiranje<\/h4>\n<p>&nbsp;<\/p>\n\n<!-- This file should primarily consist of HTML with a little bit of PHP. -->\n<form class=\"flo-form\">\n    <div class=\"form-style1 topLabel \">\n        <input type=\"hidden\" name=\"flo_fid\" value=\"1147\">\n\n                                    <div class=\"field-row width-100 .kontaktni\">\n                <div class=\"field-box text \">\t\t\t\t<input type=\"text\" name=\"fid_9841\" placeholder=\"Ime\" id=\"fid_9841\" data-rule-required=\"true\" data-msg-required=\"This field is required\" value=\"\"\n\t\t\t\t>\n\t\t\t\t<\/div>                <\/div><!--                                --><div class=\"field-row width-100 .kontaktni\">\n                <div class=\"field-box email \">\t\t\t\t<input type=\"email\" name=\"fid_84978\" placeholder=\"E-mail\" id=\"fid_84978\"  data-rule-required=\"true\" data-rule-email=\"true\" data-msg-required=\"Please enter your email address\" data-msg-email=\"Please enter a valid email address\" value=\"\" >\n\t\t\t\t<\/div>                <\/div><!--                                --><div class=\"field-row width-100 .kontaktni\">\n                <div class=\"field-box textarea \">\t\t\t\t<textarea   name=\"fid_26038\" placeholder=\"Sporo\u010dilo\" id=\"fid_26038\"  data-rule-required=\"true\" data-msg-required=\"This field is required\" ><\/textarea>\n\n\t\t\t\t<\/div>                <\/div>                        \n\t\t\t<div class=\"field-row submit-row btn-center\">\n\t\t\t<input type=\"submit\" class=\"flo-submit-button\" style=\"\" value=\"PO\u0160LJI\">\n\t\t\t<div class=\"flo overlay-loader\">\n\t\t\t\t<div class=\"loader\">\n\t\t\t\t\t<div><\/div>\n\t\t\t\t\t<div><\/div>\n\t\t\t\t\t<div><\/div>\n\t\t\t\t\t<div><\/div>\n\t\t\t\t\t<div><\/div>\n\t\t\t\t\t<div><\/div>\n\t\t\t\t\t<div><\/div>\n\t\t\t\t<\/div>\n\t\t\t<\/div>\n\t\t<\/div>\n\n\t<\/div>\n\n\t<div class=\"flo-response\"><\/div>\n<\/form>\n\n\n\n","protected":false},"excerpt":{"rendered":"<p>Poro\u010dni fotograf . Dokumentarni poro\u010dni fotograf Prisr\u010dno vaju pozdravljam. Se bli\u017ea vajin veliki dan? Imata \u017ee izbrano lokacijo vajinega poro\u010dnega dne? In potrebujeta \u0161e poro\u010dnega fotografa? Sem Ne\u017ea Reisner, sem poro\u010dna fotografinja. Ustvarjanje tak\u0161nih lepih zgodb je moj na\u010din \u017eivljenja. Moje delo oz. stil fotografiranja porok lahko opredelim kot brez\u010dasen, romanti\u010den in eleganten. Zanimajo me [&hellip;]<\/p>\n","protected":false},"author":1,"featured_media":0,"parent":0,"menu_order":0,"comment_status":"closed","ping_status":"closed","template":"","meta":{"_monsterinsights_skip_tracking":false,"_monsterinsights_sitenote_active":false,"_monsterinsights_sitenote_note":"","_monsterinsights_sitenote_category":0},"yoast_head":"<!-- This site is optimized with the Yoast SEO plugin v16.5 - https:\/\/yoast.com\/wordpress\/plugins\/seo\/ -->\n<title>Poro\u010dni fotograf | Ne\u017ea Reisner - poro\u010dna fotografija<\/title>\n<meta name=\"description\" content=\"Poro\u010dni fotograf. Sem Ne\u017ea, sem poro\u010dna fotografinja. Ustvarjanje tak\u0161nih lepih zgodb je moj na\u010din \u017eivljenja. Poro\u010dni fotograf | Ne\u017ea Reisner Photography\" \/>\n<meta name=\"robots\" content=\"index, follow, max-snippet:-1, max-image-preview:large, max-video-preview:-1\" \/>\n<link rel=\"canonical\" href=\"https:\/\/nezareisner.com\/sl\/porocni-fotograf\/\" \/>\n<meta property=\"og:locale\" content=\"sl_SI\" \/>\n<meta property=\"og:type\" content=\"article\" \/>\n<meta property=\"og:title\" content=\"Poro\u010dni fotograf | Ne\u017ea Reisner - poro\u010dna fotografija\" \/>\n<meta property=\"og:description\" content=\"Poro\u010dni fotograf. Sem Ne\u017ea, sem poro\u010dna fotografinja. Ustvarjanje tak\u0161nih lepih zgodb je moj na\u010din \u017eivljenja. Poro\u010dni fotograf | Ne\u017ea Reisner Photography\" \/>\n<meta property=\"og:url\" content=\"https:\/\/nezareisner.com\/sl\/porocni-fotograf\/\" \/>\n<meta property=\"og:site_name\" content=\"Poro\u010dna fotografija | Ne\u017ea Reisner\" \/>\n<meta property=\"article:publisher\" content=\"https:\/\/www.facebook.com\/nrfotografija\/\" \/>\n<meta property=\"article:modified_time\" content=\"2018-02-13T12:20:59+00:00\" \/>\n<meta property=\"og:image\" content=\"https:\/\/nezareisner.com\/wp-content\/uploads\/2017\/10\/Fotografiranje-porok-6.jpg\" \/>\n<meta name=\"twitter:card\" content=\"summary\" \/>\n<meta name=\"twitter:label1\" content=\"Est. reading time\" \/>\n\t<meta name=\"twitter:data1\" content=\"5 minut\" \/>\n<script type=\"application\/ld+json\" class=\"yoast-schema-graph\">{\"@context\":\"https:\/\/schema.org\",\"@graph\":[{\"@type\":\"Organization\",\"@id\":\"https:\/\/nezareisner.com\/sl\/#organization\",\"name\":\"Ne\\u017ea Reisner Photography\",\"url\":\"https:\/\/nezareisner.com\/sl\/\",\"sameAs\":[\"https:\/\/www.facebook.com\/nrfotografija\/\",\"https:\/\/www.instagram.com\/nezareisnerphoto\/\"],\"logo\":{\"@type\":\"ImageObject\",\"@id\":\"https:\/\/nezareisner.com\/sl\/#logo\",\"inLanguage\":\"sl-SI\",\"url\":\"https:\/\/nezareisner.com\/wp-content\/uploads\/2017\/06\/logo-neza-reisner-1.png\",\"contentUrl\":\"https:\/\/nezareisner.com\/wp-content\/uploads\/2017\/06\/logo-neza-reisner-1.png\",\"width\":306,\"height\":306,\"caption\":\"Ne\\u017ea Reisner Photography\"},\"image\":{\"@id\":\"https:\/\/nezareisner.com\/sl\/#logo\"}},{\"@type\":\"WebSite\",\"@id\":\"https:\/\/nezareisner.com\/sl\/#website\",\"url\":\"https:\/\/nezareisner.com\/sl\/\",\"name\":\"Poro\\u010dna fotografija | Ne\\u017ea Reisner\",\"description\":\"Fotografiranje porok, novorojen\\u010dkov, dru\\u017ein, parov, zaro\\u010dna fotografija ...\",\"publisher\":{\"@id\":\"https:\/\/nezareisner.com\/sl\/#organization\"},\"potentialAction\":[{\"@type\":\"SearchAction\",\"target\":\"https:\/\/nezareisner.com\/sl\/?s={search_term_string}\",\"query-input\":\"required name=search_term_string\"}],\"inLanguage\":\"sl-SI\"},{\"@type\":\"ImageObject\",\"@id\":\"https:\/\/nezareisner.com\/sl\/porocni-fotograf\/#primaryimage\",\"inLanguage\":\"sl-SI\",\"url\":\"https:\/\/nezareisner.com\/wp-content\/uploads\/2017\/10\/Fotografiranje-porok-6.jpg\",\"contentUrl\":\"https:\/\/nezareisner.com\/wp-content\/uploads\/2017\/10\/Fotografiranje-porok-6.jpg\",\"width\":1024,\"height\":684},{\"@type\":\"WebPage\",\"@id\":\"https:\/\/nezareisner.com\/sl\/porocni-fotograf\/#webpage\",\"url\":\"https:\/\/nezareisner.com\/sl\/porocni-fotograf\/\",\"name\":\"Poro\\u010dni fotograf | Ne\\u017ea Reisner - poro\\u010dna fotografija\",\"isPartOf\":{\"@id\":\"https:\/\/nezareisner.com\/sl\/#website\"},\"primaryImageOfPage\":{\"@id\":\"https:\/\/nezareisner.com\/sl\/porocni-fotograf\/#primaryimage\"},\"datePublished\":\"2017-10-19T14:02:49+00:00\",\"dateModified\":\"2018-02-13T12:20:59+00:00\",\"description\":\"Poro\\u010dni fotograf. Sem Ne\\u017ea, sem poro\\u010dna fotografinja. Ustvarjanje tak\\u0161nih lepih zgodb je moj na\\u010din \\u017eivljenja. Poro\\u010dni fotograf | Ne\\u017ea Reisner Photography\",\"breadcrumb\":{\"@id\":\"https:\/\/nezareisner.com\/sl\/porocni-fotograf\/#breadcrumb\"},\"inLanguage\":\"sl-SI\",\"potentialAction\":[{\"@type\":\"ReadAction\",\"target\":[\"https:\/\/nezareisner.com\/sl\/porocni-fotograf\/\"]}]},{\"@type\":\"BreadcrumbList\",\"@id\":\"https:\/\/nezareisner.com\/sl\/porocni-fotograf\/#breadcrumb\",\"itemListElement\":[{\"@type\":\"ListItem\",\"position\":1,\"name\":\"Home\",\"item\":\"https:\/\/nezareisner.com\/sl\/\"},{\"@type\":\"ListItem\",\"position\":2,\"name\":\"Poro\\u010dni fotograf\"}]}]}<\/script>\n<!-- \/ Yoast SEO plugin. -->","_links":{"self":[{"href":"https:\/\/nezareisner.com\/sl\/wp-json\/wp\/v2\/pages\/2579"}],"collection":[{"href":"https:\/\/nezareisner.com\/sl\/wp-json\/wp\/v2\/pages"}],"about":[{"href":"https:\/\/nezareisner.com\/sl\/wp-json\/wp\/v2\/types\/page"}],"author":[{"embeddable":true,"href":"https:\/\/nezareisner.com\/sl\/wp-json\/wp\/v2\/users\/1"}],"replies":[{"embeddable":true,"href":"https:\/\/nezareisner.com\/sl\/wp-json\/wp\/v2\/comments?post=2579"}],"version-history":[{"count":34,"href":"https:\/\/nezareisner.com\/sl\/wp-json\/wp\/v2\/pages\/2579\/revisions"}],"predecessor-version":[{"id":5150,"href":"https:\/\/nezareisner.com\/sl\/wp-json\/wp\/v2\/pages\/2579\/revisions\/5150"}],"wp:attachment":[{"href":"https:\/\/nezareisner.com\/sl\/wp-json\/wp\/v2\/media?parent=2579"}],"curies":[{"name":"wp","href":"https:\/\/api.w.org\/{rel}","templated":true}]}}