{"id":2691,"date":"2017-10-21T16:16:36","date_gmt":"2017-10-21T14:16:36","guid":{"rendered":"https:\/\/nezareisner.com\/?page_id=2691"},"modified":"2018-01-05T13:33:26","modified_gmt":"2018-01-05T12:33:26","slug":"poroka-kras","status":"publish","type":"page","link":"https:\/\/nezareisner.com\/sl\/poroka-kras\/","title":{"rendered":"Poroka Kras"},"content":{"rendered":"<p>&nbsp;<\/p>\n<p style=\"text-align: justify;\">Pozdravljen mladi par &#8230; prisr\u010dno pozdravljena &#8230;<\/p>\n<p style=\"text-align: justify;\">Se v kratkem <a href=\"https:\/\/nezareisner.com\/sl\/\">poro\u010dita<\/a>? Je vajina izbrana lokacija za poro\u010dni dan kras? Morda \u0161e i\u0161\u010deta poro\u010dnega fotografa?<\/p>\n<p><a href=\"https:\/\/nezareisner.com\/wedding-pictures-stanjel\/\"><img loading=\"lazy\" class=\"aligncenter wp-image-2707 size-full\" title=\"poroka kras 11\" src=\"https:\/\/nezareisner.com\/wp-content\/uploads\/2017\/10\/poroka-kras-7.jpg\" alt=\"poroka kras 11\" width=\"1024\" height=\"684\" \/><\/a><\/p>\n<p style=\"text-align: justify;\">Moje ime je Ne\u017ea Reisner in vaju lepo pozdravljam kot poro\u010dna fotografinja.<\/p>\n<p><a href=\"https:\/\/nezareisner.com\/sl\/fotografiranje-porok-stanjel\/\"><img loading=\"lazy\" class=\"aligncenter wp-image-2703 size-full\" title=\"Poroka kras 33\" src=\"https:\/\/nezareisner.com\/wp-content\/uploads\/2017\/10\/poroka-kras-5.jpg\" alt=\"Poroka kras 33\" width=\"1024\" height=\"490\" \/><\/a><\/p>\n<p style=\"text-align: justify;\">Fotografija je krasen na\u010din kako ohranjati najpomembnej\u0161e trenutke <a href=\"https:\/\/nezareisner.com\/sl\/prava-ljubezen-v-maroku\/\">zapisane za vedno<\/a>. V opravljanju dela fotografinje, me vodi te\u017enja po izbrani estetitiki, odgovornosti do mojih strank ter \u017eelji, da ostanejo fotografije zapisane podobe dolo\u010dene stvarnosti.<\/p>\n<p><a href=\"https:\/\/nezareisner.com\/sl\/porocno-fotografiranje-navidezna-poroka\/\"><img loading=\"lazy\" class=\"aligncenter wp-image-2701 size-full\" title=\"Poroka kras 22\" src=\"https:\/\/nezareisner.com\/wp-content\/uploads\/2017\/10\/poroka-kras-4.jpg\" alt=\"Poroka kras 22\" width=\"1024\" height=\"490\" \/><\/a><\/p>\n<p style=\"text-align: justify;\">Skozi fotografijo se odkriva lepoto dru\u017eenja, ljubezni kot tudi lepoto izbrane <a href=\"\/?p=4333\">lokacije<\/a>. <a href=\"https:\/\/nezareisner.com\/sl\/poroka-na-krasu-hostel-pliskovica\/\">Kras<\/a> nudi krasno prilo\u017enost do\u017eiveti tako pomemben dan, kot je poro\u010dni dan, za izviren in \u010dustven na\u010din. \u010cudovita narava krasa nudi ob vsakem pogledu liri\u010den prizor, ustvarja mno\u017eico zapisov, ki se zlahka pretvori najlep\u0161o zgodbo.<\/p>\n<p style=\"text-align: justify;\"><img loading=\"lazy\" class=\"aligncenter size-full wp-image-2709\" src=\"https:\/\/nezareisner.com\/wp-content\/uploads\/2017\/10\/poroka-kras-8.jpg\" alt=\"\" width=\"1024\" height=\"684\" \/> <img loading=\"lazy\" class=\"aligncenter size-full wp-image-2705\" src=\"https:\/\/nezareisner.com\/wp-content\/uploads\/2017\/10\/poroka-kras-6.jpg\" alt=\"\" width=\"1024\" height=\"684\" \/> <img loading=\"lazy\" class=\"aligncenter wp-image-2699 size-full\" title=\"Poroka kras 55\" src=\"https:\/\/nezareisner.com\/wp-content\/uploads\/2017\/10\/poroka-kras-3.jpg\" alt=\"Poroka kras 55\" width=\"1024\" height=\"684\" \/> <img loading=\"lazy\" class=\"aligncenter size-full wp-image-2697\" src=\"https:\/\/nezareisner.com\/wp-content\/uploads\/2017\/10\/poroka-kras-2.jpg\" alt=\"\" width=\"1024\" height=\"684\" \/> <img loading=\"lazy\" class=\"aligncenter wp-image-2695 size-full\" title=\"Poroka kras 44\" src=\"https:\/\/nezareisner.com\/wp-content\/uploads\/2017\/10\/poroka-kras-1.jpg\" alt=\"Poroka kras 44\" width=\"1024\" height=\"684\" \/><\/p>\n<p style=\"text-align: justify;\">V kolikor sta mojo predstavitev prepoznala kot vama namenjeno in vama zanimivo ter izbrala <a href=\"https:\/\/nezareisner.com\/sl\/porocne-lokacije-obala\/\">kras<\/a> za poro\u010dni dan, vaju prisr\u010dno vabim, da mi po\u0161ljeta podatke o prihajajo\u010dem dnevu. Skupaj bomo na\u0161li pot do stvaritve <a href=\"http:\/\/jadorephotography.si\/\">brez\u010dasne zgodbe<\/a>.<\/p>\n<p>&nbsp;<\/p>\n\n<!-- This file should primarily consist of HTML with a little bit of PHP. -->\n<form class=\"flo-form\">\n    <div class=\"form-style1 topLabel \">\n        <input type=\"hidden\" name=\"flo_fid\" value=\"1147\">\n\n                                    <div class=\"field-row width-100 .kontaktni\">\n                <div class=\"field-box text \">\t\t\t\t<input type=\"text\" name=\"fid_9841\" placeholder=\"Ime\" id=\"fid_9841\" data-rule-required=\"true\" data-msg-required=\"This field is required\" value=\"\"\n\t\t\t\t>\n\t\t\t\t<\/div>                <\/div><!--                                --><div class=\"field-row width-100 .kontaktni\">\n                <div class=\"field-box email \">\t\t\t\t<input type=\"email\" name=\"fid_84978\" placeholder=\"E-mail\" id=\"fid_84978\"  data-rule-required=\"true\" data-rule-email=\"true\" data-msg-required=\"Please enter your email address\" data-msg-email=\"Please enter a valid email address\" value=\"\" >\n\t\t\t\t<\/div>                <\/div><!--                                --><div class=\"field-row width-100 .kontaktni\">\n                <div class=\"field-box textarea \">\t\t\t\t<textarea   name=\"fid_26038\" placeholder=\"Sporo\u010dilo\" id=\"fid_26038\"  data-rule-required=\"true\" data-msg-required=\"This field is required\" ><\/textarea>\n\n\t\t\t\t<\/div>                <\/div>                        \n\t\t\t<div class=\"field-row submit-row btn-center\">\n\t\t\t<input type=\"submit\" class=\"flo-submit-button\" style=\"\" value=\"PO\u0160LJI\">\n\t\t\t<div class=\"flo overlay-loader\">\n\t\t\t\t<div class=\"loader\">\n\t\t\t\t\t<div><\/div>\n\t\t\t\t\t<div><\/div>\n\t\t\t\t\t<div><\/div>\n\t\t\t\t\t<div><\/div>\n\t\t\t\t\t<div><\/div>\n\t\t\t\t\t<div><\/div>\n\t\t\t\t\t<div><\/div>\n\t\t\t\t<\/div>\n\t\t\t<\/div>\n\t\t<\/div>\n\n\t<\/div>\n\n\t<div class=\"flo-response\"><\/div>\n<\/form>\n\n\n\n","protected":false},"excerpt":{"rendered":"<p>&nbsp; Pozdravljen mladi par &#8230; prisr\u010dno pozdravljena &#8230; Se v kratkem poro\u010dita? Je vajina izbrana lokacija za poro\u010dni dan kras? Morda \u0161e i\u0161\u010deta poro\u010dnega fotografa? Moje ime je Ne\u017ea Reisner in vaju lepo pozdravljam kot poro\u010dna fotografinja. Fotografija je krasen na\u010din kako ohranjati najpomembnej\u0161e trenutke zapisane za vedno. V opravljanju dela fotografinje, me vodi te\u017enja [&hellip;]<\/p>\n","protected":false},"author":1,"featured_media":0,"parent":0,"menu_order":0,"comment_status":"closed","ping_status":"closed","template":"","meta":{"_monsterinsights_skip_tracking":false,"_monsterinsights_sitenote_active":false,"_monsterinsights_sitenote_note":"","_monsterinsights_sitenote_category":0},"yoast_head":"<!-- This site is optimized with the Yoast SEO plugin v16.5 - https:\/\/yoast.com\/wordpress\/plugins\/seo\/ -->\n<title>Poroka Kras | Poro\u010dni fotograf | Ne\u017ea Reisner - poro\u010dna fotografija<\/title>\n<meta name=\"description\" content=\"Poroka Kras. Kras nudi krasno prilo\u017enost do\u017eiveti tako pomemben dan, kot je poro\u010dni dan, za izviren in \u010dustven na\u010din. Poroka Kras\" \/>\n<meta name=\"robots\" content=\"index, follow, max-snippet:-1, max-image-preview:large, max-video-preview:-1\" \/>\n<link rel=\"canonical\" href=\"https:\/\/nezareisner.com\/sl\/poroka-kras\/\" \/>\n<meta property=\"og:locale\" content=\"sl_SI\" \/>\n<meta property=\"og:type\" content=\"article\" \/>\n<meta property=\"og:title\" content=\"Poroka Kras | Poro\u010dni fotograf | Ne\u017ea Reisner - poro\u010dna fotografija\" \/>\n<meta property=\"og:description\" content=\"Poroka Kras. Kras nudi krasno prilo\u017enost do\u017eiveti tako pomemben dan, kot je poro\u010dni dan, za izviren in \u010dustven na\u010din. Poroka Kras\" \/>\n<meta property=\"og:url\" content=\"https:\/\/nezareisner.com\/sl\/poroka-kras\/\" \/>\n<meta property=\"og:site_name\" content=\"Poro\u010dna fotografija | Ne\u017ea Reisner\" \/>\n<meta property=\"article:publisher\" content=\"https:\/\/www.facebook.com\/nrfotografija\/\" \/>\n<meta property=\"article:modified_time\" content=\"2018-01-05T12:33:26+00:00\" \/>\n<meta property=\"og:image\" content=\"https:\/\/nezareisner.com\/wp-content\/uploads\/2017\/10\/poroka-kras-7.jpg\" \/>\n<meta name=\"twitter:card\" content=\"summary\" \/>\n<meta name=\"twitter:label1\" content=\"Est. reading time\" \/>\n\t<meta name=\"twitter:data1\" content=\"1 minuta\" \/>\n<script type=\"application\/ld+json\" class=\"yoast-schema-graph\">{\"@context\":\"https:\/\/schema.org\",\"@graph\":[{\"@type\":\"Organization\",\"@id\":\"https:\/\/nezareisner.com\/sl\/#organization\",\"name\":\"Ne\\u017ea Reisner Photography\",\"url\":\"https:\/\/nezareisner.com\/sl\/\",\"sameAs\":[\"https:\/\/www.facebook.com\/nrfotografija\/\",\"https:\/\/www.instagram.com\/nezareisnerphoto\/\"],\"logo\":{\"@type\":\"ImageObject\",\"@id\":\"https:\/\/nezareisner.com\/sl\/#logo\",\"inLanguage\":\"sl-SI\",\"url\":\"https:\/\/nezareisner.com\/wp-content\/uploads\/2017\/06\/logo-neza-reisner-1.png\",\"contentUrl\":\"https:\/\/nezareisner.com\/wp-content\/uploads\/2017\/06\/logo-neza-reisner-1.png\",\"width\":306,\"height\":306,\"caption\":\"Ne\\u017ea Reisner Photography\"},\"image\":{\"@id\":\"https:\/\/nezareisner.com\/sl\/#logo\"}},{\"@type\":\"WebSite\",\"@id\":\"https:\/\/nezareisner.com\/sl\/#website\",\"url\":\"https:\/\/nezareisner.com\/sl\/\",\"name\":\"Poro\\u010dna fotografija | Ne\\u017ea Reisner\",\"description\":\"Fotografiranje porok, novorojen\\u010dkov, dru\\u017ein, parov, zaro\\u010dna fotografija ...\",\"publisher\":{\"@id\":\"https:\/\/nezareisner.com\/sl\/#organization\"},\"potentialAction\":[{\"@type\":\"SearchAction\",\"target\":\"https:\/\/nezareisner.com\/sl\/?s={search_term_string}\",\"query-input\":\"required name=search_term_string\"}],\"inLanguage\":\"sl-SI\"},{\"@type\":\"ImageObject\",\"@id\":\"https:\/\/nezareisner.com\/sl\/poroka-kras\/#primaryimage\",\"inLanguage\":\"sl-SI\",\"url\":\"https:\/\/nezareisner.com\/wp-content\/uploads\/2017\/10\/poroka-kras-7.jpg\",\"contentUrl\":\"https:\/\/nezareisner.com\/wp-content\/uploads\/2017\/10\/poroka-kras-7.jpg\",\"width\":1024,\"height\":684},{\"@type\":\"WebPage\",\"@id\":\"https:\/\/nezareisner.com\/sl\/poroka-kras\/#webpage\",\"url\":\"https:\/\/nezareisner.com\/sl\/poroka-kras\/\",\"name\":\"Poroka Kras | Poro\\u010dni fotograf | Ne\\u017ea Reisner - poro\\u010dna fotografija\",\"isPartOf\":{\"@id\":\"https:\/\/nezareisner.com\/sl\/#website\"},\"primaryImageOfPage\":{\"@id\":\"https:\/\/nezareisner.com\/sl\/poroka-kras\/#primaryimage\"},\"datePublished\":\"2017-10-21T14:16:36+00:00\",\"dateModified\":\"2018-01-05T12:33:26+00:00\",\"description\":\"Poroka Kras. Kras nudi krasno prilo\\u017enost do\\u017eiveti tako pomemben dan, kot je poro\\u010dni dan, za izviren in \\u010dustven na\\u010din. Poroka Kras\",\"breadcrumb\":{\"@id\":\"https:\/\/nezareisner.com\/sl\/poroka-kras\/#breadcrumb\"},\"inLanguage\":\"sl-SI\",\"potentialAction\":[{\"@type\":\"ReadAction\",\"target\":[\"https:\/\/nezareisner.com\/sl\/poroka-kras\/\"]}]},{\"@type\":\"BreadcrumbList\",\"@id\":\"https:\/\/nezareisner.com\/sl\/poroka-kras\/#breadcrumb\",\"itemListElement\":[{\"@type\":\"ListItem\",\"position\":1,\"name\":\"Home\",\"item\":\"https:\/\/nezareisner.com\/sl\/\"},{\"@type\":\"ListItem\",\"position\":2,\"name\":\"Poroka Kras\"}]}]}<\/script>\n<!-- \/ Yoast SEO plugin. -->","_links":{"self":[{"href":"https:\/\/nezareisner.com\/sl\/wp-json\/wp\/v2\/pages\/2691"}],"collection":[{"href":"https:\/\/nezareisner.com\/sl\/wp-json\/wp\/v2\/pages"}],"about":[{"href":"https:\/\/nezareisner.com\/sl\/wp-json\/wp\/v2\/types\/page"}],"author":[{"embeddable":true,"href":"https:\/\/nezareisner.com\/sl\/wp-json\/wp\/v2\/users\/1"}],"replies":[{"embeddable":true,"href":"https:\/\/nezareisner.com\/sl\/wp-json\/wp\/v2\/comments?post=2691"}],"version-history":[{"count":9,"href":"https:\/\/nezareisner.com\/sl\/wp-json\/wp\/v2\/pages\/2691\/revisions"}],"predecessor-version":[{"id":4668,"href":"https:\/\/nezareisner.com\/sl\/wp-json\/wp\/v2\/pages\/2691\/revisions\/4668"}],"wp:attachment":[{"href":"https:\/\/nezareisner.com\/sl\/wp-json\/wp\/v2\/media?parent=2691"}],"curies":[{"name":"wp","href":"https:\/\/api.w.org\/{rel}","templated":true}]}}