{"id":2712,"date":"2017-10-21T16:40:12","date_gmt":"2017-10-21T14:40:12","guid":{"rendered":"https:\/\/nezareisner.com\/?page_id=2712"},"modified":"2018-01-05T13:01:08","modified_gmt":"2018-01-05T12:01:08","slug":"poroka-dvorec-zemono","status":"publish","type":"page","link":"https:\/\/nezareisner.com\/sl\/poroka-dvorec-zemono\/","title":{"rendered":"Poroka dvorec Zemono"},"content":{"rendered":"<p style=\"text-align: justify;\">Prijazno pozdravljena.<\/p>\n<p><a href=\"https:\/\/nezareisner.com\/sl\/porocno-fotografiranje-navidezna-poroka\/\"><img loading=\"lazy\" class=\"aligncenter wp-image-2724 size-full\" title=\"Poroka dvorec Zemono 11\" src=\"https:\/\/nezareisner.com\/wp-content\/uploads\/2017\/10\/poroka-dvorec-zemono-6.jpg\" alt=\"Poroka dvorec Zemono 11\" width=\"1024\" height=\"684\" \/><\/a><\/p>\n<p style=\"text-align: justify;\">Se pribli\u017euje vajin poro\u010dni dan? Sta izbrala pre\u010dudovito okolje Dvorca Zemona za slavnostni moment vajinega \u010dasa? In morda \u0161e izbirata poro\u010dnega fotografa?<\/p>\n<p><a href=\"https:\/\/nezareisner.com\/sl\/fotografiranje-porok-stanjel\/\"><img loading=\"lazy\" class=\"aligncenter wp-image-2722 size-full\" title=\"Poroka dvorec Zemono 22\" src=\"https:\/\/nezareisner.com\/wp-content\/uploads\/2017\/10\/poroka-dvorec-zemono-5.jpg\" alt=\"Poroka dvorec Zemono 22\" width=\"1024\" height=\"490\" \/><\/a><\/p>\n<p style=\"text-align: justify;\">Moje ime je Ne\u017ea Reisner, <a href=\"https:\/\/nezareisner.com\/sl\/\">sem poro\u010dna fotografinja<\/a>, slavim estetiko zapisane podobe. Moje <a href=\"https:\/\/nezareisner.com\/sl\/prava-ljubezen-v-maroku\/\">delo oz stil<\/a> fotografiranja lahko opredelim kot brez\u010dasen, romanti\u010den in eleganten. Zanimajo me zgodbe, ki se pi\u0161ejo ob tako pomembnih prelomnicah kot je poro\u010dni dan. In prav tak\u0161ne velike zgodbe, dajejo profesionalni pomen mojemu ustvarjanju.<\/p>\n<p><a href=\"https:\/\/nezareisner.com\/sl\/porocno-fotografiranje-navidezna-poroka\/\"><img loading=\"lazy\" class=\"aligncenter wp-image-2720 size-full\" title=\"Poroka dvorec Zemono 33\" src=\"https:\/\/nezareisner.com\/wp-content\/uploads\/2017\/10\/poroka-dvorec-zemono-4.jpg\" alt=\"Poroka dvorec Zemono 33\" width=\"1024\" height=\"490\" \/><\/a><\/p>\n<p style=\"text-align: justify;\">Izbrana lokacija &#8211; <a href=\"http:\/\/www.prilojzetu.com\/\">Dvorec Zemono\u00a0<\/a>&#8211; , ki opeva lepoto Vipavske doline, ki izra\u017ea naklonjenost do <a href=\"https:\/\/nezareisner.com\/sl\/poroka-kras\/\">vinske trte<\/a> ter se vztrajno igra z mo\u010djo vetra, ponuja krasen prostor za slavje vajine ljubezni. Elementi lepote so torej zapolnjeni, potreben je samo dober moment, ki se prelevi v fotografski zapis. In tako se omogo\u010da \u010dasu, da postane neskon\u010den.<\/p>\n<p><img loading=\"lazy\" class=\"aligncenter wp-image-2728 size-full\" title=\"Poroka dvorec Zemono 44\" src=\"https:\/\/nezareisner.com\/wp-content\/uploads\/2017\/10\/poroka-dvorec-zemono-8.jpg\" alt=\"Poroka dvorec Zemono 44\" width=\"1024\" height=\"684\" \/> <img loading=\"lazy\" class=\"aligncenter size-full wp-image-2726\" src=\"https:\/\/nezareisner.com\/wp-content\/uploads\/2017\/10\/poroka-dvorec-zemono-7.jpg\" alt=\"\" width=\"1024\" height=\"684\" \/> <img loading=\"lazy\" class=\"aligncenter wp-image-2718 size-full\" title=\"Poroka dvorec Zemono 55\" src=\"https:\/\/nezareisner.com\/wp-content\/uploads\/2017\/10\/poroka-dvorec-zemono-3.jpg\" alt=\"Poroka dvorec Zemono 55\" width=\"1024\" height=\"684\" \/> <img loading=\"lazy\" class=\"aligncenter size-full wp-image-2716\" src=\"https:\/\/nezareisner.com\/wp-content\/uploads\/2017\/10\/poroka-dvorec-zemono-2.jpg\" alt=\"\" width=\"1024\" height=\"684\" \/> <img loading=\"lazy\" class=\"aligncenter wp-image-2714 size-full\" title=\"Poroka dvorec Zemono 6\" src=\"https:\/\/nezareisner.com\/wp-content\/uploads\/2017\/10\/poroka-dvorec-zemono-1.jpg\" alt=\"Poroka dvorec Zemono 66\" width=\"1024\" height=\"684\" \/><\/p>\n<p style=\"text-align: justify;\">\u010ce sta se v moji <a href=\"https:\/\/nezareisner.com\/sl\/porocni-fotograf-cena\/\">predstavitvi<\/a> dobro po\u010dutila, vaju vabim, da mi po\u0161ljeta sporo\u010dilo ter opi\u0161eta \u017eelje in pri\u010dakovanja vajinega poro\u010dnega dne. S skupnimi mo\u010dni ter pozitivno energijo, bomo ustvarili zgodbo prijetno za oko ter ji pripisali najbolj ble\u0161\u010de\u010do sre\u010do.<\/p>\n<p>&nbsp;<\/p>\n\n<!-- This file should primarily consist of HTML with a little bit of PHP. -->\n<form class=\"flo-form\">\n    <div class=\"form-style1 topLabel \">\n        <input type=\"hidden\" name=\"flo_fid\" value=\"1147\">\n\n                                    <div class=\"field-row width-100 .kontaktni\">\n                <div class=\"field-box text \">\t\t\t\t<input type=\"text\" name=\"fid_9841\" placeholder=\"Ime\" id=\"fid_9841\" data-rule-required=\"true\" data-msg-required=\"This field is required\" value=\"\"\n\t\t\t\t>\n\t\t\t\t<\/div>                <\/div><!--                                --><div class=\"field-row width-100 .kontaktni\">\n                <div class=\"field-box email \">\t\t\t\t<input type=\"email\" name=\"fid_84978\" placeholder=\"E-mail\" id=\"fid_84978\"  data-rule-required=\"true\" data-rule-email=\"true\" data-msg-required=\"Please enter your email address\" data-msg-email=\"Please enter a valid email address\" value=\"\" >\n\t\t\t\t<\/div>                <\/div><!--                                --><div class=\"field-row width-100 .kontaktni\">\n                <div class=\"field-box textarea \">\t\t\t\t<textarea   name=\"fid_26038\" placeholder=\"Sporo\u010dilo\" id=\"fid_26038\"  data-rule-required=\"true\" data-msg-required=\"This field is required\" ><\/textarea>\n\n\t\t\t\t<\/div>                <\/div>                        \n\t\t\t<div class=\"field-row submit-row btn-center\">\n\t\t\t<input type=\"submit\" class=\"flo-submit-button\" style=\"\" value=\"PO\u0160LJI\">\n\t\t\t<div class=\"flo overlay-loader\">\n\t\t\t\t<div class=\"loader\">\n\t\t\t\t\t<div><\/div>\n\t\t\t\t\t<div><\/div>\n\t\t\t\t\t<div><\/div>\n\t\t\t\t\t<div><\/div>\n\t\t\t\t\t<div><\/div>\n\t\t\t\t\t<div><\/div>\n\t\t\t\t\t<div><\/div>\n\t\t\t\t<\/div>\n\t\t\t<\/div>\n\t\t<\/div>\n\n\t<\/div>\n\n\t<div class=\"flo-response\"><\/div>\n<\/form>\n\n\n\n","protected":false},"excerpt":{"rendered":"<p>Prijazno pozdravljena. Se pribli\u017euje vajin poro\u010dni dan? Sta izbrala pre\u010dudovito okolje Dvorca Zemona za slavnostni moment vajinega \u010dasa? In morda \u0161e izbirata poro\u010dnega fotografa? Moje ime je Ne\u017ea Reisner, sem poro\u010dna fotografinja, slavim estetiko zapisane podobe. Moje delo oz stil fotografiranja lahko opredelim kot brez\u010dasen, romanti\u010den in eleganten. Zanimajo me zgodbe, ki se pi\u0161ejo ob [&hellip;]<\/p>\n","protected":false},"author":1,"featured_media":0,"parent":0,"menu_order":0,"comment_status":"closed","ping_status":"closed","template":"","meta":{"_monsterinsights_skip_tracking":false,"_monsterinsights_sitenote_active":false,"_monsterinsights_sitenote_note":"","_monsterinsights_sitenote_category":0},"yoast_head":"<!-- This site is optimized with the Yoast SEO plugin v16.5 - https:\/\/yoast.com\/wordpress\/plugins\/seo\/ -->\n<title>Poroka dvorec Zemono | Ne\u017ea Reisner - poro\u010dna fotografija<\/title>\n<meta name=\"description\" content=\"Poroka dvorec Zemono. Kras nudi krasno prilo\u017enost do\u017eiveti tako pomemben dan, kot je poro\u010dni dan, za izviren in \u010dustven na\u010din. Poroka dvorec Zemono\" \/>\n<meta name=\"robots\" content=\"index, follow, max-snippet:-1, max-image-preview:large, max-video-preview:-1\" \/>\n<link rel=\"canonical\" href=\"https:\/\/nezareisner.com\/sl\/poroka-dvorec-zemono\/\" \/>\n<meta property=\"og:locale\" content=\"sl_SI\" \/>\n<meta property=\"og:type\" content=\"article\" \/>\n<meta property=\"og:title\" content=\"Poroka dvorec Zemono | Ne\u017ea Reisner - poro\u010dna fotografija\" \/>\n<meta property=\"og:description\" content=\"Poroka dvorec Zemono. Kras nudi krasno prilo\u017enost do\u017eiveti tako pomemben dan, kot je poro\u010dni dan, za izviren in \u010dustven na\u010din. Poroka dvorec Zemono\" \/>\n<meta property=\"og:url\" content=\"https:\/\/nezareisner.com\/sl\/poroka-dvorec-zemono\/\" \/>\n<meta property=\"og:site_name\" content=\"Poro\u010dna fotografija | Ne\u017ea Reisner\" \/>\n<meta property=\"article:publisher\" content=\"https:\/\/www.facebook.com\/nrfotografija\/\" \/>\n<meta property=\"article:modified_time\" content=\"2018-01-05T12:01:08+00:00\" \/>\n<meta property=\"og:image\" content=\"https:\/\/nezareisner.com\/wp-content\/uploads\/2017\/10\/poroka-dvorec-zemono-6.jpg\" \/>\n<meta name=\"twitter:card\" content=\"summary\" \/>\n<meta name=\"twitter:label1\" content=\"Est. reading time\" \/>\n\t<meta name=\"twitter:data1\" content=\"1 minuta\" \/>\n<script type=\"application\/ld+json\" class=\"yoast-schema-graph\">{\"@context\":\"https:\/\/schema.org\",\"@graph\":[{\"@type\":\"Organization\",\"@id\":\"https:\/\/nezareisner.com\/sl\/#organization\",\"name\":\"Ne\\u017ea Reisner Photography\",\"url\":\"https:\/\/nezareisner.com\/sl\/\",\"sameAs\":[\"https:\/\/www.facebook.com\/nrfotografija\/\",\"https:\/\/www.instagram.com\/nezareisnerphoto\/\"],\"logo\":{\"@type\":\"ImageObject\",\"@id\":\"https:\/\/nezareisner.com\/sl\/#logo\",\"inLanguage\":\"sl-SI\",\"url\":\"https:\/\/nezareisner.com\/wp-content\/uploads\/2017\/06\/logo-neza-reisner-1.png\",\"contentUrl\":\"https:\/\/nezareisner.com\/wp-content\/uploads\/2017\/06\/logo-neza-reisner-1.png\",\"width\":306,\"height\":306,\"caption\":\"Ne\\u017ea Reisner Photography\"},\"image\":{\"@id\":\"https:\/\/nezareisner.com\/sl\/#logo\"}},{\"@type\":\"WebSite\",\"@id\":\"https:\/\/nezareisner.com\/sl\/#website\",\"url\":\"https:\/\/nezareisner.com\/sl\/\",\"name\":\"Poro\\u010dna fotografija | Ne\\u017ea Reisner\",\"description\":\"Fotografiranje porok, novorojen\\u010dkov, dru\\u017ein, parov, zaro\\u010dna fotografija ...\",\"publisher\":{\"@id\":\"https:\/\/nezareisner.com\/sl\/#organization\"},\"potentialAction\":[{\"@type\":\"SearchAction\",\"target\":\"https:\/\/nezareisner.com\/sl\/?s={search_term_string}\",\"query-input\":\"required name=search_term_string\"}],\"inLanguage\":\"sl-SI\"},{\"@type\":\"ImageObject\",\"@id\":\"https:\/\/nezareisner.com\/sl\/poroka-dvorec-zemono\/#primaryimage\",\"inLanguage\":\"sl-SI\",\"url\":\"https:\/\/nezareisner.com\/wp-content\/uploads\/2017\/10\/poroka-dvorec-zemono-6.jpg\",\"contentUrl\":\"https:\/\/nezareisner.com\/wp-content\/uploads\/2017\/10\/poroka-dvorec-zemono-6.jpg\",\"width\":1024,\"height\":684},{\"@type\":\"WebPage\",\"@id\":\"https:\/\/nezareisner.com\/sl\/poroka-dvorec-zemono\/#webpage\",\"url\":\"https:\/\/nezareisner.com\/sl\/poroka-dvorec-zemono\/\",\"name\":\"Poroka dvorec Zemono | Ne\\u017ea Reisner - poro\\u010dna fotografija\",\"isPartOf\":{\"@id\":\"https:\/\/nezareisner.com\/sl\/#website\"},\"primaryImageOfPage\":{\"@id\":\"https:\/\/nezareisner.com\/sl\/poroka-dvorec-zemono\/#primaryimage\"},\"datePublished\":\"2017-10-21T14:40:12+00:00\",\"dateModified\":\"2018-01-05T12:01:08+00:00\",\"description\":\"Poroka dvorec Zemono. Kras nudi krasno prilo\\u017enost do\\u017eiveti tako pomemben dan, kot je poro\\u010dni dan, za izviren in \\u010dustven na\\u010din. Poroka dvorec Zemono\",\"breadcrumb\":{\"@id\":\"https:\/\/nezareisner.com\/sl\/poroka-dvorec-zemono\/#breadcrumb\"},\"inLanguage\":\"sl-SI\",\"potentialAction\":[{\"@type\":\"ReadAction\",\"target\":[\"https:\/\/nezareisner.com\/sl\/poroka-dvorec-zemono\/\"]}]},{\"@type\":\"BreadcrumbList\",\"@id\":\"https:\/\/nezareisner.com\/sl\/poroka-dvorec-zemono\/#breadcrumb\",\"itemListElement\":[{\"@type\":\"ListItem\",\"position\":1,\"name\":\"Home\",\"item\":\"https:\/\/nezareisner.com\/sl\/\"},{\"@type\":\"ListItem\",\"position\":2,\"name\":\"Poroka dvorec Zemono\"}]}]}<\/script>\n<!-- \/ Yoast SEO plugin. -->","_links":{"self":[{"href":"https:\/\/nezareisner.com\/sl\/wp-json\/wp\/v2\/pages\/2712"}],"collection":[{"href":"https:\/\/nezareisner.com\/sl\/wp-json\/wp\/v2\/pages"}],"about":[{"href":"https:\/\/nezareisner.com\/sl\/wp-json\/wp\/v2\/types\/page"}],"author":[{"embeddable":true,"href":"https:\/\/nezareisner.com\/sl\/wp-json\/wp\/v2\/users\/1"}],"replies":[{"embeddable":true,"href":"https:\/\/nezareisner.com\/sl\/wp-json\/wp\/v2\/comments?post=2712"}],"version-history":[{"count":7,"href":"https:\/\/nezareisner.com\/sl\/wp-json\/wp\/v2\/pages\/2712\/revisions"}],"predecessor-version":[{"id":4662,"href":"https:\/\/nezareisner.com\/sl\/wp-json\/wp\/v2\/pages\/2712\/revisions\/4662"}],"wp:attachment":[{"href":"https:\/\/nezareisner.com\/sl\/wp-json\/wp\/v2\/media?parent=2712"}],"curies":[{"name":"wp","href":"https:\/\/api.w.org\/{rel}","templated":true}]}}