{"id":2969,"date":"2017-10-27T12:33:00","date_gmt":"2017-10-27T10:33:00","guid":{"rendered":"https:\/\/nezareisner.com\/?page_id=2969"},"modified":"2018-01-05T13:38:34","modified_gmt":"2018-01-05T12:38:34","slug":"poroka-na-krasu-hostel-pliskovica","status":"publish","type":"page","link":"https:\/\/nezareisner.com\/sl\/poroka-na-krasu-hostel-pliskovica\/","title":{"rendered":"Poroka na krasu &#8211; Hostel Pliskovica"},"content":{"rendered":"<h6><\/h6>\n<p style=\"text-align: justify;\">Prisr\u010dno pozdravljen <a href=\"https:\/\/nezareisner.com\/sl\/\">mladi par<\/a>&#8230;<\/p>\n<p><img loading=\"lazy\" class=\"aligncenter wp-image-2980 size-full\" title=\"poroka na krasu 5\" src=\"https:\/\/nezareisner.com\/wp-content\/uploads\/2017\/10\/poroka-na-krasu-6.jpg\" alt=\"poroka na krasu 5\" width=\"1024\" height=\"684\" \/><\/p>\n<p style=\"text-align: justify;\">Se bli\u017ea vajin <a href=\"https:\/\/nezareisner.com\/sl\/poroka\/\">veliki dan<\/a>? Imata \u017ee izbrano <a href=\"https:\/\/nezareisner.com\/sl\/poroka-kras\/\">lokacijo vajinega poro\u010dnega dne<\/a>? Mogo\u010de <a href=\"http:\/\/www.hostelkras.com\/\">Pliskovica<\/a>? In potrebujeta \u0161e poro\u010dnega fotografa?<\/p>\n<p><a href=\"https:\/\/nezareisner.com\/sl\/fotografiranje-porok-stanjel\/\"><img loading=\"lazy\" class=\"aligncenter wp-image-2978 size-full\" title=\"poroka na krasu 4\" src=\"https:\/\/nezareisner.com\/wp-content\/uploads\/2017\/10\/poroka-na-krasu-5.jpg\" alt=\"poroka na krasu 4\" width=\"1024\" height=\"490\" \/><\/a><\/p>\n<p style=\"text-align: justify;\">Torej, moje ime je Ne\u017ea Reisner in sem poro\u010dna fotografinja. Moje delo zajema iskanje in ustvarjanje <a href=\"https:\/\/nezareisner.com\/sl\/fotografiranje-para-na-nizozemskem\/\">najlep\u0161i zgodb<\/a>, ki se zgodijo. Poro\u010dni dan je eden tak\u0161nih <a href=\"https:\/\/nezareisner.com\/sl\/predporocno-fotografiranje-v-maroku\/\">prelomnic<\/a>, ki ostanejo za vedno v spominu, \u0161e lep\u0161e pa je, \u010de je zabele\u017een kot fotografska podoba. Stil mojega fotografiranja bi opredelila kot brez\u010dasen, <a href=\"https:\/\/nezareisner.com\/sl\/poroka-dvorec-zemono\/\">romanti\u010den<\/a> ter eleganten.<\/p>\n<p><a href=\"https:\/\/nezareisner.com\/sl\/porocno-fotografiranje-navidezna-poroka\/\"><img loading=\"lazy\" class=\"aligncenter wp-image-2976 size-full\" title=\"poroka na krasu 3\" src=\"https:\/\/nezareisner.com\/wp-content\/uploads\/2017\/10\/poroka-na-krasu-4.jpg\" alt=\"poroka na krasu 3\" width=\"1024\" height=\"490\" \/><\/a><\/p>\n<p style=\"text-align: justify;\">Pliskovica je vas sredi prostarne <a href=\"https:\/\/nezareisner.com\/sl\/fotografiranje-porok-stanjel\/\">kra\u0161ke planote<\/a>, ovita v lepoto, ki jo zna opisati samo kak\u0161na pesni\u0161ka beseda. Je hkrati <a href=\"https:\/\/nezareisner.com\/sl\/poroka-kempinski-palace-hotel\/\">prostor<\/a>, ki se krasno zari\u0161e na fotografijo. Ker je vas dobila ime po tamkaj\u0161njih drobnih pticah, je \u017ee sam uvod v zgodbo zelo poeti\u010den.<\/p>\n<p><img loading=\"lazy\" class=\"aligncenter size-full wp-image-2984\" src=\"https:\/\/nezareisner.com\/wp-content\/uploads\/2017\/10\/poroka-na-krasu-8.jpg\" alt=\"\" width=\"1024\" height=\"684\" \/> <img loading=\"lazy\" class=\"aligncenter wp-image-2974 size-full\" title=\"poroka na krasu 2\" src=\"https:\/\/nezareisner.com\/wp-content\/uploads\/2017\/10\/poroka-na-krasu-3.jpg\" alt=\"poroka na krasu 2\" width=\"1024\" height=\"684\" \/> <img loading=\"lazy\" class=\"aligncenter size-full wp-image-2982\" src=\"https:\/\/nezareisner.com\/wp-content\/uploads\/2017\/10\/poroka-na-krasu-7.jpg\" alt=\"\" width=\"1024\" height=\"684\" \/> <img loading=\"lazy\" class=\"aligncenter size-full wp-image-2970\" src=\"https:\/\/nezareisner.com\/wp-content\/uploads\/2017\/10\/poroka-na-krasu-1.jpg\" alt=\"\" width=\"1024\" height=\"684\" \/> <img loading=\"lazy\" class=\"aligncenter wp-image-2972 size-full\" title=\"poroka na krasu 1\" src=\"https:\/\/nezareisner.com\/wp-content\/uploads\/2017\/10\/poroka-na-krasu-2.jpg\" alt=\"poroka na krasu 1\" width=\"1024\" height=\"684\" \/><\/p>\n<p style=\"text-align: justify;\">\u010ce se vama zdi, da bi lahko skupaj naredili skupek <a href=\"https:\/\/nezareisner.com\/sl\/porocno-potovanje-po-sahari\/\">lepih stvari<\/a>, vaju vabim, da mi po\u0161ljeta \u010dimve\u010d podatkov o prihajajo\u010dem poro\u010dnem dnevu. Tako bomo najla\u017eje <a href=\"https:\/\/nezareisner.com\/sl\/porocna-fotografija-pariz\/\">zabele\u017eili dan<\/a>, kjer se ustvari obljuba vseh obljub.<\/p>\n<p>&nbsp;<\/p>\n\n<!-- This file should primarily consist of HTML with a little bit of PHP. -->\n<form class=\"flo-form\">\n    <div class=\"form-style1 topLabel \">\n        <input type=\"hidden\" name=\"flo_fid\" value=\"1147\">\n\n                                    <div class=\"field-row width-100 .kontaktni\">\n                <div class=\"field-box text \">\t\t\t\t<input type=\"text\" name=\"fid_9841\" placeholder=\"Ime\" id=\"fid_9841\" data-rule-required=\"true\" data-msg-required=\"This field is required\" value=\"\"\n\t\t\t\t>\n\t\t\t\t<\/div>                <\/div><!--                                --><div class=\"field-row width-100 .kontaktni\">\n                <div class=\"field-box email \">\t\t\t\t<input type=\"email\" name=\"fid_84978\" placeholder=\"E-mail\" id=\"fid_84978\"  data-rule-required=\"true\" data-rule-email=\"true\" data-msg-required=\"Please enter your email address\" data-msg-email=\"Please enter a valid email address\" value=\"\" >\n\t\t\t\t<\/div>                <\/div><!--                                --><div class=\"field-row width-100 .kontaktni\">\n                <div class=\"field-box textarea \">\t\t\t\t<textarea   name=\"fid_26038\" placeholder=\"Sporo\u010dilo\" id=\"fid_26038\"  data-rule-required=\"true\" data-msg-required=\"This field is required\" ><\/textarea>\n\n\t\t\t\t<\/div>                <\/div>                        \n\t\t\t<div class=\"field-row submit-row btn-center\">\n\t\t\t<input type=\"submit\" class=\"flo-submit-button\" style=\"\" value=\"PO\u0160LJI\">\n\t\t\t<div class=\"flo overlay-loader\">\n\t\t\t\t<div class=\"loader\">\n\t\t\t\t\t<div><\/div>\n\t\t\t\t\t<div><\/div>\n\t\t\t\t\t<div><\/div>\n\t\t\t\t\t<div><\/div>\n\t\t\t\t\t<div><\/div>\n\t\t\t\t\t<div><\/div>\n\t\t\t\t\t<div><\/div>\n\t\t\t\t<\/div>\n\t\t\t<\/div>\n\t\t<\/div>\n\n\t<\/div>\n\n\t<div class=\"flo-response\"><\/div>\n<\/form>\n\n\n\n","protected":false},"excerpt":{"rendered":"<p>Prisr\u010dno pozdravljen mladi par&#8230; Se bli\u017ea vajin veliki dan? Imata \u017ee izbrano lokacijo vajinega poro\u010dnega dne? Mogo\u010de Pliskovica? In potrebujeta \u0161e poro\u010dnega fotografa? Torej, moje ime je Ne\u017ea Reisner in sem poro\u010dna fotografinja. Moje delo zajema iskanje in ustvarjanje najlep\u0161i zgodb, ki se zgodijo. Poro\u010dni dan je eden tak\u0161nih prelomnic, ki ostanejo za vedno v [&hellip;]<\/p>\n","protected":false},"author":1,"featured_media":0,"parent":0,"menu_order":0,"comment_status":"closed","ping_status":"closed","template":"","meta":{"_monsterinsights_skip_tracking":false,"_monsterinsights_sitenote_active":false,"_monsterinsights_sitenote_note":"","_monsterinsights_sitenote_category":0},"yoast_head":"<!-- This site is optimized with the Yoast SEO plugin v16.5 - https:\/\/yoast.com\/wordpress\/plugins\/seo\/ -->\n<title>Poroka na krasu - Hostel Pliskovica | Ne\u017ea Reisner - poro\u010dna fotografija<\/title>\n<meta name=\"description\" content=\"Poroka na krasu. Pliskovica je vas sredi prostarne kra\u0161ke planote, ovita v lepoto, ki jo zna opisati samo kak\u0161na pesni\u0161ka beseda. Poroka na krasu\" \/>\n<meta name=\"robots\" content=\"index, follow, max-snippet:-1, max-image-preview:large, max-video-preview:-1\" \/>\n<link rel=\"canonical\" href=\"http:\/\/nezareisner.com\/sl\/poroka-na-krasu-hostel-pliskovica\/\" \/>\n<meta property=\"og:locale\" content=\"sl_SI\" \/>\n<meta property=\"og:type\" content=\"article\" \/>\n<meta property=\"og:title\" content=\"Poroka na krasu - Hostel Pliskovica | Ne\u017ea Reisner - poro\u010dna fotografija\" \/>\n<meta property=\"og:description\" content=\"Poroka na krasu. Pliskovica je vas sredi prostarne kra\u0161ke planote, ovita v lepoto, ki jo zna opisati samo kak\u0161na pesni\u0161ka beseda. Poroka na krasu\" \/>\n<meta property=\"og:url\" content=\"http:\/\/nezareisner.com\/sl\/poroka-na-krasu-hostel-pliskovica\/\" \/>\n<meta property=\"og:site_name\" content=\"Poro\u010dna fotografija | Ne\u017ea Reisner\" \/>\n<meta property=\"article:publisher\" content=\"https:\/\/www.facebook.com\/nrfotografija\/\" \/>\n<meta property=\"article:modified_time\" content=\"2018-01-05T12:38:34+00:00\" \/>\n<meta property=\"og:image\" content=\"https:\/\/nezareisner.com\/wp-content\/uploads\/2017\/10\/poroka-na-krasu-6.jpg\" \/>\n<meta name=\"twitter:card\" content=\"summary\" \/>\n<meta name=\"twitter:label1\" content=\"Est. reading time\" \/>\n\t<meta name=\"twitter:data1\" content=\"1 minuta\" \/>\n<script type=\"application\/ld+json\" class=\"yoast-schema-graph\">{\"@context\":\"https:\/\/schema.org\",\"@graph\":[{\"@type\":\"Organization\",\"@id\":\"https:\/\/nezareisner.com\/sl\/#organization\",\"name\":\"Ne\\u017ea Reisner Photography\",\"url\":\"https:\/\/nezareisner.com\/sl\/\",\"sameAs\":[\"https:\/\/www.facebook.com\/nrfotografija\/\",\"https:\/\/www.instagram.com\/nezareisnerphoto\/\"],\"logo\":{\"@type\":\"ImageObject\",\"@id\":\"https:\/\/nezareisner.com\/sl\/#logo\",\"inLanguage\":\"sl-SI\",\"url\":\"https:\/\/nezareisner.com\/wp-content\/uploads\/2017\/06\/logo-neza-reisner-1.png\",\"contentUrl\":\"https:\/\/nezareisner.com\/wp-content\/uploads\/2017\/06\/logo-neza-reisner-1.png\",\"width\":306,\"height\":306,\"caption\":\"Ne\\u017ea Reisner Photography\"},\"image\":{\"@id\":\"https:\/\/nezareisner.com\/sl\/#logo\"}},{\"@type\":\"WebSite\",\"@id\":\"https:\/\/nezareisner.com\/sl\/#website\",\"url\":\"https:\/\/nezareisner.com\/sl\/\",\"name\":\"Poro\\u010dna fotografija | Ne\\u017ea Reisner\",\"description\":\"Fotografiranje porok, novorojen\\u010dkov, dru\\u017ein, parov, zaro\\u010dna fotografija ...\",\"publisher\":{\"@id\":\"https:\/\/nezareisner.com\/sl\/#organization\"},\"potentialAction\":[{\"@type\":\"SearchAction\",\"target\":\"https:\/\/nezareisner.com\/sl\/?s={search_term_string}\",\"query-input\":\"required name=search_term_string\"}],\"inLanguage\":\"sl-SI\"},{\"@type\":\"ImageObject\",\"@id\":\"http:\/\/nezareisner.com\/sl\/poroka-na-krasu-hostel-pliskovica\/#primaryimage\",\"inLanguage\":\"sl-SI\",\"url\":\"https:\/\/nezareisner.com\/wp-content\/uploads\/2017\/10\/poroka-na-krasu-6.jpg\",\"contentUrl\":\"https:\/\/nezareisner.com\/wp-content\/uploads\/2017\/10\/poroka-na-krasu-6.jpg\",\"width\":1024,\"height\":684},{\"@type\":\"WebPage\",\"@id\":\"http:\/\/nezareisner.com\/sl\/poroka-na-krasu-hostel-pliskovica\/#webpage\",\"url\":\"http:\/\/nezareisner.com\/sl\/poroka-na-krasu-hostel-pliskovica\/\",\"name\":\"Poroka na krasu - Hostel Pliskovica | Ne\\u017ea Reisner - poro\\u010dna fotografija\",\"isPartOf\":{\"@id\":\"https:\/\/nezareisner.com\/sl\/#website\"},\"primaryImageOfPage\":{\"@id\":\"http:\/\/nezareisner.com\/sl\/poroka-na-krasu-hostel-pliskovica\/#primaryimage\"},\"datePublished\":\"2017-10-27T10:33:00+00:00\",\"dateModified\":\"2018-01-05T12:38:34+00:00\",\"description\":\"Poroka na krasu. Pliskovica je vas sredi prostarne kra\\u0161ke planote, ovita v lepoto, ki jo zna opisati samo kak\\u0161na pesni\\u0161ka beseda. Poroka na krasu\",\"breadcrumb\":{\"@id\":\"http:\/\/nezareisner.com\/sl\/poroka-na-krasu-hostel-pliskovica\/#breadcrumb\"},\"inLanguage\":\"sl-SI\",\"potentialAction\":[{\"@type\":\"ReadAction\",\"target\":[\"http:\/\/nezareisner.com\/sl\/poroka-na-krasu-hostel-pliskovica\/\"]}]},{\"@type\":\"BreadcrumbList\",\"@id\":\"http:\/\/nezareisner.com\/sl\/poroka-na-krasu-hostel-pliskovica\/#breadcrumb\",\"itemListElement\":[{\"@type\":\"ListItem\",\"position\":1,\"name\":\"Home\",\"item\":\"https:\/\/nezareisner.com\/sl\/\"},{\"@type\":\"ListItem\",\"position\":2,\"name\":\"Poroka na krasu &#8211; Hostel Pliskovica\"}]}]}<\/script>\n<!-- \/ Yoast SEO plugin. -->","_links":{"self":[{"href":"https:\/\/nezareisner.com\/sl\/wp-json\/wp\/v2\/pages\/2969"}],"collection":[{"href":"https:\/\/nezareisner.com\/sl\/wp-json\/wp\/v2\/pages"}],"about":[{"href":"https:\/\/nezareisner.com\/sl\/wp-json\/wp\/v2\/types\/page"}],"author":[{"embeddable":true,"href":"https:\/\/nezareisner.com\/sl\/wp-json\/wp\/v2\/users\/1"}],"replies":[{"embeddable":true,"href":"https:\/\/nezareisner.com\/sl\/wp-json\/wp\/v2\/comments?post=2969"}],"version-history":[{"count":6,"href":"https:\/\/nezareisner.com\/sl\/wp-json\/wp\/v2\/pages\/2969\/revisions"}],"predecessor-version":[{"id":4669,"href":"https:\/\/nezareisner.com\/sl\/wp-json\/wp\/v2\/pages\/2969\/revisions\/4669"}],"wp:attachment":[{"href":"https:\/\/nezareisner.com\/sl\/wp-json\/wp\/v2\/media?parent=2969"}],"curies":[{"name":"wp","href":"https:\/\/api.w.org\/{rel}","templated":true}]}}