{"id":2987,"date":"2017-10-27T15:04:00","date_gmt":"2017-10-27T13:04:00","guid":{"rendered":"https:\/\/nezareisner.com\/?page_id=2987"},"modified":"2018-01-05T13:44:52","modified_gmt":"2018-01-05T12:44:52","slug":"poroka-piran","status":"publish","type":"page","link":"https:\/\/nezareisner.com\/sl\/poroka-piran\/","title":{"rendered":"Poroka Piran"},"content":{"rendered":"<p>&nbsp;<\/p>\n<p>Lepo vaju pozdravljam, mladi par&#8230;<\/p>\n<p><img loading=\"lazy\" class=\"aligncenter wp-image-2988 size-full\" title=\"poroka piran 2\" src=\"https:\/\/nezareisner.com\/wp-content\/uploads\/2017\/10\/Poroka-piran-1.jpg\" alt=\"poroka piran 2\" width=\"1024\" height=\"684\" \/><\/p>\n<p style=\"text-align: justify;\">Se bli\u017ea vajin poro\u010dni dan? Sta izbrala <a href=\"http:\/\/www.piran.si\/\">Piran<\/a> za izrek velike obljube? Morda \u0161e <a href=\"https:\/\/nezareisner.com\/sl\/\">izbirata<\/a> poro\u010dnega fotografa?<\/p>\n<p><a href=\"https:\/\/nezareisner.com\/sl\/fotografiranje-porok-stanjel\/\"><img loading=\"lazy\" class=\"aligncenter wp-image-3002 size-full\" title=\"poroka piran 1\" src=\"https:\/\/nezareisner.com\/wp-content\/uploads\/2017\/10\/Poroka-piran-8.jpg\" alt=\"poroka piran 1\" width=\"1024\" height=\"490\" \/><\/a><\/p>\n<p style=\"text-align: justify;\">Sem Ne\u017ea Reisner, sem <a href=\"https:\/\/nezareisner.com\/sl\/porocni-fotograf\/\">poro\u010dna fotografinja<\/a> in sem velika obo\u017eevalka morskih krajev, estetike, ki se odra\u017ea na <a href=\"https:\/\/nezareisner.com\/sl\/porocni-fotograf-cena\/\">tem podro\u010dju<\/a>. Moje fotografije bi lahko opredila kot brez\u010dasne, <a href=\"https:\/\/nezareisner.com\/sl\/poroka-zicka-kartuzija\/\">elegantne<\/a> ter romanti\u010dne. Verjamem v svoje delo, ga z najve\u010djim veseljem tudi opravljam. Rada imam nova <a href=\"\/?p=2036\">poznanstva<\/a>, predsvem zaradi dejstva, da se vedno znova ob tem zgodi pripoved, ki je vredna fotografskega zapisa.<\/p>\n<p><a href=\"https:\/\/nezareisner.com\/sl\/porocno-fotografiranje-navidezna-poroka\/\"><img loading=\"lazy\" class=\"aligncenter wp-image-3000 size-full\" title=\"poroka piran 3\" src=\"https:\/\/nezareisner.com\/wp-content\/uploads\/2017\/10\/Poroka-piran-7.jpg\" alt=\"poroka piran 3\" width=\"1024\" height=\"490\" \/><\/a><\/p>\n<p style=\"text-align: justify;\"><a href=\"https:\/\/sl.wikipedia.org\/wiki\/Piran\">Piran<\/a> je popolna romantika morskega obmo\u010dja. S svojo krasno <a href=\"https:\/\/nezareisner.com\/sl\/porocno-fotografiranje-navidezna-poroka\/\">arhitekturo<\/a>, vzdu\u0161jem, vonjem ter <a href=\"https:\/\/nezareisner.com\/sl\/poroka-tri-lucke\/\">privla\u010dnostjo<\/a>, o\u010dara vsakogar, ki ga obi\u0161\u010de. Poro\u010dni dan v tak\u0161em okolju pri\u010dara ve\u010dno toplino v srcu. Ob\u010dutek brez\u010dasnosti, ki ga premore le Piran, se tako \u010darobno izri\u0161e na fotografski zapis. Skupek \u010dudovitih estetskih elementov s \u010dustveno noto velikega dne, to je poro\u010dni dan v Piranu.<\/p>\n<p><img loading=\"lazy\" class=\"aligncenter wp-image-2992 size-full\" title=\"poroka piran 4\" src=\"https:\/\/nezareisner.com\/wp-content\/uploads\/2017\/10\/Poroka-piran-3.jpg\" alt=\"poroka piran 4\" width=\"1024\" height=\"684\" \/><img loading=\"lazy\" class=\"aligncenter size-full wp-image-2990\" src=\"https:\/\/nezareisner.com\/wp-content\/uploads\/2017\/10\/Poroka-piran-2.jpg\" alt=\"\" width=\"1024\" height=\"684\" \/><img loading=\"lazy\" class=\"aligncenter wp-image-3008 size-full\" title=\"poroka piran 5\" src=\"https:\/\/nezareisner.com\/wp-content\/uploads\/2017\/10\/Poroka-piran-11.jpg\" alt=\"poroka piran 5\" width=\"1024\" height=\"684\" \/><img loading=\"lazy\" class=\"aligncenter size-full wp-image-3006\" src=\"https:\/\/nezareisner.com\/wp-content\/uploads\/2017\/10\/Poroka-piran-10.jpg\" alt=\"\" width=\"1024\" height=\"684\" \/><img loading=\"lazy\" class=\"aligncenter wp-image-3004 size-full\" title=\"poroka piran 6\" src=\"https:\/\/nezareisner.com\/wp-content\/uploads\/2017\/10\/Poroka-piran-9.jpg\" alt=\"poroka piran 6\" width=\"1024\" height=\"684\" \/><img loading=\"lazy\" class=\"aligncenter size-full wp-image-2998\" src=\"https:\/\/nezareisner.com\/wp-content\/uploads\/2017\/10\/Poroka-piran-6.jpg\" alt=\"\" width=\"1024\" height=\"684\" \/><img loading=\"lazy\" class=\"aligncenter size-full wp-image-2996\" src=\"https:\/\/nezareisner.com\/wp-content\/uploads\/2017\/10\/Poroka-piran-5.jpg\" alt=\"\" width=\"1024\" height=\"684\" \/><img loading=\"lazy\" class=\"aligncenter size-full wp-image-2994\" src=\"https:\/\/nezareisner.com\/wp-content\/uploads\/2017\/10\/Poroka-piran-4.jpg\" alt=\"\" width=\"1024\" height=\"684\" \/><\/p>\n<p style=\"text-align: justify;\">\u010ce vama je moja pripoved v\u0161e\u010d, vaju sr\u010dno vabim, da mi po\u0161ljeta \u010dimve\u010d podatkov o vajinemu prihajajo\u010dem dnevu. Prepri\u010dana sem, da lahko ustvarimo zapis, ki slavi ljubezen, povezanost ter obo\u017euje \u017eivljenje.<\/p>\n<p>&nbsp;<\/p>\n\n<!-- This file should primarily consist of HTML with a little bit of PHP. -->\n<form class=\"flo-form\">\n    <div class=\"form-style1 topLabel \">\n        <input type=\"hidden\" name=\"flo_fid\" value=\"1147\">\n\n                                    <div class=\"field-row width-100 .kontaktni\">\n                <div class=\"field-box text \">\t\t\t\t<input type=\"text\" name=\"fid_9841\" placeholder=\"Ime\" id=\"fid_9841\" data-rule-required=\"true\" data-msg-required=\"This field is required\" value=\"\"\n\t\t\t\t>\n\t\t\t\t<\/div>                <\/div><!--                                --><div class=\"field-row width-100 .kontaktni\">\n                <div class=\"field-box email \">\t\t\t\t<input type=\"email\" name=\"fid_84978\" placeholder=\"E-mail\" id=\"fid_84978\"  data-rule-required=\"true\" data-rule-email=\"true\" data-msg-required=\"Please enter your email address\" data-msg-email=\"Please enter a valid email address\" value=\"\" >\n\t\t\t\t<\/div>                <\/div><!--                                --><div class=\"field-row width-100 .kontaktni\">\n                <div class=\"field-box textarea \">\t\t\t\t<textarea   name=\"fid_26038\" placeholder=\"Sporo\u010dilo\" id=\"fid_26038\"  data-rule-required=\"true\" data-msg-required=\"This field is required\" ><\/textarea>\n\n\t\t\t\t<\/div>                <\/div>                        \n\t\t\t<div class=\"field-row submit-row btn-center\">\n\t\t\t<input type=\"submit\" class=\"flo-submit-button\" style=\"\" value=\"PO\u0160LJI\">\n\t\t\t<div class=\"flo overlay-loader\">\n\t\t\t\t<div class=\"loader\">\n\t\t\t\t\t<div><\/div>\n\t\t\t\t\t<div><\/div>\n\t\t\t\t\t<div><\/div>\n\t\t\t\t\t<div><\/div>\n\t\t\t\t\t<div><\/div>\n\t\t\t\t\t<div><\/div>\n\t\t\t\t\t<div><\/div>\n\t\t\t\t<\/div>\n\t\t\t<\/div>\n\t\t<\/div>\n\n\t<\/div>\n\n\t<div class=\"flo-response\"><\/div>\n<\/form>\n\n\n\n","protected":false},"excerpt":{"rendered":"<p>&nbsp; Lepo vaju pozdravljam, mladi par&#8230; Se bli\u017ea vajin poro\u010dni dan? Sta izbrala Piran za izrek velike obljube? Morda \u0161e izbirata poro\u010dnega fotografa? Sem Ne\u017ea Reisner, sem poro\u010dna fotografinja in sem velika obo\u017eevalka morskih krajev, estetike, ki se odra\u017ea na tem podro\u010dju. Moje fotografije bi lahko opredila kot brez\u010dasne, elegantne ter romanti\u010dne. Verjamem v svoje [&hellip;]<\/p>\n","protected":false},"author":1,"featured_media":0,"parent":0,"menu_order":0,"comment_status":"closed","ping_status":"closed","template":"","meta":{"_monsterinsights_skip_tracking":false,"_monsterinsights_sitenote_active":false,"_monsterinsights_sitenote_note":"","_monsterinsights_sitenote_category":0},"yoast_head":"<!-- This site is optimized with the Yoast SEO plugin v16.5 - https:\/\/yoast.com\/wordpress\/plugins\/seo\/ -->\n<title>Poroka piran - Poro\u010dni fotograf| Ne\u017ea Reisner - poro\u010dna fotografija<\/title>\n<meta name=\"description\" content=\"Poroka Piran. Piran je popolna romantika morskega obmo\u010dja. S svojo krasno arhitekturo in vzdu\u0161jem, o\u010dara vsakogar, ki ga obi\u0161\u010de. Poroka Piran\" \/>\n<meta name=\"robots\" content=\"index, follow, max-snippet:-1, max-image-preview:large, max-video-preview:-1\" \/>\n<link rel=\"canonical\" href=\"https:\/\/nezareisner.com\/sl\/poroka-piran\/\" \/>\n<meta property=\"og:locale\" content=\"sl_SI\" \/>\n<meta property=\"og:type\" content=\"article\" \/>\n<meta property=\"og:title\" content=\"Poroka piran - Poro\u010dni fotograf| Ne\u017ea Reisner - poro\u010dna fotografija\" \/>\n<meta property=\"og:description\" content=\"Poroka Piran. Piran je popolna romantika morskega obmo\u010dja. S svojo krasno arhitekturo in vzdu\u0161jem, o\u010dara vsakogar, ki ga obi\u0161\u010de. Poroka Piran\" \/>\n<meta property=\"og:url\" content=\"https:\/\/nezareisner.com\/sl\/poroka-piran\/\" \/>\n<meta property=\"og:site_name\" content=\"Poro\u010dna fotografija | Ne\u017ea Reisner\" \/>\n<meta property=\"article:publisher\" content=\"https:\/\/www.facebook.com\/nrfotografija\/\" \/>\n<meta property=\"article:modified_time\" content=\"2018-01-05T12:44:52+00:00\" \/>\n<meta property=\"og:image\" content=\"https:\/\/nezareisner.com\/wp-content\/uploads\/2017\/10\/Poroka-piran-1.jpg\" \/>\n<meta name=\"twitter:card\" content=\"summary\" \/>\n<meta name=\"twitter:label1\" content=\"Est. reading time\" \/>\n\t<meta name=\"twitter:data1\" content=\"1 minuta\" \/>\n<script type=\"application\/ld+json\" class=\"yoast-schema-graph\">{\"@context\":\"https:\/\/schema.org\",\"@graph\":[{\"@type\":\"Organization\",\"@id\":\"https:\/\/nezareisner.com\/sl\/#organization\",\"name\":\"Ne\\u017ea Reisner Photography\",\"url\":\"https:\/\/nezareisner.com\/sl\/\",\"sameAs\":[\"https:\/\/www.facebook.com\/nrfotografija\/\",\"https:\/\/www.instagram.com\/nezareisnerphoto\/\"],\"logo\":{\"@type\":\"ImageObject\",\"@id\":\"https:\/\/nezareisner.com\/sl\/#logo\",\"inLanguage\":\"sl-SI\",\"url\":\"https:\/\/nezareisner.com\/wp-content\/uploads\/2017\/06\/logo-neza-reisner-1.png\",\"contentUrl\":\"https:\/\/nezareisner.com\/wp-content\/uploads\/2017\/06\/logo-neza-reisner-1.png\",\"width\":306,\"height\":306,\"caption\":\"Ne\\u017ea Reisner Photography\"},\"image\":{\"@id\":\"https:\/\/nezareisner.com\/sl\/#logo\"}},{\"@type\":\"WebSite\",\"@id\":\"https:\/\/nezareisner.com\/sl\/#website\",\"url\":\"https:\/\/nezareisner.com\/sl\/\",\"name\":\"Poro\\u010dna fotografija | Ne\\u017ea Reisner\",\"description\":\"Fotografiranje porok, novorojen\\u010dkov, dru\\u017ein, parov, zaro\\u010dna fotografija ...\",\"publisher\":{\"@id\":\"https:\/\/nezareisner.com\/sl\/#organization\"},\"potentialAction\":[{\"@type\":\"SearchAction\",\"target\":\"https:\/\/nezareisner.com\/sl\/?s={search_term_string}\",\"query-input\":\"required name=search_term_string\"}],\"inLanguage\":\"sl-SI\"},{\"@type\":\"ImageObject\",\"@id\":\"https:\/\/nezareisner.com\/sl\/poroka-piran\/#primaryimage\",\"inLanguage\":\"sl-SI\",\"url\":\"https:\/\/nezareisner.com\/wp-content\/uploads\/2017\/10\/Poroka-piran-1.jpg\",\"contentUrl\":\"https:\/\/nezareisner.com\/wp-content\/uploads\/2017\/10\/Poroka-piran-1.jpg\",\"width\":1024,\"height\":684},{\"@type\":\"WebPage\",\"@id\":\"https:\/\/nezareisner.com\/sl\/poroka-piran\/#webpage\",\"url\":\"https:\/\/nezareisner.com\/sl\/poroka-piran\/\",\"name\":\"Poroka piran - Poro\\u010dni fotograf| Ne\\u017ea Reisner - poro\\u010dna fotografija\",\"isPartOf\":{\"@id\":\"https:\/\/nezareisner.com\/sl\/#website\"},\"primaryImageOfPage\":{\"@id\":\"https:\/\/nezareisner.com\/sl\/poroka-piran\/#primaryimage\"},\"datePublished\":\"2017-10-27T13:04:00+00:00\",\"dateModified\":\"2018-01-05T12:44:52+00:00\",\"description\":\"Poroka Piran. Piran je popolna romantika morskega obmo\\u010dja. S svojo krasno arhitekturo in vzdu\\u0161jem, o\\u010dara vsakogar, ki ga obi\\u0161\\u010de. Poroka Piran\",\"breadcrumb\":{\"@id\":\"https:\/\/nezareisner.com\/sl\/poroka-piran\/#breadcrumb\"},\"inLanguage\":\"sl-SI\",\"potentialAction\":[{\"@type\":\"ReadAction\",\"target\":[\"https:\/\/nezareisner.com\/sl\/poroka-piran\/\"]}]},{\"@type\":\"BreadcrumbList\",\"@id\":\"https:\/\/nezareisner.com\/sl\/poroka-piran\/#breadcrumb\",\"itemListElement\":[{\"@type\":\"ListItem\",\"position\":1,\"name\":\"Home\",\"item\":\"https:\/\/nezareisner.com\/sl\/\"},{\"@type\":\"ListItem\",\"position\":2,\"name\":\"Poroka Piran\"}]}]}<\/script>\n<!-- \/ Yoast SEO plugin. -->","_links":{"self":[{"href":"https:\/\/nezareisner.com\/sl\/wp-json\/wp\/v2\/pages\/2987"}],"collection":[{"href":"https:\/\/nezareisner.com\/sl\/wp-json\/wp\/v2\/pages"}],"about":[{"href":"https:\/\/nezareisner.com\/sl\/wp-json\/wp\/v2\/types\/page"}],"author":[{"embeddable":true,"href":"https:\/\/nezareisner.com\/sl\/wp-json\/wp\/v2\/users\/1"}],"replies":[{"embeddable":true,"href":"https:\/\/nezareisner.com\/sl\/wp-json\/wp\/v2\/comments?post=2987"}],"version-history":[{"count":7,"href":"https:\/\/nezareisner.com\/sl\/wp-json\/wp\/v2\/pages\/2987\/revisions"}],"predecessor-version":[{"id":4670,"href":"https:\/\/nezareisner.com\/sl\/wp-json\/wp\/v2\/pages\/2987\/revisions\/4670"}],"wp:attachment":[{"href":"https:\/\/nezareisner.com\/sl\/wp-json\/wp\/v2\/media?parent=2987"}],"curies":[{"name":"wp","href":"https:\/\/api.w.org\/{rel}","templated":true}]}}