{"id":3012,"date":"2017-10-27T15:29:13","date_gmt":"2017-10-27T13:29:13","guid":{"rendered":"https:\/\/nezareisner.com\/?page_id=3012"},"modified":"2018-01-05T13:02:45","modified_gmt":"2018-01-05T12:02:45","slug":"porocne-lokacije-obala","status":"publish","type":"page","link":"https:\/\/nezareisner.com\/sl\/porocne-lokacije-obala\/","title":{"rendered":"Poro\u010dne lokacije &#8211; Obala"},"content":{"rendered":"<p>&nbsp;<\/p>\n<p>Prisr\u010dno pozdravljena.<\/p>\n<p><img loading=\"lazy\" class=\"aligncenter wp-image-3014 size-full\" title=\"poro\u010dne lokacije 1\" src=\"https:\/\/nezareisner.com\/wp-content\/uploads\/2017\/10\/Poro\u010dne-lokacije-1.jpg\" alt=\"poro\u010dne lokacije 1\" width=\"1024\" height=\"684\" \/><\/p>\n<p style=\"text-align: justify;\">Se pribli\u017euje vajin poro\u010dni dan? Je obala izbrana destinacija vajinega dne? In morda \u0161e i\u0161\u010deta <a href=\"https:\/\/nezareisner.com\/sl\/porocni-fotograf\/\">poro\u010dnega fotografa<\/a>?<\/p>\n<p><a href=\"https:\/\/nezareisner.com\/sl\/fotografiranje-porok-stanjel\/\"><img loading=\"lazy\" class=\"aligncenter wp-image-3028 size-full\" title=\"poro\u010dne lokacije 2\" src=\"https:\/\/nezareisner.com\/wp-content\/uploads\/2017\/10\/Poro\u010dne-lokacije-8.jpg\" alt=\"poro\u010dne lokacije 2\" width=\"1024\" height=\"490\" \/><\/a><\/p>\n<p style=\"text-align: justify;\"><a href=\"https:\/\/nezareisner.com\/sl\/\">Sem Ne\u017ea Reisner<\/a>, sem poro\u010dna fotografinja. Moje delo me osre\u010duje in ponuja stalni navdih ravno zaradi vse zgodb, ki se zgodijo pred mojim objektivom. Delovanje kot <a href=\"https:\/\/nezareisner.com\/sl\/predporocno-fotografiranje-v-mar\">fotografinja<\/a> je resni\u010dno enkratno, predvsem zaradi ljudi, ki mi omogo\u010dajo, da del njihovim \u017eivljenj zapi\u0161em kot <a href=\"http:\/\/jadorephotography.si\/\">fotografsko podobo<\/a>. Stil moje fotografije pa bi opredelila kot eleganten, \u010dustven ter brez\u010dasen.<\/p>\n<p><a href=\"https:\/\/nezareisner.com\/sl\/porocno-fotografiranje-navidezna-poroka\/\"><img loading=\"lazy\" class=\"aligncenter wp-image-3026 size-full\" title=\"poro\u010dne lokacije 3\" src=\"https:\/\/nezareisner.com\/wp-content\/uploads\/2017\/10\/Poro\u010dne-lokacije-7.jpg\" alt=\"poro\u010dne lokacije 3\" width=\"1024\" height=\"490\" \/><\/a><\/p>\n<p style=\"text-align: justify;\">Obala je najbolj romanti\u010den del na\u0161e dr\u017eave. S krasnimi atributi, ki jih ponuja morski zrak, se zlahka zgodijo neprecenljivi spomini. In ker je poro\u010dni dan eden tak\u0161nih dni, ki se za vedno zapi\u0161e kot neponovljiv spomin, je obala res krasen izbor za <a href=\"https:\/\/nezareisner.com\/sl\/poroka-zicka-kartuzija\/\">organiziranje poroke<\/a>. \u017de sama misel na morje in zrak in vonj, v nas prebudi pozitivna \u010dustva. In prav tak\u0161ne misli, \u010dustva potrebujemo na poro\u010dni dan.<\/p>\n<p><img loading=\"lazy\" class=\"aligncenter wp-image-3016 size-full\" title=\"poro\u010dne lokacije 4\" src=\"https:\/\/nezareisner.com\/wp-content\/uploads\/2017\/10\/Poro\u010dne-lokacije-2.jpg\" alt=\"poro\u010dne lokacije 4\" width=\"1024\" height=\"684\" \/> <img loading=\"lazy\" class=\"aligncenter size-full wp-image-3020\" src=\"https:\/\/nezareisner.com\/wp-content\/uploads\/2017\/10\/Poro\u010dne-lokacije-4.jpg\" alt=\"\" width=\"1024\" height=\"684\" \/> <img loading=\"lazy\" class=\"aligncenter wp-image-3032 size-full\" title=\"poro\u010dne lokacije 5\" src=\"https:\/\/nezareisner.com\/wp-content\/uploads\/2017\/10\/Poro\u010dne-lokacije-10.jpg\" alt=\"poro\u010dne lokacije 5\" width=\"1024\" height=\"684\" \/> <img loading=\"lazy\" class=\"aligncenter size-full wp-image-3030\" src=\"https:\/\/nezareisner.com\/wp-content\/uploads\/2017\/10\/Poro\u010dne-lokacije-9.jpg\" alt=\"\" width=\"1024\" height=\"684\" \/> <img loading=\"lazy\" class=\"aligncenter wp-image-3034 size-full\" title=\"poro\u010dne lokacije 6\" src=\"https:\/\/nezareisner.com\/wp-content\/uploads\/2017\/10\/Poro\u010dne-lokacije-11.jpg\" alt=\"poro\u010dne lokacije 6\" width=\"1024\" height=\"684\" \/> <img loading=\"lazy\" class=\"aligncenter size-full wp-image-3022\" src=\"https:\/\/nezareisner.com\/wp-content\/uploads\/2017\/10\/Poro\u010dne-lokacije-5.jpg\" alt=\"\" width=\"1024\" height=\"684\" \/> <img loading=\"lazy\" class=\"aligncenter size-full wp-image-3024\" src=\"https:\/\/nezareisner.com\/wp-content\/uploads\/2017\/10\/Poro\u010dne-lokacije-6.jpg\" alt=\"\" width=\"1024\" height=\"684\" \/><\/p>\n<p style=\"text-align: justify;\">\u010ce vama je bila moja, sicer kratka, predstavitev v\u0161e\u010d in je obala vajin\u00a0koti\u010dek, mi po\u0161ljita sporo\u010dilo s \u010dimve\u010d podatki o vajinem prihajajo\u010dem dnevu. Skupaj bomo, se prepri\u010dana, zapisali zgodbo ter ustvarili spomine, ki bodo ve\u010dni<\/p>\n<p>&nbsp;<\/p>\n\n<!-- This file should primarily consist of HTML with a little bit of PHP. -->\n<form class=\"flo-form\">\n    <div class=\"form-style1 topLabel \">\n        <input type=\"hidden\" name=\"flo_fid\" value=\"1147\">\n\n                                    <div class=\"field-row width-100 .kontaktni\">\n                <div class=\"field-box text \">\t\t\t\t<input type=\"text\" name=\"fid_9841\" placeholder=\"Ime\" id=\"fid_9841\" data-rule-required=\"true\" data-msg-required=\"This field is required\" value=\"\"\n\t\t\t\t>\n\t\t\t\t<\/div>                <\/div><!--                                --><div class=\"field-row width-100 .kontaktni\">\n                <div class=\"field-box email \">\t\t\t\t<input type=\"email\" name=\"fid_84978\" placeholder=\"E-mail\" id=\"fid_84978\"  data-rule-required=\"true\" data-rule-email=\"true\" data-msg-required=\"Please enter your email address\" data-msg-email=\"Please enter a valid email address\" value=\"\" >\n\t\t\t\t<\/div>                <\/div><!--                                --><div class=\"field-row width-100 .kontaktni\">\n                <div class=\"field-box textarea \">\t\t\t\t<textarea   name=\"fid_26038\" placeholder=\"Sporo\u010dilo\" id=\"fid_26038\"  data-rule-required=\"true\" data-msg-required=\"This field is required\" ><\/textarea>\n\n\t\t\t\t<\/div>                <\/div>                        \n\t\t\t<div class=\"field-row submit-row btn-center\">\n\t\t\t<input type=\"submit\" class=\"flo-submit-button\" style=\"\" value=\"PO\u0160LJI\">\n\t\t\t<div class=\"flo overlay-loader\">\n\t\t\t\t<div class=\"loader\">\n\t\t\t\t\t<div><\/div>\n\t\t\t\t\t<div><\/div>\n\t\t\t\t\t<div><\/div>\n\t\t\t\t\t<div><\/div>\n\t\t\t\t\t<div><\/div>\n\t\t\t\t\t<div><\/div>\n\t\t\t\t\t<div><\/div>\n\t\t\t\t<\/div>\n\t\t\t<\/div>\n\t\t<\/div>\n\n\t<\/div>\n\n\t<div class=\"flo-response\"><\/div>\n<\/form>\n\n\n\n","protected":false},"excerpt":{"rendered":"<p>&nbsp; Prisr\u010dno pozdravljena. Se pribli\u017euje vajin poro\u010dni dan? Je obala izbrana destinacija vajinega dne? In morda \u0161e i\u0161\u010deta poro\u010dnega fotografa? Sem Ne\u017ea Reisner, sem poro\u010dna fotografinja. Moje delo me osre\u010duje in ponuja stalni navdih ravno zaradi vse zgodb, ki se zgodijo pred mojim objektivom. Delovanje kot fotografinja je resni\u010dno enkratno, predvsem zaradi ljudi, ki mi [&hellip;]<\/p>\n","protected":false},"author":1,"featured_media":0,"parent":0,"menu_order":0,"comment_status":"closed","ping_status":"closed","template":"","meta":{"_monsterinsights_skip_tracking":false,"_monsterinsights_sitenote_active":false,"_monsterinsights_sitenote_note":"","_monsterinsights_sitenote_category":0},"yoast_head":"<!-- This site is optimized with the Yoast SEO plugin v16.5 - https:\/\/yoast.com\/wordpress\/plugins\/seo\/ -->\n<title>Poro\u010dne lokacije - obala | Ne\u017ea Reisner - poro\u010dna fotografija<\/title>\n<meta name=\"description\" content=\"Poro\u010dne lokacije. Ker je poro\u010dni dan eden tak\u0161nih dni, ki se za vedno zapi\u0161e kot neponovljiv spomin, je obala res krasen izbor za poroke. Poro\u010dne lokacije\" \/>\n<meta name=\"robots\" content=\"index, follow, max-snippet:-1, max-image-preview:large, max-video-preview:-1\" \/>\n<link rel=\"canonical\" href=\"http:\/\/nezareisner.com\/sl\/porocne-lokacije-obala\/\" \/>\n<meta property=\"og:locale\" content=\"sl_SI\" \/>\n<meta property=\"og:type\" content=\"article\" \/>\n<meta property=\"og:title\" content=\"Poro\u010dne lokacije - obala | Ne\u017ea Reisner - poro\u010dna fotografija\" \/>\n<meta property=\"og:description\" content=\"Poro\u010dne lokacije. Ker je poro\u010dni dan eden tak\u0161nih dni, ki se za vedno zapi\u0161e kot neponovljiv spomin, je obala res krasen izbor za poroke. Poro\u010dne lokacije\" \/>\n<meta property=\"og:url\" content=\"http:\/\/nezareisner.com\/sl\/porocne-lokacije-obala\/\" \/>\n<meta property=\"og:site_name\" content=\"Poro\u010dna fotografija | Ne\u017ea Reisner\" \/>\n<meta property=\"article:publisher\" content=\"https:\/\/www.facebook.com\/nrfotografija\/\" \/>\n<meta property=\"article:modified_time\" content=\"2018-01-05T12:02:45+00:00\" \/>\n<meta property=\"og:image\" content=\"https:\/\/nezareisner.com\/wp-content\/uploads\/2017\/10\/Poro\u010dne-lokacije-1.jpg\" \/>\n<meta name=\"twitter:card\" content=\"summary\" \/>\n<meta name=\"twitter:label1\" content=\"Est. reading time\" \/>\n\t<meta name=\"twitter:data1\" content=\"1 minuta\" \/>\n<script type=\"application\/ld+json\" class=\"yoast-schema-graph\">{\"@context\":\"https:\/\/schema.org\",\"@graph\":[{\"@type\":\"Organization\",\"@id\":\"https:\/\/nezareisner.com\/sl\/#organization\",\"name\":\"Ne\\u017ea Reisner Photography\",\"url\":\"https:\/\/nezareisner.com\/sl\/\",\"sameAs\":[\"https:\/\/www.facebook.com\/nrfotografija\/\",\"https:\/\/www.instagram.com\/nezareisnerphoto\/\"],\"logo\":{\"@type\":\"ImageObject\",\"@id\":\"https:\/\/nezareisner.com\/sl\/#logo\",\"inLanguage\":\"sl-SI\",\"url\":\"https:\/\/nezareisner.com\/wp-content\/uploads\/2017\/06\/logo-neza-reisner-1.png\",\"contentUrl\":\"https:\/\/nezareisner.com\/wp-content\/uploads\/2017\/06\/logo-neza-reisner-1.png\",\"width\":306,\"height\":306,\"caption\":\"Ne\\u017ea Reisner Photography\"},\"image\":{\"@id\":\"https:\/\/nezareisner.com\/sl\/#logo\"}},{\"@type\":\"WebSite\",\"@id\":\"https:\/\/nezareisner.com\/sl\/#website\",\"url\":\"https:\/\/nezareisner.com\/sl\/\",\"name\":\"Poro\\u010dna fotografija | Ne\\u017ea Reisner\",\"description\":\"Fotografiranje porok, novorojen\\u010dkov, dru\\u017ein, parov, zaro\\u010dna fotografija ...\",\"publisher\":{\"@id\":\"https:\/\/nezareisner.com\/sl\/#organization\"},\"potentialAction\":[{\"@type\":\"SearchAction\",\"target\":\"https:\/\/nezareisner.com\/sl\/?s={search_term_string}\",\"query-input\":\"required name=search_term_string\"}],\"inLanguage\":\"sl-SI\"},{\"@type\":\"ImageObject\",\"@id\":\"http:\/\/nezareisner.com\/sl\/porocne-lokacije-obala\/#primaryimage\",\"inLanguage\":\"sl-SI\",\"url\":\"https:\/\/nezareisner.com\/wp-content\/uploads\/2017\/10\/Poro\\u010dne-lokacije-1.jpg\",\"contentUrl\":\"https:\/\/nezareisner.com\/wp-content\/uploads\/2017\/10\/Poro\\u010dne-lokacije-1.jpg\",\"width\":1024,\"height\":684},{\"@type\":\"WebPage\",\"@id\":\"http:\/\/nezareisner.com\/sl\/porocne-lokacije-obala\/#webpage\",\"url\":\"http:\/\/nezareisner.com\/sl\/porocne-lokacije-obala\/\",\"name\":\"Poro\\u010dne lokacije - obala | Ne\\u017ea Reisner - poro\\u010dna fotografija\",\"isPartOf\":{\"@id\":\"https:\/\/nezareisner.com\/sl\/#website\"},\"primaryImageOfPage\":{\"@id\":\"http:\/\/nezareisner.com\/sl\/porocne-lokacije-obala\/#primaryimage\"},\"datePublished\":\"2017-10-27T13:29:13+00:00\",\"dateModified\":\"2018-01-05T12:02:45+00:00\",\"description\":\"Poro\\u010dne lokacije. Ker je poro\\u010dni dan eden tak\\u0161nih dni, ki se za vedno zapi\\u0161e kot neponovljiv spomin, je obala res krasen izbor za poroke. Poro\\u010dne lokacije\",\"breadcrumb\":{\"@id\":\"http:\/\/nezareisner.com\/sl\/porocne-lokacije-obala\/#breadcrumb\"},\"inLanguage\":\"sl-SI\",\"potentialAction\":[{\"@type\":\"ReadAction\",\"target\":[\"http:\/\/nezareisner.com\/sl\/porocne-lokacije-obala\/\"]}]},{\"@type\":\"BreadcrumbList\",\"@id\":\"http:\/\/nezareisner.com\/sl\/porocne-lokacije-obala\/#breadcrumb\",\"itemListElement\":[{\"@type\":\"ListItem\",\"position\":1,\"name\":\"Home\",\"item\":\"https:\/\/nezareisner.com\/sl\/\"},{\"@type\":\"ListItem\",\"position\":2,\"name\":\"Poro\\u010dne lokacije &#8211; Obala\"}]}]}<\/script>\n<!-- \/ Yoast SEO plugin. -->","_links":{"self":[{"href":"https:\/\/nezareisner.com\/sl\/wp-json\/wp\/v2\/pages\/3012"}],"collection":[{"href":"https:\/\/nezareisner.com\/sl\/wp-json\/wp\/v2\/pages"}],"about":[{"href":"https:\/\/nezareisner.com\/sl\/wp-json\/wp\/v2\/types\/page"}],"author":[{"embeddable":true,"href":"https:\/\/nezareisner.com\/sl\/wp-json\/wp\/v2\/users\/1"}],"replies":[{"embeddable":true,"href":"https:\/\/nezareisner.com\/sl\/wp-json\/wp\/v2\/comments?post=3012"}],"version-history":[{"count":8,"href":"https:\/\/nezareisner.com\/sl\/wp-json\/wp\/v2\/pages\/3012\/revisions"}],"predecessor-version":[{"id":4664,"href":"https:\/\/nezareisner.com\/sl\/wp-json\/wp\/v2\/pages\/3012\/revisions\/4664"}],"wp:attachment":[{"href":"https:\/\/nezareisner.com\/sl\/wp-json\/wp\/v2\/media?parent=3012"}],"curies":[{"name":"wp","href":"https:\/\/api.w.org\/{rel}","templated":true}]}}