{"id":3037,"date":"2017-10-27T15:45:01","date_gmt":"2017-10-27T13:45:01","guid":{"rendered":"https:\/\/nezareisner.com\/?page_id=3037"},"modified":"2018-01-05T15:16:23","modified_gmt":"2018-01-05T14:16:23","slug":"poroka-villa-fabiani","status":"publish","type":"page","link":"https:\/\/nezareisner.com\/sl\/poroka-villa-fabiani\/","title":{"rendered":"Poroka Villa Fabiani"},"content":{"rendered":"<p>&nbsp;<\/p>\n<p style=\"text-align: justify;\">Prisr\u010dno vaju pozdravljam.<\/p>\n<p><img loading=\"lazy\" class=\"aligncenter wp-image-3048 size-full\" title=\"poroka vila fabiani 15\" src=\"https:\/\/nezareisner.com\/wp-content\/uploads\/2017\/10\/poroka-vila-fabiani-6.jpg\" alt=\"poroka vila fabiani 15\" width=\"1024\" height=\"684\" \/><\/p>\n<p style=\"text-align: justify;\">Je to vajino leto? \u017de morda vesta kje se bosta poro\u010dila? Morda v Villi Fabiani? In \u0161e i\u0161\u010deta poro\u010dnega fotografa?<\/p>\n<p><a href=\"https:\/\/nezareisner.com\/sl\/fotografiranje-porok-stanjel\/\"><img loading=\"lazy\" class=\"aligncenter wp-image-3046 size-full\" title=\"poroka vila fabiani 14\" src=\"https:\/\/nezareisner.com\/wp-content\/uploads\/2017\/10\/poroka-vila-fabiani-5.jpg\" alt=\"poroka vila fabiani 14\" width=\"1024\" height=\"490\" \/><\/a><\/p>\n<p style=\"text-align: justify;\">Moje ime je Ne\u017ea Reisner, sem poro\u010dna fotografinja. Ustvarjam, mogo\u010de lep\u0161e re\u010deno, <a href=\"https:\/\/nezareisner.com\/sl\/\">zapisujem trenutke tistega lepega dne<\/a>, ki se zgodi dvema, ki \u017eelita kronati svojo <a href=\"http:\/\/jadorephotography.si\/\">ljubezen<\/a>. Zapise mojih fotografij bi lahko opredelila kot brez\u010dasne, romanti\u010dne ter \u010dustvene.<\/p>\n<p><a href=\"https:\/\/nezareisner.com\/sl\/porocno-fotografiranje-navidezna-poroka\/\"><img loading=\"lazy\" class=\"aligncenter wp-image-3044 size-full\" title=\"poroka vila fabiani 13\" src=\"https:\/\/nezareisner.com\/wp-content\/uploads\/2017\/10\/poroka-vila-fabiani-4.jpg\" alt=\"poroka vila fabiani 13\" width=\"1024\" height=\"490\" \/><\/a><\/p>\n<p style=\"text-align: justify;\"><a href=\"https:\/\/www.facebook.com\/zavodFabiani\/\">Villa Fabiani<\/a> je prostor, ki je pre\u017eet z <a href=\"https:\/\/nezareisner.com\/sl\/poroka-piran\/\">zgodovino<\/a>, umetnostjo, z vonjem \u017elahtne trte. Objem gori\u0161kih <a href=\"https:\/\/nezareisner.com\/sl\/poroka-gredic\/\">brd<\/a> daje vili prekrasne poglede, ponuja prijetno pihlanje vetra. Slavlenje ljubezni v takem prostoru prina\u0161a sre\u010do in vsekakor zagotavlja fotografiji prilo\u017enost za brez\u010dasen zapis.<\/p>\n<p><img loading=\"lazy\" class=\"aligncenter wp-image-3052 size-full\" title=\"poroka vila fabiani 11\" src=\"https:\/\/nezareisner.com\/wp-content\/uploads\/2017\/10\/poroka-vila-fabiani-8.jpg\" alt=\"poroka vila fabiani 11\" width=\"1024\" height=\"684\" \/> <img loading=\"lazy\" class=\"aligncenter size-full wp-image-3042\" src=\"https:\/\/nezareisner.com\/wp-content\/uploads\/2017\/10\/poroka-vila-fabiani-3.jpg\" alt=\"\" width=\"1024\" height=\"684\" \/> <img loading=\"lazy\" class=\"aligncenter wp-image-3050 size-full\" title=\"poroka vila fabiani 12\" src=\"https:\/\/nezareisner.com\/wp-content\/uploads\/2017\/10\/poroka-vila-fabiani-7.jpg\" alt=\"poroka vila fabiani 12\" width=\"1024\" height=\"684\" \/> <img loading=\"lazy\" class=\"aligncenter size-full wp-image-3040\" src=\"https:\/\/nezareisner.com\/wp-content\/uploads\/2017\/10\/poroka-vila-fabiani-2.jpg\" alt=\"\" width=\"1024\" height=\"684\" \/> <img loading=\"lazy\" class=\"aligncenter wp-image-3038 size-full\" title=\"poroka vila fabiani 1\" src=\"https:\/\/nezareisner.com\/wp-content\/uploads\/2017\/10\/poroka-vila-fabiani-1.jpg\" alt=\"poroka vila fabiani 1\" width=\"1024\" height=\"684\" \/><\/p>\n<p style=\"text-align: justify;\">V kolikor vama je moj zapis vzbudil prijetna \u010dustva, me po\u0161iljita \u010dimve\u010d podatkov o najimenu prihajo\u010dem dnevu. Skupaj bomo lahko ustvarili krasen prehod v vajino novo \u017eivljenjsko obdobje. Naj bo veli\u010dastno.<\/p>\n<p>&nbsp;<\/p>\n\n<!-- This file should primarily consist of HTML with a little bit of PHP. -->\n<form class=\"flo-form\">\n    <div class=\"form-style1 topLabel \">\n        <input type=\"hidden\" name=\"flo_fid\" value=\"1147\">\n\n                                    <div class=\"field-row width-100 .kontaktni\">\n                <div class=\"field-box text \">\t\t\t\t<input type=\"text\" name=\"fid_9841\" placeholder=\"Ime\" id=\"fid_9841\" data-rule-required=\"true\" data-msg-required=\"This field is required\" value=\"\"\n\t\t\t\t>\n\t\t\t\t<\/div>                <\/div><!--                                --><div class=\"field-row width-100 .kontaktni\">\n                <div class=\"field-box email \">\t\t\t\t<input type=\"email\" name=\"fid_84978\" placeholder=\"E-mail\" id=\"fid_84978\"  data-rule-required=\"true\" data-rule-email=\"true\" data-msg-required=\"Please enter your email address\" data-msg-email=\"Please enter a valid email address\" value=\"\" >\n\t\t\t\t<\/div>                <\/div><!--                                --><div class=\"field-row width-100 .kontaktni\">\n                <div class=\"field-box textarea \">\t\t\t\t<textarea   name=\"fid_26038\" placeholder=\"Sporo\u010dilo\" id=\"fid_26038\"  data-rule-required=\"true\" data-msg-required=\"This field is required\" ><\/textarea>\n\n\t\t\t\t<\/div>                <\/div>                        \n\t\t\t<div class=\"field-row submit-row btn-center\">\n\t\t\t<input type=\"submit\" class=\"flo-submit-button\" style=\"\" value=\"PO\u0160LJI\">\n\t\t\t<div class=\"flo overlay-loader\">\n\t\t\t\t<div class=\"loader\">\n\t\t\t\t\t<div><\/div>\n\t\t\t\t\t<div><\/div>\n\t\t\t\t\t<div><\/div>\n\t\t\t\t\t<div><\/div>\n\t\t\t\t\t<div><\/div>\n\t\t\t\t\t<div><\/div>\n\t\t\t\t\t<div><\/div>\n\t\t\t\t<\/div>\n\t\t\t<\/div>\n\t\t<\/div>\n\n\t<\/div>\n\n\t<div class=\"flo-response\"><\/div>\n<\/form>\n\n\n\n","protected":false},"excerpt":{"rendered":"<p>&nbsp; Prisr\u010dno vaju pozdravljam. Je to vajino leto? \u017de morda vesta kje se bosta poro\u010dila? Morda v Villi Fabiani? In \u0161e i\u0161\u010deta poro\u010dnega fotografa? Moje ime je Ne\u017ea Reisner, sem poro\u010dna fotografinja. Ustvarjam, mogo\u010de lep\u0161e re\u010deno, zapisujem trenutke tistega lepega dne, ki se zgodi dvema, ki \u017eelita kronati svojo ljubezen. Zapise mojih fotografij bi lahko [&hellip;]<\/p>\n","protected":false},"author":1,"featured_media":0,"parent":0,"menu_order":0,"comment_status":"closed","ping_status":"closed","template":"","meta":{"_monsterinsights_skip_tracking":false,"_monsterinsights_sitenote_active":false,"_monsterinsights_sitenote_note":"","_monsterinsights_sitenote_category":0},"yoast_head":"<!-- This site is optimized with the Yoast SEO plugin v16.5 - https:\/\/yoast.com\/wordpress\/plugins\/seo\/ -->\n<title>Poroka Villa Fabiani | Ne\u017ea Reisner - poro\u010dna fotografija<\/title>\n<meta name=\"description\" content=\"Poroka Villa Fabiani. Objem gori\u0161kih brd daje vili prekrasne poglede, ponuja prijetno pihlanje vetra. Poroka Villa Fabiani - Ne\u017ea Reisner | Poro\u010dni fotograf\" \/>\n<meta name=\"robots\" content=\"index, follow, max-snippet:-1, max-image-preview:large, max-video-preview:-1\" \/>\n<link rel=\"canonical\" href=\"https:\/\/nezareisner.com\/sl\/poroka-villa-fabiani\/\" \/>\n<meta property=\"og:locale\" content=\"sl_SI\" \/>\n<meta property=\"og:type\" content=\"article\" \/>\n<meta property=\"og:title\" content=\"Poroka Villa Fabiani | Ne\u017ea Reisner - poro\u010dna fotografija\" \/>\n<meta property=\"og:description\" content=\"Poroka Villa Fabiani. Objem gori\u0161kih brd daje vili prekrasne poglede, ponuja prijetno pihlanje vetra. Poroka Villa Fabiani - Ne\u017ea Reisner | Poro\u010dni fotograf\" \/>\n<meta property=\"og:url\" content=\"https:\/\/nezareisner.com\/sl\/poroka-villa-fabiani\/\" \/>\n<meta property=\"og:site_name\" content=\"Poro\u010dna fotografija | Ne\u017ea Reisner\" \/>\n<meta property=\"article:publisher\" content=\"https:\/\/www.facebook.com\/nrfotografija\/\" \/>\n<meta property=\"article:modified_time\" content=\"2018-01-05T14:16:23+00:00\" \/>\n<meta property=\"og:image\" content=\"https:\/\/nezareisner.com\/wp-content\/uploads\/2017\/10\/poroka-vila-fabiani-6.jpg\" \/>\n<meta name=\"twitter:card\" content=\"summary\" \/>\n<meta name=\"twitter:label1\" content=\"Est. reading time\" \/>\n\t<meta name=\"twitter:data1\" content=\"1 minuta\" \/>\n<script type=\"application\/ld+json\" class=\"yoast-schema-graph\">{\"@context\":\"https:\/\/schema.org\",\"@graph\":[{\"@type\":\"Organization\",\"@id\":\"https:\/\/nezareisner.com\/sl\/#organization\",\"name\":\"Ne\\u017ea Reisner Photography\",\"url\":\"https:\/\/nezareisner.com\/sl\/\",\"sameAs\":[\"https:\/\/www.facebook.com\/nrfotografija\/\",\"https:\/\/www.instagram.com\/nezareisnerphoto\/\"],\"logo\":{\"@type\":\"ImageObject\",\"@id\":\"https:\/\/nezareisner.com\/sl\/#logo\",\"inLanguage\":\"sl-SI\",\"url\":\"https:\/\/nezareisner.com\/wp-content\/uploads\/2017\/06\/logo-neza-reisner-1.png\",\"contentUrl\":\"https:\/\/nezareisner.com\/wp-content\/uploads\/2017\/06\/logo-neza-reisner-1.png\",\"width\":306,\"height\":306,\"caption\":\"Ne\\u017ea Reisner Photography\"},\"image\":{\"@id\":\"https:\/\/nezareisner.com\/sl\/#logo\"}},{\"@type\":\"WebSite\",\"@id\":\"https:\/\/nezareisner.com\/sl\/#website\",\"url\":\"https:\/\/nezareisner.com\/sl\/\",\"name\":\"Poro\\u010dna fotografija | Ne\\u017ea Reisner\",\"description\":\"Fotografiranje porok, novorojen\\u010dkov, dru\\u017ein, parov, zaro\\u010dna fotografija ...\",\"publisher\":{\"@id\":\"https:\/\/nezareisner.com\/sl\/#organization\"},\"potentialAction\":[{\"@type\":\"SearchAction\",\"target\":\"https:\/\/nezareisner.com\/sl\/?s={search_term_string}\",\"query-input\":\"required name=search_term_string\"}],\"inLanguage\":\"sl-SI\"},{\"@type\":\"ImageObject\",\"@id\":\"https:\/\/nezareisner.com\/sl\/poroka-villa-fabiani\/#primaryimage\",\"inLanguage\":\"sl-SI\",\"url\":\"https:\/\/nezareisner.com\/wp-content\/uploads\/2017\/10\/poroka-vila-fabiani-6.jpg\",\"contentUrl\":\"https:\/\/nezareisner.com\/wp-content\/uploads\/2017\/10\/poroka-vila-fabiani-6.jpg\",\"width\":1024,\"height\":684},{\"@type\":\"WebPage\",\"@id\":\"https:\/\/nezareisner.com\/sl\/poroka-villa-fabiani\/#webpage\",\"url\":\"https:\/\/nezareisner.com\/sl\/poroka-villa-fabiani\/\",\"name\":\"Poroka Villa Fabiani | Ne\\u017ea Reisner - poro\\u010dna fotografija\",\"isPartOf\":{\"@id\":\"https:\/\/nezareisner.com\/sl\/#website\"},\"primaryImageOfPage\":{\"@id\":\"https:\/\/nezareisner.com\/sl\/poroka-villa-fabiani\/#primaryimage\"},\"datePublished\":\"2017-10-27T13:45:01+00:00\",\"dateModified\":\"2018-01-05T14:16:23+00:00\",\"description\":\"Poroka Villa Fabiani. Objem gori\\u0161kih brd daje vili prekrasne poglede, ponuja prijetno pihlanje vetra. Poroka Villa Fabiani - Ne\\u017ea Reisner | Poro\\u010dni fotograf\",\"breadcrumb\":{\"@id\":\"https:\/\/nezareisner.com\/sl\/poroka-villa-fabiani\/#breadcrumb\"},\"inLanguage\":\"sl-SI\",\"potentialAction\":[{\"@type\":\"ReadAction\",\"target\":[\"https:\/\/nezareisner.com\/sl\/poroka-villa-fabiani\/\"]}]},{\"@type\":\"BreadcrumbList\",\"@id\":\"https:\/\/nezareisner.com\/sl\/poroka-villa-fabiani\/#breadcrumb\",\"itemListElement\":[{\"@type\":\"ListItem\",\"position\":1,\"name\":\"Home\",\"item\":\"https:\/\/nezareisner.com\/sl\/\"},{\"@type\":\"ListItem\",\"position\":2,\"name\":\"Poroka Villa Fabiani\"}]}]}<\/script>\n<!-- \/ Yoast SEO plugin. -->","_links":{"self":[{"href":"https:\/\/nezareisner.com\/sl\/wp-json\/wp\/v2\/pages\/3037"}],"collection":[{"href":"https:\/\/nezareisner.com\/sl\/wp-json\/wp\/v2\/pages"}],"about":[{"href":"https:\/\/nezareisner.com\/sl\/wp-json\/wp\/v2\/types\/page"}],"author":[{"embeddable":true,"href":"https:\/\/nezareisner.com\/sl\/wp-json\/wp\/v2\/users\/1"}],"replies":[{"embeddable":true,"href":"https:\/\/nezareisner.com\/sl\/wp-json\/wp\/v2\/comments?post=3037"}],"version-history":[{"count":6,"href":"https:\/\/nezareisner.com\/sl\/wp-json\/wp\/v2\/pages\/3037\/revisions"}],"predecessor-version":[{"id":4673,"href":"https:\/\/nezareisner.com\/sl\/wp-json\/wp\/v2\/pages\/3037\/revisions\/4673"}],"wp:attachment":[{"href":"https:\/\/nezareisner.com\/sl\/wp-json\/wp\/v2\/media?parent=3037"}],"curies":[{"name":"wp","href":"https:\/\/api.w.org\/{rel}","templated":true}]}}