{"id":3055,"date":"2017-10-27T16:04:48","date_gmt":"2017-10-27T14:04:48","guid":{"rendered":"https:\/\/nezareisner.com\/?page_id=3055"},"modified":"2018-01-05T13:08:33","modified_gmt":"2018-01-05T12:08:33","slug":"poroka-gredic","status":"publish","type":"page","link":"https:\/\/nezareisner.com\/sl\/poroka-gredic\/","title":{"rendered":"Poroka Gredi\u010d"},"content":{"rendered":"<p>&nbsp;<\/p>\n<p style=\"text-align: justify;\">Prijazno vaju pozdravljam.<\/p>\n<p><img loading=\"lazy\" class=\"aligncenter wp-image-3066 size-full\" title=\"poroka gredi\u010d 152\" src=\"https:\/\/nezareisner.com\/wp-content\/uploads\/2017\/10\/Poroka-gredi\u010d-6.jpg\" alt=\"poroka gredi\u010d 152\" width=\"1024\" height=\"684\" \/><\/p>\n<p style=\"text-align: justify;\">Se bli\u017ea vajin poro\u010dni dan? In<a href=\"http:\/\/www.gredic.si\/\"> Gredi\u010d<\/a> vajina izbrana lokacija slavja? Morda \u0161e i\u0161\u010deta poro\u010dnega fotografa?<\/p>\n<p><a href=\"https:\/\/nezareisner.com\/sl\/fotografiranje-porok-stanjel\/\"><img loading=\"lazy\" class=\"aligncenter wp-image-3064 size-full\" title=\"poroka gredi\u010d 151\" src=\"https:\/\/nezareisner.com\/wp-content\/uploads\/2017\/10\/Poroka-gredi\u010d-5.jpg\" alt=\"poroka gredi\u010d 151\" width=\"1024\" height=\"490\" \/><\/a><\/p>\n<p style=\"text-align: justify;\">Moje ime je Ne\u017ea Reisner. Sem poro\u010dna fotografija, ki z velikim veseljem ter tudi odgovornostjo bele\u017eim trenutke tako <a href=\"https:\/\/nezareisner.com\/sl\/\">posebnega dne<\/a>. Navdih zame predstavljajo ljudje s svojimi \u017eivljenjskimi situacijami kot tudi <a href=\"https:\/\/nezareisner.com\/sl\/poroka-piran\/\">zanimivi kraji<\/a>. Svoj na\u010din fotografiranja pa bi opisala kot \u010dustven, brez\u010dasen morda romanti\u010den.<\/p>\n<p><a href=\"https:\/\/nezareisner.com\/sl\/porocno-fotografiranje-navidezna-poroka\/\"><img loading=\"lazy\" class=\"aligncenter wp-image-3062 size-full\" title=\"poroka gredi\u010d 13\" src=\"https:\/\/nezareisner.com\/wp-content\/uploads\/2017\/10\/Poroka-gredi\u010d-4.jpg\" alt=\"poroka gredi\u010d 12\" width=\"1024\" height=\"490\" \/><\/a><\/p>\n<p style=\"text-align: justify;\">Gredi\u010d kot prostor poro\u010dnega slavja je primeren za ljudi z globokim ob\u010dutkom za lepoto. Krasota tamkaj\u0161nje <a href=\"https:\/\/nezareisner.com\/sl\/poroka-tri-lucke\/\">narave<\/a> je resni\u010dno neprecenljiva. Obdanost z vinskimi trtami, z mo\u010djo vetra, ki daje pokrajini prav poseben karakter, vse to se krasno ujema s fotografijo ter ustvarjanjem idealnih zgodb. In \u0161e pomemben zgodovinski element Gredi\u010da je potrebno izpostaviti, na gri\u010du nad ravnino stoji kot \u010duvaj <a href=\"https:\/\/nezareisner.com\/sl\/poroka-kempinski-palace-hotel\/\">pokrajine<\/a>. Pripoveduje zgodbe. Samo tistim, ki znajo prisluhniti.<\/p>\n<p><img loading=\"lazy\" class=\"aligncenter wp-image-3070 size-full\" title=\"poroka gredi\u010d 1\" src=\"https:\/\/nezareisner.com\/wp-content\/uploads\/2017\/10\/Poroka-gredi\u010d-8.jpg\" alt=\"poroka gredi\u010d 1\" width=\"1024\" height=\"684\" \/> <img loading=\"lazy\" class=\"aligncenter size-full wp-image-3068\" src=\"https:\/\/nezareisner.com\/wp-content\/uploads\/2017\/10\/Poroka-gredi\u010d-7.jpg\" alt=\"\" width=\"1024\" height=\"684\" \/> <img loading=\"lazy\" class=\"aligncenter wp-image-3060 size-full\" title=\"poroka gredi\u010d 15\" src=\"https:\/\/nezareisner.com\/wp-content\/uploads\/2017\/10\/Poroka-gredi\u010d-3.jpg\" alt=\"poroka gredi\u010d 15\" width=\"1024\" height=\"684\" \/> <img loading=\"lazy\" class=\"aligncenter wp-image-3058 size-full\" title=\"poroka gredi\u010d 11\" src=\"https:\/\/nezareisner.com\/wp-content\/uploads\/2017\/10\/Poroka-gredi\u010d-2.jpg\" alt=\"poroka gredi\u010d 11\" width=\"1024\" height=\"684\" \/> <img loading=\"lazy\" class=\"aligncenter size-full wp-image-3056\" src=\"https:\/\/nezareisner.com\/wp-content\/uploads\/2017\/10\/Poroka-gredi\u010d-1.jpg\" alt=\"\" width=\"1024\" height=\"684\" \/><\/p>\n<p style=\"text-align: justify;\">\u010ce vama moja kratka predstavitev ugaja, vaju prisr\u010dno vabim, da mi po\u0161ljeta \u010dimve\u010d podatkov o vajinem poro\u010dnem dnevu. Tako bomo s skupnimi idejami ustvarili brez\u010dasen zapis <a href=\"https:\/\/nezareisner.com\/sl\/poroka-dvorec-zemono\/\">poro\u010dnega dne<\/a>. Z veli\u010dastnostjo in posluhom za pripoved.<\/p>\n<p>&nbsp;<\/p>\n\n<!-- This file should primarily consist of HTML with a little bit of PHP. -->\n<form class=\"flo-form\">\n    <div class=\"form-style1 topLabel \">\n        <input type=\"hidden\" name=\"flo_fid\" value=\"1147\">\n\n                                    <div class=\"field-row width-100 .kontaktni\">\n                <div class=\"field-box text \">\t\t\t\t<input type=\"text\" name=\"fid_9841\" placeholder=\"Ime\" id=\"fid_9841\" data-rule-required=\"true\" data-msg-required=\"This field is required\" value=\"\"\n\t\t\t\t>\n\t\t\t\t<\/div>                <\/div><!--                                --><div class=\"field-row width-100 .kontaktni\">\n                <div class=\"field-box email \">\t\t\t\t<input type=\"email\" name=\"fid_84978\" placeholder=\"E-mail\" id=\"fid_84978\"  data-rule-required=\"true\" data-rule-email=\"true\" data-msg-required=\"Please enter your email address\" data-msg-email=\"Please enter a valid email address\" value=\"\" >\n\t\t\t\t<\/div>                <\/div><!--                                --><div class=\"field-row width-100 .kontaktni\">\n                <div class=\"field-box textarea \">\t\t\t\t<textarea   name=\"fid_26038\" placeholder=\"Sporo\u010dilo\" id=\"fid_26038\"  data-rule-required=\"true\" data-msg-required=\"This field is required\" ><\/textarea>\n\n\t\t\t\t<\/div>                <\/div>                        \n\t\t\t<div class=\"field-row submit-row btn-center\">\n\t\t\t<input type=\"submit\" class=\"flo-submit-button\" style=\"\" value=\"PO\u0160LJI\">\n\t\t\t<div class=\"flo overlay-loader\">\n\t\t\t\t<div class=\"loader\">\n\t\t\t\t\t<div><\/div>\n\t\t\t\t\t<div><\/div>\n\t\t\t\t\t<div><\/div>\n\t\t\t\t\t<div><\/div>\n\t\t\t\t\t<div><\/div>\n\t\t\t\t\t<div><\/div>\n\t\t\t\t\t<div><\/div>\n\t\t\t\t<\/div>\n\t\t\t<\/div>\n\t\t<\/div>\n\n\t<\/div>\n\n\t<div class=\"flo-response\"><\/div>\n<\/form>\n\n\n\n","protected":false},"excerpt":{"rendered":"<p>&nbsp; Prijazno vaju pozdravljam. Se bli\u017ea vajin poro\u010dni dan? In Gredi\u010d vajina izbrana lokacija slavja? Morda \u0161e i\u0161\u010deta poro\u010dnega fotografa? Moje ime je Ne\u017ea Reisner. Sem poro\u010dna fotografija, ki z velikim veseljem ter tudi odgovornostjo bele\u017eim trenutke tako posebnega dne. Navdih zame predstavljajo ljudje s svojimi \u017eivljenjskimi situacijami kot tudi zanimivi kraji. Svoj na\u010din fotografiranja [&hellip;]<\/p>\n","protected":false},"author":1,"featured_media":0,"parent":0,"menu_order":0,"comment_status":"closed","ping_status":"closed","template":"","meta":{"_monsterinsights_skip_tracking":false,"_monsterinsights_sitenote_active":false,"_monsterinsights_sitenote_note":"","_monsterinsights_sitenote_category":0},"yoast_head":"<!-- This site is optimized with the Yoast SEO plugin v16.5 - https:\/\/yoast.com\/wordpress\/plugins\/seo\/ -->\n<title>Poroka Gredi\u010d | Ne\u017ea Reisner - poro\u010dna fotografija<\/title>\n<meta name=\"description\" content=\"Poroka Gredi\u010d. Gredi\u010d kot prostor poro\u010dnega slavja je primeren za ljudi z globokim ob\u010dutkom za lepoto. Poroka Gredi\u010d - Ne\u017ea Reisner | Poro\u010dni fotograf\" \/>\n<meta name=\"robots\" content=\"index, follow, max-snippet:-1, max-image-preview:large, max-video-preview:-1\" \/>\n<link rel=\"canonical\" href=\"https:\/\/nezareisner.com\/sl\/poroka-gredic\/\" \/>\n<meta property=\"og:locale\" content=\"sl_SI\" \/>\n<meta property=\"og:type\" content=\"article\" \/>\n<meta property=\"og:title\" content=\"Poroka Gredi\u010d | Ne\u017ea Reisner - poro\u010dna fotografija\" \/>\n<meta property=\"og:description\" content=\"Poroka Gredi\u010d. Gredi\u010d kot prostor poro\u010dnega slavja je primeren za ljudi z globokim ob\u010dutkom za lepoto. Poroka Gredi\u010d - Ne\u017ea Reisner | Poro\u010dni fotograf\" \/>\n<meta property=\"og:url\" content=\"https:\/\/nezareisner.com\/sl\/poroka-gredic\/\" \/>\n<meta property=\"og:site_name\" content=\"Poro\u010dna fotografija | Ne\u017ea Reisner\" \/>\n<meta property=\"article:publisher\" content=\"https:\/\/www.facebook.com\/nrfotografija\/\" \/>\n<meta property=\"article:modified_time\" content=\"2018-01-05T12:08:33+00:00\" \/>\n<meta property=\"og:image\" content=\"https:\/\/nezareisner.com\/wp-content\/uploads\/2017\/10\/Poroka-gredi\u010d-6.jpg\" \/>\n<meta name=\"twitter:card\" content=\"summary\" \/>\n<meta name=\"twitter:label1\" content=\"Est. reading time\" \/>\n\t<meta name=\"twitter:data1\" content=\"1 minuta\" \/>\n<script type=\"application\/ld+json\" class=\"yoast-schema-graph\">{\"@context\":\"https:\/\/schema.org\",\"@graph\":[{\"@type\":\"Organization\",\"@id\":\"https:\/\/nezareisner.com\/sl\/#organization\",\"name\":\"Ne\\u017ea Reisner Photography\",\"url\":\"https:\/\/nezareisner.com\/sl\/\",\"sameAs\":[\"https:\/\/www.facebook.com\/nrfotografija\/\",\"https:\/\/www.instagram.com\/nezareisnerphoto\/\"],\"logo\":{\"@type\":\"ImageObject\",\"@id\":\"https:\/\/nezareisner.com\/sl\/#logo\",\"inLanguage\":\"sl-SI\",\"url\":\"https:\/\/nezareisner.com\/wp-content\/uploads\/2017\/06\/logo-neza-reisner-1.png\",\"contentUrl\":\"https:\/\/nezareisner.com\/wp-content\/uploads\/2017\/06\/logo-neza-reisner-1.png\",\"width\":306,\"height\":306,\"caption\":\"Ne\\u017ea Reisner Photography\"},\"image\":{\"@id\":\"https:\/\/nezareisner.com\/sl\/#logo\"}},{\"@type\":\"WebSite\",\"@id\":\"https:\/\/nezareisner.com\/sl\/#website\",\"url\":\"https:\/\/nezareisner.com\/sl\/\",\"name\":\"Poro\\u010dna fotografija | Ne\\u017ea Reisner\",\"description\":\"Fotografiranje porok, novorojen\\u010dkov, dru\\u017ein, parov, zaro\\u010dna fotografija ...\",\"publisher\":{\"@id\":\"https:\/\/nezareisner.com\/sl\/#organization\"},\"potentialAction\":[{\"@type\":\"SearchAction\",\"target\":\"https:\/\/nezareisner.com\/sl\/?s={search_term_string}\",\"query-input\":\"required name=search_term_string\"}],\"inLanguage\":\"sl-SI\"},{\"@type\":\"ImageObject\",\"@id\":\"https:\/\/nezareisner.com\/sl\/poroka-gredic\/#primaryimage\",\"inLanguage\":\"sl-SI\",\"url\":\"https:\/\/nezareisner.com\/wp-content\/uploads\/2017\/10\/Poroka-gredi\\u010d-6.jpg\",\"contentUrl\":\"https:\/\/nezareisner.com\/wp-content\/uploads\/2017\/10\/Poroka-gredi\\u010d-6.jpg\",\"width\":1024,\"height\":684},{\"@type\":\"WebPage\",\"@id\":\"https:\/\/nezareisner.com\/sl\/poroka-gredic\/#webpage\",\"url\":\"https:\/\/nezareisner.com\/sl\/poroka-gredic\/\",\"name\":\"Poroka Gredi\\u010d | Ne\\u017ea Reisner - poro\\u010dna fotografija\",\"isPartOf\":{\"@id\":\"https:\/\/nezareisner.com\/sl\/#website\"},\"primaryImageOfPage\":{\"@id\":\"https:\/\/nezareisner.com\/sl\/poroka-gredic\/#primaryimage\"},\"datePublished\":\"2017-10-27T14:04:48+00:00\",\"dateModified\":\"2018-01-05T12:08:33+00:00\",\"description\":\"Poroka Gredi\\u010d. Gredi\\u010d kot prostor poro\\u010dnega slavja je primeren za ljudi z globokim ob\\u010dutkom za lepoto. Poroka Gredi\\u010d - Ne\\u017ea Reisner | Poro\\u010dni fotograf\",\"breadcrumb\":{\"@id\":\"https:\/\/nezareisner.com\/sl\/poroka-gredic\/#breadcrumb\"},\"inLanguage\":\"sl-SI\",\"potentialAction\":[{\"@type\":\"ReadAction\",\"target\":[\"https:\/\/nezareisner.com\/sl\/poroka-gredic\/\"]}]},{\"@type\":\"BreadcrumbList\",\"@id\":\"https:\/\/nezareisner.com\/sl\/poroka-gredic\/#breadcrumb\",\"itemListElement\":[{\"@type\":\"ListItem\",\"position\":1,\"name\":\"Home\",\"item\":\"https:\/\/nezareisner.com\/sl\/\"},{\"@type\":\"ListItem\",\"position\":2,\"name\":\"Poroka Gredi\\u010d\"}]}]}<\/script>\n<!-- \/ Yoast SEO plugin. -->","_links":{"self":[{"href":"https:\/\/nezareisner.com\/sl\/wp-json\/wp\/v2\/pages\/3055"}],"collection":[{"href":"https:\/\/nezareisner.com\/sl\/wp-json\/wp\/v2\/pages"}],"about":[{"href":"https:\/\/nezareisner.com\/sl\/wp-json\/wp\/v2\/types\/page"}],"author":[{"embeddable":true,"href":"https:\/\/nezareisner.com\/sl\/wp-json\/wp\/v2\/users\/1"}],"replies":[{"embeddable":true,"href":"https:\/\/nezareisner.com\/sl\/wp-json\/wp\/v2\/comments?post=3055"}],"version-history":[{"count":5,"href":"https:\/\/nezareisner.com\/sl\/wp-json\/wp\/v2\/pages\/3055\/revisions"}],"predecessor-version":[{"id":4249,"href":"https:\/\/nezareisner.com\/sl\/wp-json\/wp\/v2\/pages\/3055\/revisions\/4249"}],"wp:attachment":[{"href":"https:\/\/nezareisner.com\/sl\/wp-json\/wp\/v2\/media?parent=3055"}],"curies":[{"name":"wp","href":"https:\/\/api.w.org\/{rel}","templated":true}]}}