{"id":759,"date":"2016-12-15T16:20:21","date_gmt":"2016-12-15T16:20:21","guid":{"rendered":"http:\/\/demoflothemes.staging.wpengine.com\/fiji\/?page_id=759"},"modified":"2025-01-10T09:43:50","modified_gmt":"2025-01-10T08:43:50","slug":"o-meni","status":"publish","type":"page","link":"https:\/\/nezareisner.com\/sl\/o-meni\/","title":{"rendered":"O MENI"},"content":{"rendered":"<p><a href=\"https:\/\/nezareisner.com\/sl\/\">Sem Ne\u017ea<\/a>.<\/p>\n<p>Obo\u017eujem sprehode ob obali, vonj nove knjige, ven\u010dke iz ro\u017e, morski zrak in zvok hoje po sve\u017ee zapadlem snegu.<\/p>\n<p>Moj stil fotografiranja lahko opi\u0161em kot brez\u010dasen, romanti\u010den in ne\u017een. Poro\u010dni dan posku\u0161am ovekove\u010diti \u010dim bolj subtilno in neopazno in s tem poskrbim, da so fotografije dogajanja kar se da pristne in zajamejo prave ob\u010dutke dneva. Ko se par prepusti samo meni pred fotoaparatom, ju usmerjam in poskrbim, da je fotografiranje le kot spro\u0161\u010den sprehod, med katerim ustvarimo brez\u010dasne fotografije.<\/p>\n<p>Pomembno mi je, da ljudje nekaj za\u010dutijo, ko pogledajo <a href=\"https:\/\/nezareisner.com\/sl\/fotografiranje-porok-stanjel\/\">moje fotografije<\/a>. Brez \u010dustev pri fotografijah, ni ni\u010desar. Zato sem \u0161e posebej vesela, da je moje delo <a href=\"https:\/\/nezareisner.com\/sl\/porocni-fotograf\/\">fotografiranje porok<\/a>, saj so tam vedno na prvem mestu.<\/p>\n<p>\u010ce vam je v\u0161e\u010d <a href=\"http:\/\/jadorephotography.si\/\">moj<\/a> <a href=\"https:\/\/nezareisner.com\/sl\/fotografiranje-porok\/\">stil fotografiranja<\/a>, <a href=\"https:\/\/nezareisner.com\/sl\/kontakt\/\">mi pi\u0161ite<\/a>. Prepri\u010dana sem, da lahko skupaj ustvarimo nekaj \u010dudovitega.<\/p>\n","protected":false},"excerpt":{"rendered":"<p>Sem Ne\u017ea. Obo\u017eujem sprehode ob obali, vonj nove knjige, ven\u010dke iz ro\u017e, morski zrak in zvok hoje po sve\u017ee zapadlem snegu. Moj stil fotografiranja lahko opi\u0161em kot brez\u010dasen, romanti\u010den in ne\u017een. Poro\u010dni dan posku\u0161am ovekove\u010diti \u010dim bolj subtilno in neopazno in s tem poskrbim, da so fotografije dogajanja kar se da pristne in zajamejo prave [&hellip;]<\/p>\n","protected":false},"author":1,"featured_media":1074,"parent":0,"menu_order":0,"comment_status":"closed","ping_status":"closed","template":"classy-template-about","meta":{"_monsterinsights_skip_tracking":false,"_monsterinsights_sitenote_active":false,"_monsterinsights_sitenote_note":"","_monsterinsights_sitenote_category":0},"yoast_head":"<!-- This site is optimized with the Yoast SEO plugin v16.5 - https:\/\/yoast.com\/wordpress\/plugins\/seo\/ -->\n<title>Fotograf - Ne\u017ea Reisner | Dru\u017einska in poro\u010dna fotografija<\/title>\n<meta name=\"description\" content=\"Fotograf. Zavedam se, da ni enostavno stati na drugi strani objektiva, zato se bom \u0161e posebej potrudila, da bo izku\u0161nja prijazna in spro\u0161\u010dena. Fotograf\" \/>\n<meta name=\"robots\" content=\"index, follow, max-snippet:-1, max-image-preview:large, max-video-preview:-1\" \/>\n<link rel=\"canonical\" href=\"https:\/\/nezareisner.com\/sl\/o-meni\/\" \/>\n<meta property=\"og:locale\" content=\"sl_SI\" \/>\n<meta property=\"og:type\" content=\"article\" \/>\n<meta property=\"og:title\" content=\"Fotograf - Ne\u017ea Reisner | Dru\u017einska in poro\u010dna fotografija\" \/>\n<meta property=\"og:description\" content=\"Fotograf. Zavedam se, da ni enostavno stati na drugi strani objektiva, zato se bom \u0161e posebej potrudila, da bo izku\u0161nja prijazna in spro\u0161\u010dena. Fotograf\" \/>\n<meta property=\"og:url\" content=\"https:\/\/nezareisner.com\/sl\/o-meni\/\" \/>\n<meta property=\"og:site_name\" content=\"Poro\u010dna fotografija | Ne\u017ea Reisner\" \/>\n<meta property=\"article:publisher\" content=\"https:\/\/www.facebook.com\/nrfotografija\/\" \/>\n<meta property=\"article:modified_time\" content=\"2025-01-10T08:43:50+00:00\" \/>\n<meta property=\"og:image\" content=\"https:\/\/nezareisner.com\/wp-content\/uploads\/2016\/12\/about-me.jpg\" \/>\n\t<meta property=\"og:image:width\" content=\"1282\" \/>\n\t<meta property=\"og:image:height\" content=\"1920\" \/>\n<meta name=\"twitter:card\" content=\"summary\" \/>\n<meta name=\"twitter:label1\" content=\"Est. reading time\" \/>\n\t<meta name=\"twitter:data1\" content=\"1 minuta\" \/>\n<script type=\"application\/ld+json\" class=\"yoast-schema-graph\">{\"@context\":\"https:\/\/schema.org\",\"@graph\":[{\"@type\":\"Organization\",\"@id\":\"https:\/\/nezareisner.com\/sl\/#organization\",\"name\":\"Ne\\u017ea Reisner Photography\",\"url\":\"https:\/\/nezareisner.com\/sl\/\",\"sameAs\":[\"https:\/\/www.facebook.com\/nrfotografija\/\",\"https:\/\/www.instagram.com\/nezareisnerphoto\/\"],\"logo\":{\"@type\":\"ImageObject\",\"@id\":\"https:\/\/nezareisner.com\/sl\/#logo\",\"inLanguage\":\"sl-SI\",\"url\":\"https:\/\/nezareisner.com\/wp-content\/uploads\/2017\/06\/logo-neza-reisner-1.png\",\"contentUrl\":\"https:\/\/nezareisner.com\/wp-content\/uploads\/2017\/06\/logo-neza-reisner-1.png\",\"width\":306,\"height\":306,\"caption\":\"Ne\\u017ea Reisner Photography\"},\"image\":{\"@id\":\"https:\/\/nezareisner.com\/sl\/#logo\"}},{\"@type\":\"WebSite\",\"@id\":\"https:\/\/nezareisner.com\/sl\/#website\",\"url\":\"https:\/\/nezareisner.com\/sl\/\",\"name\":\"Poro\\u010dna fotografija | Ne\\u017ea Reisner\",\"description\":\"Fotografiranje porok, novorojen\\u010dkov, dru\\u017ein, parov, zaro\\u010dna fotografija ...\",\"publisher\":{\"@id\":\"https:\/\/nezareisner.com\/sl\/#organization\"},\"potentialAction\":[{\"@type\":\"SearchAction\",\"target\":\"https:\/\/nezareisner.com\/sl\/?s={search_term_string}\",\"query-input\":\"required name=search_term_string\"}],\"inLanguage\":\"sl-SI\"},{\"@type\":\"ImageObject\",\"@id\":\"https:\/\/nezareisner.com\/sl\/o-meni\/#primaryimage\",\"inLanguage\":\"sl-SI\",\"url\":\"https:\/\/nezareisner.com\/wp-content\/uploads\/2016\/12\/about-me.jpg\",\"contentUrl\":\"https:\/\/nezareisner.com\/wp-content\/uploads\/2016\/12\/about-me.jpg\",\"width\":1282,\"height\":1920},{\"@type\":\"WebPage\",\"@id\":\"https:\/\/nezareisner.com\/sl\/o-meni\/#webpage\",\"url\":\"https:\/\/nezareisner.com\/sl\/o-meni\/\",\"name\":\"Fotograf - Ne\\u017ea Reisner | Dru\\u017einska in poro\\u010dna fotografija\",\"isPartOf\":{\"@id\":\"https:\/\/nezareisner.com\/sl\/#website\"},\"primaryImageOfPage\":{\"@id\":\"https:\/\/nezareisner.com\/sl\/o-meni\/#primaryimage\"},\"datePublished\":\"2016-12-15T16:20:21+00:00\",\"dateModified\":\"2025-01-10T08:43:50+00:00\",\"description\":\"Fotograf. Zavedam se, da ni enostavno stati na drugi strani objektiva, zato se bom \\u0161e posebej potrudila, da bo izku\\u0161nja prijazna in spro\\u0161\\u010dena. Fotograf\",\"breadcrumb\":{\"@id\":\"https:\/\/nezareisner.com\/sl\/o-meni\/#breadcrumb\"},\"inLanguage\":\"sl-SI\",\"potentialAction\":[{\"@type\":\"ReadAction\",\"target\":[\"https:\/\/nezareisner.com\/sl\/o-meni\/\"]}]},{\"@type\":\"BreadcrumbList\",\"@id\":\"https:\/\/nezareisner.com\/sl\/o-meni\/#breadcrumb\",\"itemListElement\":[{\"@type\":\"ListItem\",\"position\":1,\"name\":\"Home\",\"item\":\"https:\/\/nezareisner.com\/sl\/\"},{\"@type\":\"ListItem\",\"position\":2,\"name\":\"O MENI\"}]}]}<\/script>\n<!-- \/ Yoast SEO plugin. -->","_links":{"self":[{"href":"https:\/\/nezareisner.com\/sl\/wp-json\/wp\/v2\/pages\/759"}],"collection":[{"href":"https:\/\/nezareisner.com\/sl\/wp-json\/wp\/v2\/pages"}],"about":[{"href":"https:\/\/nezareisner.com\/sl\/wp-json\/wp\/v2\/types\/page"}],"author":[{"embeddable":true,"href":"https:\/\/nezareisner.com\/sl\/wp-json\/wp\/v2\/users\/1"}],"replies":[{"embeddable":true,"href":"https:\/\/nezareisner.com\/sl\/wp-json\/wp\/v2\/comments?post=759"}],"version-history":[{"count":25,"href":"https:\/\/nezareisner.com\/sl\/wp-json\/wp\/v2\/pages\/759\/revisions"}],"predecessor-version":[{"id":10017,"href":"https:\/\/nezareisner.com\/sl\/wp-json\/wp\/v2\/pages\/759\/revisions\/10017"}],"wp:featuredmedia":[{"embeddable":true,"href":"https:\/\/nezareisner.com\/sl\/wp-json\/wp\/v2\/media\/1074"}],"wp:attachment":[{"href":"https:\/\/nezareisner.com\/sl\/wp-json\/wp\/v2\/media?parent=759"}],"curies":[{"name":"wp","href":"https:\/\/api.w.org\/{rel}","templated":true}]}}