{"id":776,"date":"2016-12-15T17:05:03","date_gmt":"2016-12-15T16:05:03","guid":{"rendered":"http:\/\/demoflothemes.staging.wpengine.com\/fiji\/?page_id=773"},"modified":"2025-01-09T11:44:35","modified_gmt":"2025-01-09T10:44:35","slug":"blog","status":"publish","type":"page","link":"https:\/\/nezareisner.com\/sl\/blog\/","title":{"rendered":"ZGODBE"},"content":{"rendered":"","protected":false},"excerpt":{"rendered":"","protected":false},"author":1,"featured_media":0,"parent":0,"menu_order":0,"comment_status":"closed","ping_status":"closed","template":"classy-template-listing","meta":{"_monsterinsights_skip_tracking":false,"_monsterinsights_sitenote_active":false,"_monsterinsights_sitenote_note":"","_monsterinsights_sitenote_category":0},"yoast_head":"<!-- This site is optimized with the Yoast SEO plugin v16.5 - https:\/\/yoast.com\/wordpress\/plugins\/seo\/ -->\n<title>Blog | Ne\u017ea Reisner - Dru\u017einska in Poro\u010dna Fotografija<\/title>\n<meta name=\"description\" content=\"Blog. Tukaj so objavljene vse moje fotografske zgodbe, tako dru\u017einske kot poro\u010dne. Blog | Ne\u017ea Reisner - Dru\u017einska in Poro\u010dna Fotografija\" \/>\n<meta name=\"robots\" content=\"index, follow, max-snippet:-1, max-image-preview:large, max-video-preview:-1\" \/>\n<link rel=\"canonical\" href=\"https:\/\/nezareisner.com\/sl\/blog\/\" \/>\n<meta property=\"og:locale\" content=\"sl_SI\" \/>\n<meta property=\"og:type\" content=\"article\" \/>\n<meta property=\"og:title\" content=\"Blog | Ne\u017ea Reisner - Dru\u017einska in Poro\u010dna Fotografija\" \/>\n<meta property=\"og:description\" content=\"Blog. Tukaj so objavljene vse moje fotografske zgodbe, tako dru\u017einske kot poro\u010dne. Blog | Ne\u017ea Reisner - Dru\u017einska in Poro\u010dna Fotografija\" \/>\n<meta property=\"og:url\" content=\"https:\/\/nezareisner.com\/sl\/blog\/\" \/>\n<meta property=\"og:site_name\" content=\"Poro\u010dna fotografija | Ne\u017ea Reisner\" \/>\n<meta property=\"article:publisher\" content=\"https:\/\/www.facebook.com\/nrfotografija\/\" \/>\n<meta property=\"article:modified_time\" content=\"2025-01-09T10:44:35+00:00\" \/>\n<meta name=\"twitter:card\" content=\"summary\" \/>\n<script type=\"application\/ld+json\" class=\"yoast-schema-graph\">{\"@context\":\"https:\/\/schema.org\",\"@graph\":[{\"@type\":\"Organization\",\"@id\":\"https:\/\/nezareisner.com\/sl\/#organization\",\"name\":\"Ne\\u017ea Reisner Photography\",\"url\":\"https:\/\/nezareisner.com\/sl\/\",\"sameAs\":[\"https:\/\/www.facebook.com\/nrfotografija\/\",\"https:\/\/www.instagram.com\/nezareisnerphoto\/\"],\"logo\":{\"@type\":\"ImageObject\",\"@id\":\"https:\/\/nezareisner.com\/sl\/#logo\",\"inLanguage\":\"sl-SI\",\"url\":\"https:\/\/nezareisner.com\/wp-content\/uploads\/2017\/06\/logo-neza-reisner-1.png\",\"contentUrl\":\"https:\/\/nezareisner.com\/wp-content\/uploads\/2017\/06\/logo-neza-reisner-1.png\",\"width\":306,\"height\":306,\"caption\":\"Ne\\u017ea Reisner Photography\"},\"image\":{\"@id\":\"https:\/\/nezareisner.com\/sl\/#logo\"}},{\"@type\":\"WebSite\",\"@id\":\"https:\/\/nezareisner.com\/sl\/#website\",\"url\":\"https:\/\/nezareisner.com\/sl\/\",\"name\":\"Poro\\u010dna fotografija | Ne\\u017ea Reisner\",\"description\":\"Fotografiranje porok, novorojen\\u010dkov, dru\\u017ein, parov, zaro\\u010dna fotografija ...\",\"publisher\":{\"@id\":\"https:\/\/nezareisner.com\/sl\/#organization\"},\"potentialAction\":[{\"@type\":\"SearchAction\",\"target\":\"https:\/\/nezareisner.com\/sl\/?s={search_term_string}\",\"query-input\":\"required name=search_term_string\"}],\"inLanguage\":\"sl-SI\"},{\"@type\":\"WebPage\",\"@id\":\"https:\/\/nezareisner.com\/sl\/blog\/#webpage\",\"url\":\"https:\/\/nezareisner.com\/sl\/blog\/\",\"name\":\"Blog | Ne\\u017ea Reisner - Dru\\u017einska in Poro\\u010dna Fotografija\",\"isPartOf\":{\"@id\":\"https:\/\/nezareisner.com\/sl\/#website\"},\"datePublished\":\"2016-12-15T16:05:03+00:00\",\"dateModified\":\"2025-01-09T10:44:35+00:00\",\"description\":\"Blog. Tukaj so objavljene vse moje fotografske zgodbe, tako dru\\u017einske kot poro\\u010dne. Blog | Ne\\u017ea Reisner - Dru\\u017einska in Poro\\u010dna Fotografija\",\"breadcrumb\":{\"@id\":\"https:\/\/nezareisner.com\/sl\/blog\/#breadcrumb\"},\"inLanguage\":\"sl-SI\",\"potentialAction\":[{\"@type\":\"ReadAction\",\"target\":[\"https:\/\/nezareisner.com\/sl\/blog\/\"]}]},{\"@type\":\"BreadcrumbList\",\"@id\":\"https:\/\/nezareisner.com\/sl\/blog\/#breadcrumb\",\"itemListElement\":[{\"@type\":\"ListItem\",\"position\":1,\"name\":\"Home\",\"item\":\"https:\/\/nezareisner.com\/sl\/\"},{\"@type\":\"ListItem\",\"position\":2,\"name\":\"ZGODBE\"}]}]}<\/script>\n<!-- \/ Yoast SEO plugin. -->","_links":{"self":[{"href":"https:\/\/nezareisner.com\/sl\/wp-json\/wp\/v2\/pages\/776"}],"collection":[{"href":"https:\/\/nezareisner.com\/sl\/wp-json\/wp\/v2\/pages"}],"about":[{"href":"https:\/\/nezareisner.com\/sl\/wp-json\/wp\/v2\/types\/page"}],"author":[{"embeddable":true,"href":"https:\/\/nezareisner.com\/sl\/wp-json\/wp\/v2\/users\/1"}],"replies":[{"embeddable":true,"href":"https:\/\/nezareisner.com\/sl\/wp-json\/wp\/v2\/comments?post=776"}],"version-history":[{"count":12,"href":"https:\/\/nezareisner.com\/sl\/wp-json\/wp\/v2\/pages\/776\/revisions"}],"predecessor-version":[{"id":9860,"href":"https:\/\/nezareisner.com\/sl\/wp-json\/wp\/v2\/pages\/776\/revisions\/9860"}],"wp:attachment":[{"href":"https:\/\/nezareisner.com\/sl\/wp-json\/wp\/v2\/media?parent=776"}],"curies":[{"name":"wp","href":"https:\/\/api.w.org\/{rel}","templated":true}]}}